{"id":17,"date":"2021-03-18T12:57:21","date_gmt":"2021-03-18T11:57:21","guid":{"rendered":"https:\/\/erlebnis-tanz.org\/bb\/?page_id=17"},"modified":"2025-09-02T17:25:24","modified_gmt":"2025-09-02T15:25:24","slug":"ueber-uns","status":"publish","type":"page","link":"https:\/\/erlebnis-tanz.org\/bb\/ueber-uns\/","title":{"rendered":"\u00dcber uns"},"content":{"rendered":"<div class=\"pbs-main-wrapper\"><p>Seit dem 1. M\u00e4rz 2025 sind wir der Landesverband Berlin-Brandenburg \/ Sachsen-Anhalt<\/p>\n<p>Wir bringen regelm\u00e4\u00dfig fast 2500 T\u00e4nzerinnen und T\u00e4nzer mit ErlebnisTanz in Schwung.<\/p>\n<p>In sechs Arbeitskreisen f\u00fcr Seniorentanz und einem Arbeitskreis f\u00fcr Tanzen im Sitzen treffen sich TanzleiterInnen und Mitt\u00e4nzerInnen zum regen Austausch, intensivem Tanzen und zur Weiterbildung.<\/p>\n<p>Wir sind ein Verbund aus Landesverband Berlin-Brandenburg, der 2003 aus dem Zusammenschluss vom Landesverband Berlin (im Jahr 1981 gegr\u00fcndet) und Landesverband Brandenburg entstand und dem Landesverband Sachsen-Anhalt (im Jahr 1994 gegr\u00fcndet).<\/p>\n<p><strong>Landesvorstand<\/strong><\/p>\n<p>Renate Sch\u00fcbel, Blumberger Damm 184, 12679 Berlin, 0176 21867454<\/p>\n<p style=\"margin-bottom: 20px\"><a href=\"mailto:vorsitz-bs@erlebnis-tanz.de\"><img loading=\"lazy\" decoding=\"async\" class=\"alignnone\" src=\"https:\/\/erlebnis-tanz.org\/bb\/wp-content\/uploads\/sites\/6\/2021\/03\/Email-icon.png\" alt=\"\" width=\"24\" height=\"17\" \/><\/a><\/p>\n<div id=\"attachment_227\" style=\"width: 310px\" class=\"wp-caption alignnone\"><img loading=\"lazy\" decoding=\"async\" aria-describedby=\"caption-attachment-227\" class=\"wp-image-227 size-medium\" src=\"https:\/\/erlebnis-tanz.org\/bb\/wp-content\/uploads\/sites\/6\/2025\/04\/20250301_1451451-300x225.jpg\" alt=\"\" width=\"300\" height=\"225\" srcset=\"https:\/\/erlebnis-tanz.org\/bb\/wp-content\/uploads\/sites\/6\/2025\/04\/20250301_1451451-300x225.jpg 300w, https:\/\/erlebnis-tanz.org\/bb\/wp-content\/uploads\/sites\/6\/2025\/04\/20250301_1451451-1024x768.jpg 1024w, https:\/\/erlebnis-tanz.org\/bb\/wp-content\/uploads\/sites\/6\/2025\/04\/20250301_1451451-768x576.jpg 768w, https:\/\/erlebnis-tanz.org\/bb\/wp-content\/uploads\/sites\/6\/2025\/04\/20250301_1451451-1536x1152.jpg 1536w, https:\/\/erlebnis-tanz.org\/bb\/wp-content\/uploads\/sites\/6\/2025\/04\/20250301_1451451-2048x1536.jpg 2048w\" sizes=\"auto, (max-width: 300px) 100vw, 300px\" \/><p id=\"caption-attachment-227\" class=\"wp-caption-text\">Gr\u00fcndungstag Landesverband Berlin-Brandenburg \/ Sachsen-Anhalt<\/p><\/div>\n<p>&nbsp;<\/p>\n<p style=\"margin-top: -28px\">v.l.n.r:<br \/>\nDagmar Lahn, Mechthild Manhart,<br \/>\nDr. Marion Schmohl (Mitgliederverwaltung und Schriftf\u00fchrerin),<br \/>\nRenate Sch\u00fcbel (Landesvorsitzende),<br \/>\nRomy Gro\u00dfe (stellv. Landesvorsitzende),<br \/>\nMarlies Kaspareit (Schatzmeisterin)<\/p>\n<\/div>","protected":false},"excerpt":{"rendered":"<p>Seit dem 1. M\u00e4rz 2025 sind wir der Landesverband Berlin-Brandenburg \/ Sachsen-Anhalt Wir bringen regelm\u00e4\u00dfig fast 2500 T\u00e4nzerinnen und T\u00e4nzer mit ErlebnisTanz in Schwung. In sechs Arbeitskreisen f\u00fcr Seniorentanz und &hellip;<\/p>\n","protected":false},"author":1,"featured_media":0,"parent":0,"menu_order":0,"comment_status":"closed","ping_status":"closed","template":"fullwidth.php","meta":{"footnotes":""},"class_list":["post-17","page","type-page","status-publish","hentry"],"_links":{"self":[{"href":"https:\/\/erlebnis-tanz.org\/bb\/wp-json\/wp\/v2\/pages\/17","targetHints":{"allow":["GET"]}}],"collection":[{"href":"https:\/\/erlebnis-tanz.org\/bb\/wp-json\/wp\/v2\/pages"}],"about":[{"href":"https:\/\/erlebnis-tanz.org\/bb\/wp-json\/wp\/v2\/types\/page"}],"author":[{"embeddable":true,"href":"https:\/\/erlebnis-tanz.org\/bb\/wp-json\/wp\/v2\/users\/1"}],"replies":[{"embeddable":true,"href":"https:\/\/erlebnis-tanz.org\/bb\/wp-json\/wp\/v2\/comments?post=17"}],"version-history":[{"count":16,"href":"https:\/\/erlebnis-tanz.org\/bb\/wp-json\/wp\/v2\/pages\/17\/revisions"}],"predecessor-version":[{"id":254,"href":"https:\/\/erlebnis-tanz.org\/bb\/wp-json\/wp\/v2\/pages\/17\/revisions\/254"}],"wp:attachment":[{"href":"https:\/\/erlebnis-tanz.org\/bb\/wp-json\/wp\/v2\/media?parent=17"}],"curies":[{"name":"wp","href":"https:\/\/api.w.org\/{rel}","templated":true}]}}