{"id":21,"date":"2021-03-18T12:58:22","date_gmt":"2021-03-18T11:58:22","guid":{"rendered":"https:\/\/erlebnis-tanz.org\/bb\/?page_id=21"},"modified":"2025-04-03T23:29:56","modified_gmt":"2025-04-03T21:29:56","slug":"aktuelles","status":"publish","type":"page","link":"https:\/\/erlebnis-tanz.org\/bb\/aktuelles\/","title":{"rendered":"Aktuelles aus dem Landesverband"},"content":{"rendered":"<div class=\"pbs-main-wrapper\"><ul>\n<li style=\"text-align: left\"><img loading=\"lazy\" decoding=\"async\" class=\"alignnone wp-image-191 alignleft\" src=\"https:\/\/erlebnis-tanz.org\/bb\/wp-content\/uploads\/sites\/6\/2023\/01\/Verena-Seider-2-229x300.jpg\" alt=\"\" width=\"76\" height=\"100\" srcset=\"https:\/\/erlebnis-tanz.org\/bb\/wp-content\/uploads\/sites\/6\/2023\/01\/Verena-Seider-2-229x300.jpg 229w, https:\/\/erlebnis-tanz.org\/bb\/wp-content\/uploads\/sites\/6\/2023\/01\/Verena-Seider-2-780x1024.jpg 780w, https:\/\/erlebnis-tanz.org\/bb\/wp-content\/uploads\/sites\/6\/2023\/01\/Verena-Seider-2-768x1008.jpg 768w, https:\/\/erlebnis-tanz.org\/bb\/wp-content\/uploads\/sites\/6\/2023\/01\/Verena-Seider-2-1170x1536.jpg 1170w, https:\/\/erlebnis-tanz.org\/bb\/wp-content\/uploads\/sites\/6\/2023\/01\/Verena-Seider-2.jpg 1455w\" sizes=\"auto, (max-width: 76px) 100vw, 76px\" \/> <strong>Nachruf \u00a0\u00a0\u00a0\u00a0\u00a0<\/strong><\/li>\n<\/ul>\n<p>Der Landesverband Berlin-Brandenburg-Sachsen-Anhalt trauert um Verena Seider.<\/p>\n<p>Am 21.Dezember 2022 verstarb im Alter von 83 Jahren unser langj\u00e4hriges Mitglied und Tanzleiterin Verena Seider.<\/p>\n<p>Seit 1999 im Bundesverband Seniorentanz absolvierte sie die Ausbildung zur Tanzleiterin und leitete neben ihrer Tanzgruppe \u00fcber viele Jahre einen Arbeitskreis. Dabei k\u00fcmmerte sie sich besonders intensiv um die Betreuung der neuen Tanzleiter, die sich in der Ausbildung befanden, sorgte aber auch f\u00fcr ein geselliges Vereinsleben mit vielen sch\u00f6nen Erlebnissen f\u00fcr alle Mitglieder. Ihre Kenntnisse, die sie sich selbst neben der Weiterbildung durch mannigfaltige Tanzreisen erwarb, gab sie gern an uns weiter. Ihr soziales Engagement war f\u00fcr uns bewundernswert. Auch w\u00e4hrend ihrer Krankheit, die ihr das aktive Tanzen nicht erlaubte, stand sie uns noch immer stets mit Rat zur Seite. Wir werden sie vermissen.<\/p>\n<h4><\/h4>\n<p>&nbsp;<\/p>\n<\/div>","protected":false},"excerpt":{"rendered":"<p>Nachruf \u00a0\u00a0\u00a0\u00a0\u00a0 Der Landesverband Berlin-Brandenburg-Sachsen-Anhalt trauert um Verena Seider. Am 21.Dezember 2022 verstarb im Alter von 83 Jahren unser langj\u00e4hriges Mitglied und Tanzleiterin Verena Seider. Seit 1999 im Bundesverband Seniorentanz &hellip;<\/p>\n","protected":false},"author":1,"featured_media":0,"parent":0,"menu_order":0,"comment_status":"closed","ping_status":"closed","template":"fullwidth.php","meta":{"footnotes":""},"class_list":["post-21","page","type-page","status-publish","hentry"],"_links":{"self":[{"href":"https:\/\/erlebnis-tanz.org\/bb\/wp-json\/wp\/v2\/pages\/21","targetHints":{"allow":["GET"]}}],"collection":[{"href":"https:\/\/erlebnis-tanz.org\/bb\/wp-json\/wp\/v2\/pages"}],"about":[{"href":"https:\/\/erlebnis-tanz.org\/bb\/wp-json\/wp\/v2\/types\/page"}],"author":[{"embeddable":true,"href":"https:\/\/erlebnis-tanz.org\/bb\/wp-json\/wp\/v2\/users\/1"}],"replies":[{"embeddable":true,"href":"https:\/\/erlebnis-tanz.org\/bb\/wp-json\/wp\/v2\/comments?post=21"}],"version-history":[{"count":10,"href":"https:\/\/erlebnis-tanz.org\/bb\/wp-json\/wp\/v2\/pages\/21\/revisions"}],"predecessor-version":[{"id":232,"href":"https:\/\/erlebnis-tanz.org\/bb\/wp-json\/wp\/v2\/pages\/21\/revisions\/232"}],"wp:attachment":[{"href":"https:\/\/erlebnis-tanz.org\/bb\/wp-json\/wp\/v2\/media?parent=21"}],"curies":[{"name":"wp","href":"https:\/\/api.w.org\/{rel}","templated":true}]}}