{"id":23,"date":"2021-03-18T12:58:46","date_gmt":"2021-03-18T11:58:46","guid":{"rendered":"https:\/\/erlebnis-tanz.org\/bb\/?page_id=23"},"modified":"2025-09-02T17:22:05","modified_gmt":"2025-09-02T15:22:05","slug":"veranstaltungen","status":"publish","type":"page","link":"https:\/\/erlebnis-tanz.org\/bb\/veranstaltungen\/","title":{"rendered":"Veranstaltungen"},"content":{"rendered":"<div class=\"pbs-main-wrapper\"><h3>Zur Zeit gibt es kein gro\u00dfes Event in unserem Tanzplan.<\/h3>\n<h3>Aber viele sch\u00f6ne Events in der ganzen Region -&gt;<\/h3>\n<p><img loading=\"lazy\" decoding=\"async\" class=\"size-medium wp-image-248 alignright\" style=\"height: auto;width: 368px\" src=\"https:\/\/erlebnis-tanz.org\/bb\/wp-content\/uploads\/sites\/6\/2025\/07\/Tanzschlange-233x300.jpg\" alt=\"\" width=\"368\" height=\"473\" srcset=\"https:\/\/erlebnis-tanz.org\/bb\/wp-content\/uploads\/sites\/6\/2025\/07\/Tanzschlange-233x300.jpg 233w, https:\/\/erlebnis-tanz.org\/bb\/wp-content\/uploads\/sites\/6\/2025\/07\/Tanzschlange-795x1024.jpg 795w, https:\/\/erlebnis-tanz.org\/bb\/wp-content\/uploads\/sites\/6\/2025\/07\/Tanzschlange-768x990.jpg 768w, https:\/\/erlebnis-tanz.org\/bb\/wp-content\/uploads\/sites\/6\/2025\/07\/Tanzschlange.jpg 1039w\" sizes=\"auto, (max-width: 368px) 100vw, 368px\" \/><\/p>\n<ul style=\"font-size: 22px\">\n<li>In \u00fcber 150 Tanzgruppen sind Sie eingeladen mit uns zu Melodien aus der ganzen Welt, unterschiedlichsten Rhythmen, neuen und alten Choreographien abwechslungreiche T\u00e4nze zu lernen.<\/li>\n<li>Unsere gut ausgebildeten Tanzleiterinnen \u00fcben geduldig alle Schritte gemeinsam in der Gruppe, Seniorinnen aus der Region nehmen Sie mit in die Reihe oder in den Kreis auf \u2013 so wird es ein\u00a0charmantes <span style=\"font-weight: bold\">TanzErlebnis<\/span> f\u00fcr Alle.<\/li>\n<li>Auf diese Art haben Sie Sport und Ged\u00e4chtnistraining in einem und eventuell ein neues Hobby, das Beweglichkeit, Balance und\u00a0Geselligkeit f\u00f6rdert.<\/li>\n<li>Schauen Sie im Suchfeld Tanzgruppen nach dem n\u00e4chsten Tanzkreis in Wohnn\u00e4he.<br \/>\nDie entsprechenden Arbeitskreisleiterinnen\u00a0helfen ihnen gerne weiter, telefonisch oder per\u00a0E-Mail<\/li>\n<li>Berlin Charlottenburg &#8211; Marlies Kluge-Cwojdzinski &lt;ak-charlottenburg-bs@erlebnis-tanz.de&gt;<\/li>\n<li>Berlin Wittenau &#8211; Marianne Freyer &lt;ak-wittenau-bs@erlebnis-tanz.de&gt;<\/li>\n<li>Potsdam &#8211; Barbara Rickert &lt;ak-potsdam-bs@erlebnis-tanz.de&gt;<\/li>\n<li>Halle &#8211; Mechthild Manhart &lt;ak-halle-bs@erlebnis-tanz.de&gt;<\/li>\n<li>Halberstadt &#8211; Esther Haertel &lt;ak-halberstadt-bs@erlebnis-tanz.de&gt;<\/li>\n<li>Magdeburg &#8211; Sybille L. &lt;ak-magdeburg-bs@erlebnis-tanz.de&gt;<\/li>\n<li>AK Tanzen im Sitzen &#8211; Maike Biesgen &lt;aktis-bs@erlebnis-tanz.de&gt;<\/li>\n<\/ul>\n<div><\/div>\n<\/div>","protected":false},"excerpt":{"rendered":"<p>Zur Zeit gibt es kein gro\u00dfes Event in unserem Tanzplan. Aber viele sch\u00f6ne Events in der ganzen Region -&gt; In \u00fcber 150 Tanzgruppen sind Sie eingeladen mit uns zu Melodien &hellip;<\/p>\n","protected":false},"author":1,"featured_media":0,"parent":0,"menu_order":0,"comment_status":"closed","ping_status":"closed","template":"fullwidth.php","meta":{"footnotes":""},"class_list":["post-23","page","type-page","status-publish","hentry"],"_links":{"self":[{"href":"https:\/\/erlebnis-tanz.org\/bb\/wp-json\/wp\/v2\/pages\/23","targetHints":{"allow":["GET"]}}],"collection":[{"href":"https:\/\/erlebnis-tanz.org\/bb\/wp-json\/wp\/v2\/pages"}],"about":[{"href":"https:\/\/erlebnis-tanz.org\/bb\/wp-json\/wp\/v2\/types\/page"}],"author":[{"embeddable":true,"href":"https:\/\/erlebnis-tanz.org\/bb\/wp-json\/wp\/v2\/users\/1"}],"replies":[{"embeddable":true,"href":"https:\/\/erlebnis-tanz.org\/bb\/wp-json\/wp\/v2\/comments?post=23"}],"version-history":[{"count":13,"href":"https:\/\/erlebnis-tanz.org\/bb\/wp-json\/wp\/v2\/pages\/23\/revisions"}],"predecessor-version":[{"id":255,"href":"https:\/\/erlebnis-tanz.org\/bb\/wp-json\/wp\/v2\/pages\/23\/revisions\/255"}],"wp:attachment":[{"href":"https:\/\/erlebnis-tanz.org\/bb\/wp-json\/wp\/v2\/media?parent=23"}],"curies":[{"name":"wp","href":"https:\/\/api.w.org\/{rel}","templated":true}]}}