{"id":40,"date":"2021-03-18T13:01:47","date_gmt":"2021-03-18T12:01:47","guid":{"rendered":"https:\/\/erlebnis-tanz.org\/bb\/?page_id=40"},"modified":"2022-07-12T16:44:49","modified_gmt":"2022-07-12T14:44:49","slug":"veranstaltungsnachlese","status":"publish","type":"page","link":"https:\/\/erlebnis-tanz.org\/bb\/veranstaltungsnachlese\/","title":{"rendered":"Veranstaltungsnachlese"},"content":{"rendered":"<div class=\"pbs-main-wrapper\"><h4 style=\"margin-top: 0px\">  Unsere Bank&nbsp;steht!  <\/h4>\n<p>Die von uns w\u00e4hrend der IGA gespendete Bank in den G\u00e4rten der Welt steht nun f\u00fcr Erholungsuchende bereit.<\/p>\n<div class=\"pbs-row\" style=\"min-height: 200px\">\n<div class=\"pbs-col\" style=\"justify-content: center;padding-right: 553px\">\n<p><img decoding=\"async\" alt class=\"aligncenter size-full wp-image-78\" height=\"300\" loading=\"lazy\" src=\"https:\/\/erlebnis-tanz.org\/bb\/wp-content\/uploads\/sites\/6\/2021\/03\/Bank-2.jpg\" style=\"height: auto;width: 401px\" width=\"401\"><\/p>\n<\/div>\n<\/div>\n<p style=\"margin-top: -30px;margin-bottom: 40px\">Foto: Gr\u00fcn Berlin<\/p>\n<h4 style=\"margin-top: 40px\">  Tanzfest des Berliner Turn und Freizeitsport-Bundes<br \/> in der Sch\u00f6neberger Sporthalle und wir sind dabei!  <\/h4>\n<div class=\"pbs-row\" style=\"min-height: 200px\">\n<div class=\"pbs-col\" style=\"justify-content: center;flex-basis: 50%\">\n<p><img decoding=\"async\" alt class=\"aligncenter size-full wp-image-80\" height=\"300\" loading=\"lazy\" src=\"https:\/\/erlebnis-tanz.org\/bb\/wp-content\/uploads\/sites\/6\/2021\/03\/IMG_5524.jpg\" style=\"height: auto;width: 451px\" width=\"451\"><\/p>\n<\/div>\n<div class=\"pbs-col\" style=\"flex-grow: 1;justify-content: center;flex-basis: 50%\">\n<p><img decoding=\"async\" alt class=\"aligncenter size-full wp-image-79\" height=\"300\" loading=\"lazy\" src=\"https:\/\/erlebnis-tanz.org\/bb\/wp-content\/uploads\/sites\/6\/2021\/03\/IMG_5514.jpg\" style=\"height: auto;width: 451px\" width=\"451\"><\/p>\n<\/div>\n<\/div>\n<p style=\"margin-top: -31px\">Fotos: Nicole Gre\u00dfner<\/p>\n<h4 style=\"margin-top: 40px\">  Wahl des neuen Landesvorstandes am 19. M\u00e4rz 2022  <\/h4>\n<p>Was lange w\u00e4hrt, wird endlich gut. Endlich konnten wir uns zur Wahl des neuen Vorstandes im Saal der Emmaus-Gemeinde in Zehlendorf treffen. Nach den einzelnen Berichten des Landesvorstandes und der Entlastung des alten Vorstandes f\u00fchrte Vivian Metzger uns souver\u00e4n und kompetent durch das Wahlverfahren. Als neue Landesvorsitzende wurde Maria Heise (links im Bild) gew\u00e4hlt, die diese Funktion schon kommissarisch innehatte. Sie wird unterst\u00fctzt von Dr. Marion Schmohl (nicht auf dem Bild), Dagmar Lahn, Ulrike Iben, Marlies Kluge-Cwojdzinski. (von links nach rechts)<\/p>\n<p><img loading=\"lazy\" decoding=\"async\" alt class=\"aligncenter size-medium wp-image-183\" height=\"300\" src=\"https:\/\/erlebnis-tanz.org\/bb\/wp-content\/uploads\/sites\/6\/2022\/07\/IMG-20220413-WA0001-230x300.jpg\" width=\"230\" srcset=\"https:\/\/erlebnis-tanz.org\/bb\/wp-content\/uploads\/sites\/6\/2022\/07\/IMG-20220413-WA0001-230x300.jpg 230w, https:\/\/erlebnis-tanz.org\/bb\/wp-content\/uploads\/sites\/6\/2022\/07\/IMG-20220413-WA0001-786x1024.jpg 786w, https:\/\/erlebnis-tanz.org\/bb\/wp-content\/uploads\/sites\/6\/2022\/07\/IMG-20220413-WA0001-768x1001.jpg 768w, https:\/\/erlebnis-tanz.org\/bb\/wp-content\/uploads\/sites\/6\/2022\/07\/IMG-20220413-WA0001-1179x1536.jpg 1179w, https:\/\/erlebnis-tanz.org\/bb\/wp-content\/uploads\/sites\/6\/2022\/07\/IMG-20220413-WA0001.jpg 1228w\" sizes=\"auto, (max-width: 230px) 100vw, 230px\" \/>Anschlie\u00dfend wurden einige T\u00e4nzerinnen f\u00fcr ihre langj\u00e4hrige Mitgliedschaft mit Urkunden und Blumen geehrt.<br \/> Nach einer kleinen Pause f\u00fcr Imbiss und Austausch im Gespr\u00e4ch wurden ganz schnell die St\u00fchle beiseite ger\u00e4umt und die verbliebene Zeit zum Tanzen genutzt. <\/p>\n<h4 style=\"margin-top: 40px\">  Mitmacht\u00e4nze auf der IGA Berlin  <\/h4>\n<p>Am 12. Mai war es endlich so weit. Nach vielen d\u00fcsteren Regentagen begleitete uns die Sonne am kleinen Blumentheater auf dem gro\u00dfen IGA-Gel\u00e4nde. Zwischen Irrgarten und Wasserspielplatz fanden sich Tanzbegeisterte auf einer Rasenfl\u00e4che zusammen, nachdem alle erst einmal mit der Seilbahn \u00fcber Wiesen und Wald eingeschwebt waren. Wieder mit festem Boden unter den F\u00fc\u00dfen konnten wir zum Tanzen einladen.<\/p>\n<div class=\"pbs-row\" style=\"min-height: 200px\">\n<div class=\"pbs-col\" style=\"flex-basis: 48.0421%;justify-content: center;padding-right: 50px\">\n<p><img decoding=\"async\" alt class=\"aligncenter size-full wp-image-86\" height=\"308\" loading=\"lazy\" src=\"https:\/\/erlebnis-tanz.org\/bb\/wp-content\/uploads\/sites\/6\/2021\/03\/k-Hans-Schmohl-6.jpg\" style=\"height: auto;width: 100%\" width=\"411\"><\/p>\n<\/div>\n<div class=\"pbs-col\" style=\"flex-basis: 51.9579%;justify-content: center\">\n<p>\u201cWirf deine Schuhe weg und tanze<br \/>sp\u00fcre&nbsp;die Erde unter den F\u00fc\u00dfen<br \/>erahne die Wurzeln der Kl\u00e4nge<br \/>lass die Musik deinen K\u00f6rper erobern<br \/>und deine Seele\u201c<\/p>\n<p>(Liebeserkl\u00e4rung an einen Tanz von Lisl Beck)<\/p>\n<\/div>\n<\/div>\n<p style=\"margin-top: -33px\">(Foto: Hans Schmohl)<\/p>\n<p>Z.T. barfu\u00df und gut gelaunt, so begannen wir mit einfachen Kreist\u00e4nzen. Die fr\u00f6hliche Musik animierte auch Spazierg\u00e4nger auf den Wegen sich im Rhythmus zu schwingen und so manches Kind mischte sich mit in den Kreis. Die Sonne meinte es gut mit uns, da lie\u00df eine Pause im Rund des \u201eTheaters\u201c im Schatten auf Erholung hoffen. Weit gefehlt \u2013 auch dort wurde getanzt. Flei\u00dfig tippten Finger, H\u00e4nde und F\u00fc\u00dfe beim Tanz im Sitzen.<\/p>\n<p>Einige von uns hatten einen Tanz zum Vorzeigen vorbereitet, so konnten die Anderen ausruhen und gleichzeitig sehen, welche M\u00f6glichkeiten ein regelm\u00e4\u00dfiges Tanzen er\u00f6ffnet.<\/p>\n<p>Die gute Organisation und begleitende Zusammenarbeit der IGA-Mitarbeiter erleichterte sehr den Ablauf des Nachmittages. So konnten wir abends m\u00fcde, aber froh wieder nach Hause fahren. Wir freuen uns schon auf die n\u00e4chsten Termine.<\/p>\n<h4 style=\"margin-top: 40px\">  Bilderbogen vom Tanzen im August  <\/h4>\n<div class=\"pbs-row\" style=\"min-height: 200px\">\n<div class=\"pbs-col\" style=\"flex-basis: 33.33%;justify-content: center\">\n<p><img loading=\"lazy\" decoding=\"async\" alt class=\"aligncenter size-full wp-image-87\" height=\"768\" src=\"https:\/\/erlebnis-tanz.org\/bb\/wp-content\/uploads\/sites\/6\/2021\/03\/k-IMG_2507.jpg\" width=\"1024\"><\/p>\n<\/div>\n<div class=\"pbs-col\" style=\"flex-basis: 33.33%;justify-content: center\">\n<p><img decoding=\"async\" alt class=\"aligncenter size-full wp-image-82\" height=\"768\" loading=\"lazy\" src=\"https:\/\/erlebnis-tanz.org\/bb\/wp-content\/uploads\/sites\/6\/2021\/03\/k-20170811_163151.jpg\" width=\"1024\"><\/p>\n<\/div>\n<div class=\"pbs-col\" style=\"flex-basis: 33.33%;justify-content: center\">\n<p><img decoding=\"async\" alt class=\"aligncenter size-full wp-image-81\" height=\"768\" loading=\"lazy\" src=\"https:\/\/erlebnis-tanz.org\/bb\/wp-content\/uploads\/sites\/6\/2021\/03\/k-20170811_152303.jpg\" width=\"1024\"><\/p>\n<\/div>\n<\/div>\n<p style=\"margin-top: -26px\">(Fotos Mitte und rechts: Lydia Latussek, Foto links: J\u00f6rg Kluge)<\/p>\n<h4 style=\"margin-top: 40px\">  Er\u00f6ffnung der Seniorenwoche am 25. Juni 2016  <\/h4>\n<p>Seit vielen Jahren sind wir mit einem Informationsstand auf dem Breitscheidplatz dabei, wenn die Berliner Seniorenwoche er\u00f6ffnet wird.<br \/> Ein abwech slungsreiches B\u00fchnenprogramm begleitet diesen Tag. Wir&nbsp;laden dort zu Mitmacht\u00e4nzen auf der Fl\u00e4che und auch im Sitzen ein.<br \/> Ein Angebot, das gern angenommen wird, und uns ab und zu auch neue&nbsp;Verst\u00e4rkung in den Tanzgruppen einbringt.<\/p>\n<div class=\"pbs-row\" style=\"min-height: 200px;margin-bottom: 33px\">\n<div class=\"pbs-col\" style=\"justify-content: center;padding-right: 548px\">\n<p><img decoding=\"async\" alt class=\"aligncenter size-full wp-image-77\" height=\"300\" loading=\"lazy\" src=\"https:\/\/erlebnis-tanz.org\/bb\/wp-content\/uploads\/sites\/6\/2021\/03\/2016-06-25-PHOTO-00000008.jpg\" style=\"height: auto;width: 401px\" width=\"401\"><\/p>\n<\/div>\n<\/div>\n<p style=\"margin-top: -34px\">(Foto: Marlies Kluge-Cwojdzinski)<\/p>\n<h4 style=\"margin-top: 40px\">  Tanzfest in Bernau am 19. August 2016  <\/h4>\n<p>Er\u00f6ffnet mit der F\u00e4cherpolonaise wurde unser diesj\u00e4hriges Fest ein fr\u00f6hliches Tanzvergn\u00fcgen,&nbsp;bei dem sich&nbsp;alle&nbsp;schwungvoll beteiligen konnten.<br \/> Auch f\u00fcr das&nbsp;leibliche&nbsp;Wohlbefinden war gut gesorgt,&nbsp;sodass alle&nbsp;zufrieden&nbsp;und beschwingt abends&nbsp;wieder in alle Richtungen auseinandergingen.<\/p>\n<div class=\"pbs-row\" style=\"min-height: 200px\">\n<div class=\"pbs-col\" style=\"flex-basis: 50%;justify-content: center;padding-right: 66px\">\n<p><img decoding=\"async\" alt class=\"aligncenter size-full wp-image-84\" height=\"300\" loading=\"lazy\" src=\"https:\/\/erlebnis-tanz.org\/bb\/wp-content\/uploads\/sites\/6\/2021\/03\/k-DSC06356.jpg\" style=\"height: auto;width: 401px\" width=\"401\"><\/p>\n<\/div>\n<div class=\"pbs-col\" style=\"flex-basis: 50%;justify-content: center;padding-right: 62px\">\n<p><img decoding=\"async\" alt class=\"aligncenter size-full wp-image-83\" height=\"300\" loading=\"lazy\" src=\"https:\/\/erlebnis-tanz.org\/bb\/wp-content\/uploads\/sites\/6\/2021\/03\/k-DSC06329.jpg\" style=\"height: auto;width: 400px\" width=\"400\"><\/p>\n<\/div>\n<\/div>\n<p style=\"margin-top: -26px\">(Fotos: Marlies Kluge-Cwojdzinski)<\/p>\n<div data-ce-tag=\"spacer\"><\/div>\n<div data-ce-tag=\"spacer\"><\/div>\n<\/div>","protected":false},"excerpt":{"rendered":"<p>Unsere Bank&nbsp;steht! Die von uns w\u00e4hrend der IGA gespendete Bank in den G\u00e4rten der Welt steht nun f\u00fcr Erholungsuchende bereit. Foto: Gr\u00fcn Berlin Tanzfest des Berliner Turn und Freizeitsport-Bundes in &hellip;<\/p>\n","protected":false},"author":1,"featured_media":0,"parent":0,"menu_order":0,"comment_status":"closed","ping_status":"closed","template":"fullwidth.php","meta":{"footnotes":""},"class_list":["post-40","page","type-page","status-publish","hentry"],"_links":{"self":[{"href":"https:\/\/erlebnis-tanz.org\/bb\/wp-json\/wp\/v2\/pages\/40","targetHints":{"allow":["GET"]}}],"collection":[{"href":"https:\/\/erlebnis-tanz.org\/bb\/wp-json\/wp\/v2\/pages"}],"about":[{"href":"https:\/\/erlebnis-tanz.org\/bb\/wp-json\/wp\/v2\/types\/page"}],"author":[{"embeddable":true,"href":"https:\/\/erlebnis-tanz.org\/bb\/wp-json\/wp\/v2\/users\/1"}],"replies":[{"embeddable":true,"href":"https:\/\/erlebnis-tanz.org\/bb\/wp-json\/wp\/v2\/comments?post=40"}],"version-history":[{"count":7,"href":"https:\/\/erlebnis-tanz.org\/bb\/wp-json\/wp\/v2\/pages\/40\/revisions"}],"predecessor-version":[{"id":185,"href":"https:\/\/erlebnis-tanz.org\/bb\/wp-json\/wp\/v2\/pages\/40\/revisions\/185"}],"wp:attachment":[{"href":"https:\/\/erlebnis-tanz.org\/bb\/wp-json\/wp\/v2\/media?parent=40"}],"curies":[{"name":"wp","href":"https:\/\/api.w.org\/{rel}","templated":true}]}}