{"id":85,"date":"2021-03-21T12:53:01","date_gmt":"2021-03-21T11:53:01","guid":{"rendered":"https:\/\/erlebnis-tanz.org\/bremen\/?page_id=85"},"modified":"2021-03-21T14:38:47","modified_gmt":"2021-03-21T13:38:47","slug":"25-jahre-lv-bremen","status":"publish","type":"page","link":"https:\/\/erlebnis-tanz.org\/bremen\/25-jahre-lv-bremen\/","title":{"rendered":"25 Jahre Landesverband Bremen"},"content":{"rendered":"<div class=\"pbs-main-wrapper\"><h4> Empfang am 8. Mai 2015 <\/h4>\n<p><img decoding=\"async\" alt src=\"https:\/\/erlebnis-tanz.org\/bremen\/wp-content\/uploads\/sites\/7\/2021\/03\/k-DSC_0232.JPG\"><\/p>\n<p style=\"margin-top: -23px;\">Empfang im Foyer der Glocke\u200b<\/p>\n<p><img decoding=\"async\" alt src=\"https:\/\/erlebnis-tanz.org\/bremen\/wp-content\/uploads\/sites\/7\/2021\/03\/k-DSC_0235.JPG\"><\/p>\n<p style=\"margin-top: -24px;\">Sekt und ein besonders kleines Geb\u00e4ck zur Begr\u00fc\u00dfung<\/p>\n<p style=\"margin-bottom: 7px;\"><img decoding=\"async\" alt src=\"https:\/\/erlebnis-tanz.org\/bremen\/wp-content\/uploads\/sites\/7\/2021\/03\/k-P1000435.jpg\"><\/p>\n<p style=\"margin-top: -12px;\">Ausstellung \u00fcber H\u00f6hepunkte aus 25 Jahren\u200b<\/p>\n<p><img decoding=\"async\" alt src=\"https:\/\/erlebnis-tanz.org\/bremen\/wp-content\/uploads\/sites\/7\/2021\/03\/k-P1000436.jpg\"><\/p>\n<p style=\"margin-top: -25px;\">Gespr\u00e4che mit Kooperationspartnern\u200b<\/p>\n<p><img decoding=\"async\" alt src=\"https:\/\/erlebnis-tanz.org\/bremen\/wp-content\/uploads\/sites\/7\/2021\/03\/k-P1000445.jpg\"><\/p>\n<p style=\"margin-top: -22px;\">Mit Musik gingen die G\u00e4ste in den Saal.<\/p>\n<p><img decoding=\"async\" alt src=\"https:\/\/erlebnis-tanz.org\/bremen\/wp-content\/uploads\/sites\/7\/2021\/03\/k-Udo-Bernshausen-begruesst-die-Gaeste.jpg\"><\/p>\n<p style=\"margin-top: -20px;\">Begr\u00fc\u00dfung der G\u00e4ste im Saal der Glocke<\/p>\n<p><img decoding=\"async\" alt src=\"https:\/\/erlebnis-tanz.org\/bremen\/wp-content\/uploads\/sites\/7\/2021\/03\/k-Udo-Bernshausen-zaehlt-die-Vorteile-auf.jpg\"><\/p>\n<p style=\"margin-top: -23px;\">Der Vorstand macht die Vorz\u00fcge des Seniorentanzes deutlich\u200b\u200b.<\/p>\n<p style=\"margin-top: -10px;\">Udo Bernshausen<\/p>\n<p><img decoding=\"async\" alt src=\"https:\/\/erlebnis-tanz.org\/bremen\/wp-content\/uploads\/sites\/7\/2021\/03\/k-Ingrid-Strodthoff.jpg\"><\/p>\n<p style=\"margin-top: -18px;\">Ingrid Strodthoff<\/p>\n<p><img decoding=\"async\" alt src=\"https:\/\/erlebnis-tanz.org\/bremen\/wp-content\/uploads\/sites\/7\/2021\/03\/k-Carmen-Spelzhaus.jpg\">\u200b<\/p>\n<p style=\"margin-top: -20px;\">Carmen Spelzhaus<\/p>\n<p style=\"margin-bottom: 52px;\"><img decoding=\"async\" alt src=\"https:\/\/erlebnis-tanz.org\/bremen\/wp-content\/uploads\/sites\/7\/2021\/03\/k-Vorfuehrung-der-Tanzgruppe1.jpg\"><\/p>\n<p style=\"margin-top: -59px;\">Tanzvorf\u00fchrung auf der B\u00fchne.<\/p>\n<p style=\"margin-top: 22px;\"><img decoding=\"async\" alt src=\"https:\/\/erlebnis-tanz.org\/bremen\/wp-content\/uploads\/sites\/7\/2021\/03\/k-Renate-Scheidt-mit-einem-Ausblick-in-die-Zukunft.jpg\"><\/p>\n<p style=\"margin-top: -22px;\">Renate Scheidt mit dem Blick in die Zukunft.\u200b<\/p>\n<p><img decoding=\"async\" alt src=\"https:\/\/erlebnis-tanz.org\/bremen\/wp-content\/uploads\/sites\/7\/2021\/03\/k-DSC_0256.JPG\"><\/p>\n<p style=\"margin-top: -21px;\">Ingrid Dietz und Christiane Raschke<\/p>\n<p style=\"margin-bottom: 16px;\"><img decoding=\"async\" alt src=\"https:\/\/erlebnis-tanz.org\/bremen\/wp-content\/uploads\/sites\/7\/2021\/03\/k-Tanzen-im-Sitzen-2.jpg\"><\/p>\n<p style=\"margin-top: -20px;\">Das klappt prima.<\/p>\n<p style=\"margin-bottom: 15px;\"><img decoding=\"async\" alt src=\"https:\/\/erlebnis-tanz.org\/bremen\/wp-content\/uploads\/sites\/7\/2021\/03\/k-Barbara-Muenchow.jpg\"><\/p>\n<p style=\"margin-top: -22px;\">Barbara M\u00fcnchow<\/p>\n<p style=\"margin-top: -10px; margin-bottom: 16px;\">Vortrag der Ballade von der Entstehung des Seniorentanzes in&nbsp;Bremen.<\/p>\n<p style=\"margin-top: -5px;\">Eine\u200b m\u00e4rchenhafte Geschichte, fast so wie die der&nbsp;Bremer Stadtmusikanten.<\/p>\n<p style=\"margin-top: 32px; margin-bottom: 22px;\"><img decoding=\"async\" alt src=\"https:\/\/erlebnis-tanz.org\/bremen\/wp-content\/uploads\/sites\/7\/2021\/03\/k-Tanzen-im-Sitzen.jpg\"><\/p>\n<p style=\"margin-top: -27px;\">Ingrid Dietz l\u00e4dt zum TiS ein.<\/p>\n<p><img decoding=\"async\" alt src=\"https:\/\/erlebnis-tanz.org\/bremen\/wp-content\/uploads\/sites\/7\/2021\/03\/k-Die-Gaeste-verfolgen-aufmerksam-die-Vorfuehrungen.jpg\"><\/p>\n<p style=\"margin-top: -21px;\">Aufmerksame und aktive G\u00e4ste.<\/p>\n<p><img decoding=\"async\" alt src=\"https:\/\/erlebnis-tanz.org\/bremen\/wp-content\/uploads\/sites\/7\/2021\/03\/k-Frau-Pastorin-Witte-haet-die-Festrede.jpg\"><\/p>\n<p style=\"margin-top: -21px;\">Pastorin Witte h\u00e4lt die Festrede.<\/p>\n<p><img decoding=\"async\" alt src=\"https:\/\/erlebnis-tanz.org\/bremen\/wp-content\/uploads\/sites\/7\/2021\/03\/k-Die-Tanzgruppe-in-Aktion.jpg\"><\/p>\n<p style=\"margin-top: -21px;\">Die Tanzgruppe bereicherte den Empfang mit begeisternden T\u00e4nzen<\/p>\n<p><img decoding=\"async\" alt src=\"https:\/\/erlebnis-tanz.org\/bremen\/wp-content\/uploads\/sites\/7\/2021\/03\/k-Dank-an-Anneliese-Ahrens.jpg\"><\/p>\n<p style=\"margin-top: -20px;\">Dank an Anneliese Ahrens f\u00fcr ihren Einsatz<\/p>\n<p><img decoding=\"async\" alt src=\"https:\/\/erlebnis-tanz.org\/bremen\/wp-content\/uploads\/sites\/7\/2021\/03\/k-Das-Orgateam-sagt-Danke.jpg\"><\/p>\n<p style=\"margin-top: -22px;\">Das Organisationsteam verabschiedet sich begeistert von den Zuschauern<\/p>\n<p><img decoding=\"async\" alt src=\"https:\/\/erlebnis-tanz.org\/bremen\/wp-content\/uploads\/sites\/7\/2021\/03\/k-Ehrung-und-Dank-an-langjaehrige-Mitglieder.jpg\"><\/p>\n<p style=\"margin-top: -24px;\">Danke f\u00fcr 25 Jahre&nbsp;erfolgreiche Mitarbeit.<\/p>\n<div data-ce-tag=\"spacer\"><\/div>\n<div data-ce-tag=\"spacer\"><\/div>\n<\/div>","protected":false},"excerpt":{"rendered":"<p>Empfang am 8. Mai 2015 Empfang im Foyer der Glocke\u200b Sekt und ein besonders kleines Geb\u00e4ck zur Begr\u00fc\u00dfung Ausstellung \u00fcber H\u00f6hepunkte aus 25 Jahren\u200b Gespr\u00e4che mit Kooperationspartnern\u200b Mit Musik gingen &hellip;<\/p>\n","protected":false},"author":1,"featured_media":0,"parent":0,"menu_order":0,"comment_status":"closed","ping_status":"closed","template":"fullwidth.php","meta":{"footnotes":""},"class_list":["post-85","page","type-page","status-publish","hentry"],"_links":{"self":[{"href":"https:\/\/erlebnis-tanz.org\/bremen\/wp-json\/wp\/v2\/pages\/85","targetHints":{"allow":["GET"]}}],"collection":[{"href":"https:\/\/erlebnis-tanz.org\/bremen\/wp-json\/wp\/v2\/pages"}],"about":[{"href":"https:\/\/erlebnis-tanz.org\/bremen\/wp-json\/wp\/v2\/types\/page"}],"author":[{"embeddable":true,"href":"https:\/\/erlebnis-tanz.org\/bremen\/wp-json\/wp\/v2\/users\/1"}],"replies":[{"embeddable":true,"href":"https:\/\/erlebnis-tanz.org\/bremen\/wp-json\/wp\/v2\/comments?post=85"}],"version-history":[{"count":3,"href":"https:\/\/erlebnis-tanz.org\/bremen\/wp-json\/wp\/v2\/pages\/85\/revisions"}],"predecessor-version":[{"id":135,"href":"https:\/\/erlebnis-tanz.org\/bremen\/wp-json\/wp\/v2\/pages\/85\/revisions\/135"}],"wp:attachment":[{"href":"https:\/\/erlebnis-tanz.org\/bremen\/wp-json\/wp\/v2\/media?parent=85"}],"curies":[{"name":"wp","href":"https:\/\/api.w.org\/{rel}","templated":true}]}}