{"id":1148,"date":"2021-06-12T08:45:17","date_gmt":"2021-06-12T06:45:17","guid":{"rendered":"https:\/\/erlebnis-tanz.org\/bvst\/?page_id=1148"},"modified":"2026-01-09T12:53:34","modified_gmt":"2026-01-09T11:53:34","slug":"kundeninformation-und-agb","status":"publish","type":"page","link":"https:\/\/erlebnis-tanz.org\/bvst\/warenkorb\/kundeninformation-und-agb\/","title":{"rendered":"Kundeninformation und AGB"},"content":{"rendered":"<div class=\"pbs-main-wrapper\"><h4> <span style=\"color:rgb(85,;\">Kundeninformationen<\/span> <\/h4>\n<p><span style=\"font-weight:bold;\">Verk\u00e4ufer \/ Unternehmer<\/span><\/p>\n<p>Der Vertrag kommt zustande mit:<\/p>\n<p>Bundesverband Seniorentanz e.V.<br \/> Bundesvorsitzende: Erika Richter<br \/> Hemmstra\u00dfe 202<br \/> 28215 Bremen<br \/> Tel.: 0421-441180<br \/> E-Mail: verband@erlebnis-tanz.de<br \/> Handelsregisternummer: VR 6027 HB<br \/> Registergericht: Amtsgericht Bremen<\/p>\n<p>UStID-Nr.: DE 114440423<\/p>\n<p><span style=\"font-weight:bold;\">Vertragsschluss und Bestellvorgang<\/span><\/p>\n<p>1. Die Pr\u00e4sentation der Waren und Dienstleistungen insbesondere im Internet stellt noch kein bindendes Angebot des Verk\u00e4ufers dar.<\/p>\n<p>2. Durch Anklicken des Buttons \u201cWarenkorb\u201d werden die jeweils ausgew\u00e4hlten Produkte im Warenkorb abgelegt. Im abschlie\u00dfenden Schritt beginnt der Bestellprozess, in welchem alle erforderlichen Daten zur Auftragsabwicklung erfasst werden.<\/p>\n<p>Am Ende des Bestellprozesses erscheint eine Zusammenfassung der Bestell- und Vertragsdaten. Erst nach Best\u00e4tigung dieser Bestell- und Vertragsdaten durch Klick auf den Button \u201czahlungspflichtig bestellen\u201d geben Sie ein verbindliches Angebot \u00fcber den Kauf der im Warenkorb enthaltenen Produkte ab.<\/p>\n<p>3. Ein Vertrag kommt erst mit schriftlicher Auftragsbest\u00e4tigung durch den Verk\u00e4ufer zustande.<\/p>\n<p>4. Erfolgt eine Anmeldung f\u00fcr eine Veranstaltung per Fax, E-Mail oder Post, so ist diese verbindlich. Ein Vertrag kommt ebenfalls erst mit Auftragsbest\u00e4tigung durch den Verk\u00e4ufer zustande.<\/p>\n<p><span style=\"font-weight:bold;\">Technische Korrekturm\u00f6glichkeiten<\/span><\/p>\n<p>Alle get\u00e4tigten Eingaben werden vor Anklicken des Bestellbuttons in einem Best\u00e4tigungsfenster angezeigt und k\u00f6nnen durch den Kunden vor Abschluss des Vertrages durch Bet\u00e4tigung des Zur\u00fcck-Buttons des Browsers korrigiert werden.<\/p>\n<p><span style=\"font-weight:bold;\">Vertragssprache<\/span><\/p>\n<p>Die Vertragssprache ist deutsch.<\/p>\n<p><span style=\"font-weight:bold;\">Speicherung des Vertragstextes<\/span><\/p>\n<p>Der Vertragstext des jeweils zwischen dem Verk\u00e4ufer und dem Kunden geschlossenen Vertrages wird durch den Verk\u00e4ufer auf den internen Systemen gespeichert. Die Allgemeinen Gesch\u00e4ftsbedingungen kann der Kunde jederzeit auf dieser Seite einsehen. Die Bestelldaten, die Widerrufsbelehrung sowie die AGB werden dem Kunden per Email zugesendet. Nach Abschluss der Bestellung ist der Vertragstext dem Kunden \u00fcber das Internet nicht mehr zug\u00e4nglich.<\/p>\n<p><span style=\"font-weight:bold;\">Widerrufsrecht<\/span><\/p>\n<p>Verbraucher haben ein vierzehnt\u00e4giges Widerrufsrecht. Hier finden Sie die Einzelheiten zu Ihrem Widerrufsrecht.<\/p>\n<p>Sie tragen die unmittelbaren Kosten der R\u00fccksendung der Ware.<\/p>\n<p>Das <span style=\"font-weight:bold;\">Widerrufsrecht besteht nicht<\/span> bei folgenden Vertr\u00e4gen:<\/p>\n<p>\u2022 Vertr\u00e4ge zur Lieferung von Ton- oder Videoaufnahmen oder Computersoftware in einer versiegelten Packung, wenn die Versiegelung nach der Lieferung entfernt wurde,<\/p>\n<p>Das <span style=\"font-weight:bold;\">Widerrufsrecht erlischt vorzeitig<\/span>:<\/p>\n<p>\u2022 bei Vertr\u00e4gen \u00fcber die Lieferung von nicht auf einem k\u00f6rperlichen Datentr\u00e4ger befindlichen <span style=\"font-weight:bold;\">digitalen Inhalten<\/span>, wenn der Unternehmer mit der Ausf\u00fchrung des Vertrags begonnen hat, nachdem der Verbraucher ausdr\u00fccklich zugestimmt hat, dass der Unternehmer mit der Ausf\u00fchrung des Vertrags vor Ablauf der Widerrufsfrist beginnt und seine Kenntnis davon best\u00e4tigt hat, dass er durch seine Zustimmung mit Beginn der Ausf\u00fchrung des Vertrages sein Widerrufsrecht verliert.<\/p>\n<p>\u2022 bei Vertr\u00e4gen zur Erbringung von <span style=\"font-weight:bold;\">Dienstleistungen<\/span>, wenn der Unternehmer die Dienstleistung vollst\u00e4ndig erbracht hat und mit der Ausf\u00fchrung erst begonnen hat, nachdem der Verbraucher dazu seine ausdr\u00fcckliche Zustimmung gegeben hat und gleichzeitig seine Kenntnis davon best\u00e4tigt hat, dass er sein Widerrufsrecht bei vollst\u00e4ndiger Vertragserf\u00fcllung durch den Unternehmer verliert. Bei einem Vertrag \u00fcber die Erbringung von Finanzdienstleistungen erlischt das Widerrufsrecht abweichend von Satz 1, wenn der Vertrag von beiden Seiten auf ausdr\u00fccklichen Wunsch des Verbrauchers vollst\u00e4ndig erf\u00fcllt ist, bevor der Verbraucher sein Widerrufsrecht aus\u00fcbt.<\/p>\n<p><span style=\"font-weight:bold;\">Gew\u00e4hrleistungsrecht<\/span><\/p>\n<p>Dem K\u00e4ufer steht ein gesetzliches Gew\u00e4hrleistungsrecht zu. Hiervon abweichende Regelungen finden Sie in unseren AGB.<\/p>\n<p><span style=\"font-weight:bold;\">Zahlung<\/span><\/p>\n<p>Die Bezahlung erfolgt auf Rechnung.<br \/> Hierf\u00fcr fallen keine weiteren Kosten an.<\/p>\n<p><span style=\"font-weight:bold;\">Lieferung<\/span><\/p>\n<p>Lieferungen erfolgen innerhalb der Bundesrepublik Deutschland inklusive der Nord- und Ostseeinseln.<\/p>\n<p>Eine Lieferung ins Ausland ist mit diesem Online-Bestellvorgang nicht m\u00f6glich. Bitte wenden Sie sich mit Ihrem Bestellwunsch per E-Mail, Telefon oder Brief direkt an die als Verk\u00e4ufer\/Unternehmer aufgef\u00fchrte Adresse.<\/p>\n<p>Alle angebotenen Artikel sind, sofern nicht in der Produktbeschreibung deutlich anders angegeben, sofort versandfertig. Die Lieferzeiten sind hier einsehbar: <a href=\"https:\/\/erlebnis-tanz.org\/bvst\/warenkorb\/versand\/\" target=\"_blank\" rel=\"noopener\">Unsere Lieferzeiten<\/a>.<\/p>\n<p>Die angegebenen Lieferfristen beginnen am Tag der Bestellung.<\/p>\n<p>Die Lieferfristen enden mit dem Ablauf des letztes Tages der Frist. F\u00e4llt der letzte Tag der Frist auf einen Samstag, Sonntag oder einen am Lieferort staatlich anerkannten allgemeinen Feiertag, so tritt an die Stelle eines solchen Tages der n\u00e4chste Werktag.<\/p>\n<p><span style=\"font-weight:bold;\">Versandkosten<\/span><\/p>\n<p>Alle Versandkosten, insbesondere Verpackung, Transportkosten, und Zustellungen erfolgen, sofern nicht etwas anderes vereinbart ist, auf Kosten des Kunden. Eine \u00dcbersicht der Versandkosten kann hier eingesehen werden: <a href=\"https:\/\/erlebnis-tanz.org\/bvst\/warenkorb\/versand\/\" target=\"_blank\" rel=\"noopener\">Unsere Versandkosten<\/a>.<\/p>\n<p><span style=\"font-weight:bold;\">Beschwerdemanagement<\/span><\/p>\n<p>Bei Fragen bez\u00fcglich der Lieferung der Ware (z.B. Zeitpunkt, Verf\u00fcgbarkeit, Zahlungseingang usw.) besteht die M\u00f6glichkeit, sich an den Verk\u00e4ufer zu wenden:<br \/> Tel.: 0421-441180<\/p>\n<p>E-Mail: verband@erlebnis-tanz.de<\/p>\n<p><span style=\"font-weight:bold;\">Alternative Streitbeilegung<\/span><\/p>\n<p>Der Verk\u00e4ufer ist zur Teilnahme an einem Streitbeilegungsverfahren vor einer Verbraucherschlichtungsstelle weder verpflichtet noch bereit.<\/p>\n<h4 style=\"margin-top: 40px;\"> <span style=\"color:rgb(85,;\">Allgemeine Gesch\u00e4ftsbedingungen<\/span> <\/h4>\n<p><span style=\"font-style:normal;font-weight:bold;\">1.Vertragsgrundlagen<\/span><\/p>\n<p>1.1. Allen Vertr\u00e4gen, die der Kunde (Verbraucher oder Unternehmer) mit dem Verk\u00e4ufer abschlie\u00dft, liegen ausschlie\u00dflich diese AGB zugrunde. Diese erkennt der Kunde mit seiner Bestellung ausdr\u00fccklich an.<\/p>\n<p>1.2. Verbraucher ist jede nat\u00fcrliche Person, die ein Rechtsgesch\u00e4ft zu einem Zwecke abschlie\u00dft, der weder ihrer gewerblichen noch ihrer selbst\u00e4ndigen beruflichen T\u00e4tigkeit zugerechnet werden kann.<\/p>\n<p>1.3 Unternehmer ist eine nat\u00fcrliche oder juristische Person oder eine rechtsf\u00e4hige Personengesellschaft, die bei Abschluss eines Rechtsgesch\u00e4fts in Aus\u00fcbung ihrer gewerblichen oder selbst\u00e4ndigen beruflichen T\u00e4tigkeit handelt.<\/p>\n<p><span style=\"font-weight:bold;\">2. Lieferbedingungen<\/span><\/p>\n<p>Entstehen dem Verk\u00e4ufer aufgrund der Angabe einer falschen Lieferadresse oder eines falschen Adressaten zus\u00e4tzlich Versandkosten, so sind diese Kosten von dem Kunden zu ersetzen, au\u00dfer er hat die Falschangabe nicht zu vertreten.<\/p>\n<p><span style=\"font-weight:bold;\">3. Zahlungsbedingungen<\/span><\/p>\n<p>3.1 Der Kaufpreis wird mit Zugang der Rechnung sofort f\u00e4llig.<\/p>\n<p>3.2 Bei Zahlungsverzug ist der Kunde verpflichtet, Verzugszinsen in H\u00f6he von 5 Prozentpunkten \u00fcber dem Basiszinssatz an den Verk\u00e4ufer zu leisten, wenn er Verbraucher (\u00a7 13 BGB) ist. Ist der Kunde Unternehmer (\u00a7 14 BGB) betr\u00e4gt der Verzugszinssatz 9 Prozentpunkte \u00fcber dem Basiszinssatz.<\/p>\n<p>3.3 Unabh\u00e4ngig von 3.2. bleibt es dem Verk\u00e4ufer unbenommen, einen h\u00f6heren Verzugsschaden wie auch sonstigen Schaden nachzuweisen.<\/p>\n<p><span style=\"font-weight:bold;\">4. Eigentumsvorbehalt<\/span><\/p>\n<p>Die Ware bleibt bis zur vollst\u00e4ndigen Bezahlung im Eigentum des Verk\u00e4ufers.<\/p>\n<p><span style=\"font-weight:bold;\">5. Gew\u00e4hrleistung<\/span><\/p>\n<p>5.1 Hinsichtlich der Gew\u00e4hrleistung gelten die gesetzlichen Bestimmungen, soweit in 5.2 \u2013 5.3 nichts Abweichendes vereinbart worden ist.<\/p>\n<p>5.2 Die Verj\u00e4hrungsfrist f\u00fcr die Anspr\u00fcche aus der Sachm\u00e4ngelhaftung betr\u00e4gt 24 Monate und beginnt mit der \u00dcbergabe der Kaufsache an den Kunden. Ist der Kunde Unternehmer (\u00a7 14 BGB), so betr\u00e4gt die Verj\u00e4hrungsfrist 12 Monate ab \u00dcbergabe der Sache.<\/p>\n<p>5.3 F\u00fcr Kaufleute gelten die Rechtsvorschriften, Untersuchungs- und R\u00fcgeverpflichtungen nach dem HGB.<\/p>\n<p><span style=\"font-weight:bold;\">6. Widerrufsrecht<\/span><\/p>\n<p>6.1 Das Widerrufsrecht gilt ausschlie\u00dflich f\u00fcr Verbraucher.<\/p>\n<p>6.2 Der Kunde hat die Waren unbeschadet seines Widerrufsrechts f\u00fcr die R\u00fccksendung sorgf\u00e4ltig zu verpacken.<\/p>\n<p><span style=\"font-weight:bold;\">7. Haftungsbeschr\u00e4nkung<\/span><\/p>\n<p>7.1 Der Verk\u00e4ufer haftet mit Ausnahme der Verletzung von Leben, K\u00f6rper und Gesundheit und der Verletzung wesentlicher Vertragspflichten (Kardinalpflichten) nur f\u00fcr Sch\u00e4den, die auf ein vors\u00e4tzliches oder grob fahrl\u00e4ssiges Verhalten zur\u00fcckzuf\u00fchren sind.<\/p>\n<p>Dies gilt auch f\u00fcr mittelbare Folgesch\u00e4den wie insbesondere entgangenen Gewinn.<\/p>\n<p>Eine wesentliche Vertragspflicht ist eine solche, deren Erf\u00fcllung die ordnungsgem\u00e4\u00dfe Durchf\u00fchrung des Vertrags \u00fcberhaupt erst erm\u00f6glicht und auf deren Einhaltung der Vertragspartner regelm\u00e4\u00dfig vertraut und vertrauen darf.<\/p>\n<p>7.2 Die Haftung ist au\u00dfer bei vors\u00e4tzlichen oder grob fahrl\u00e4ssigen Verhalten oder bei Sch\u00e4den aus der Verletzung von Leben, K\u00f6rper und Gesundheit und der Verletzung wesentlicher Vertragspflichten (Kardinalpflichten) auf die bei Vertragsschluss typischer Weise vorhersehbaren Sch\u00e4den und im \u00dcbrigen der H\u00f6he nach auf die vertragstypischen Durchschnittssch\u00e4den begrenzt. Dies gilt auch f\u00fcr mittelbare Folgesch\u00e4den wie insbesondere entgangenen Gewinn.<\/p>\n<p>7.3 Die Haftungsbegrenzung der Abs\u00e4tze 1 und 2 geltend sinngem\u00e4\u00df auch zugunsten der Mitarbeiter und Erf\u00fcllungsgehilfen des Verk\u00e4ufers.<\/p>\n<p>7.4 Anspr\u00fcche f\u00fcr eine Haftung aufgrund des Produkthaftungsgesetzes bleiben unber\u00fchrt.<\/p>\n<p><span style=\"font-weight:bold;\">8. Lehrg\u00e4nge, TiS-Bausteine, Seminare und Veranstaltungen<\/span><\/p>\n<p>8.1 Anmeldung<\/p>\n<p>Sofern nicht besondere Teilnahmevoraussetzungen bestehen, erfolgt die Aufnahme in eine Veranstaltung nach Reihenfolge des Eingangs der Anmeldungen und wird schriftlich best\u00e4tigt. Erfolgt eine Anmeldung f\u00fcr eine Veranstaltung per Telefax, E-Mail oder Post, so ist diese verbindlich. Ein Vertrag kommt erst mit Auftragsbest\u00e4tigung durch den Verk\u00e4ufer zustande.<\/p>\n<p>Bei Nichterf\u00fcllung der Teilnahmevoraussetzungen kann Ihre Teilnahme abgelehnt werden.<\/p>\n<p>8.2 Warteliste<\/p>\n<p>\u00dcberschreitet die Zahl der Anmeldungen die Anzahl der zur Verf\u00fcgung stehenden Pl\u00e4tze, wird eine Warteliste angelegt. Sollten bereits vergebene Pl\u00e4tze wieder frei werden, so werden Anmeldungen von der Warteliste in der Reihenfolge ihres Einganges ber\u00fccksichtigt.<\/p>\n<p>8.3 Teilnahmegeb\u00fchr<\/p>\n<p>Die Teilnahmegeb\u00fchr wird nach Rechnungserhalt f\u00e4llig. Die Rechnung wird ggfs. mit weiteren Informationen ca. 8 \u2013 6 Wochen vor Veranstaltungsbeginn zugesandt.<\/p>\n<p>8.4 Absage durch den Kunden<\/p>\n<p>Eine Absage muss schriftlich erfolgen und ist bis 43 Kalendertage vor Veranstaltungsbeginn kostenfrei.<\/p>\n<p>Bei einer Absage von 42 bis 22 Kalendertagen vor Veranstaltungsbeginn sind 50% der Teilnahmegeb\u00fchr zu zahlen.<\/p>\n<p>Bei einer Absage in dem Zeitraum von 21 bis 7 Kalendertagen vor Veranstaltungsbeginn sind 80% der Teilnahmegeb\u00fchr zu zahlen.<\/p>\n<p>Erfolgt eine sp\u00e4tere Abmeldung bzw. eine Nichtteilnahme, ist die gesamte Teilnahmegeb\u00fchr der Veranstaltung zu entrichten. Wir empfehlen dringend den Abschluss einer Reiser\u00fccktrittsversicherung.<\/p>\n<p>Zus\u00e4tzlich k\u00f6nnen Ausfallgeb\u00fchren f\u00fcr bereits vom BVST e.V. gebuchte Zimmer\/gebuchte Verpflegungspauschalen vom Tagungshaus erhoben werden. Diese werden gem\u00e4\u00df den Stornobedingungen des Hauses an die Teilnehmerinnen und Teilnehmer weiter belastet, unabh\u00e4ngig davon, ob der Kunde den Grund der Absage zu vertreten hat, oder nicht.<\/p>\n<p>Eine Abmeldung bei den Referentinnen oder Referenten ist nicht m\u00f6glich.<\/p>\n<p>Bei mehrt\u00e4gigen Veranstaltungen ist ein teilweiser oder tageweiser R\u00fccktritt von der Veranstaltung nicht m\u00f6glich. Die Teilnahmegeb\u00fchr wird anteilig nicht erstattet.<\/p>\n<p>Der Wechsel einer Referentin oder eines Referenten gilt nicht als Absagegrund.<\/p>\n<p>Das Widerrufsrecht des Verbrauchers bleibt von dieser Regelung unber\u00fchrt.<\/p>\n<p>8.5 Absage durch den Anbieter<\/p>\n<p>Wird die Mindestteilnehmerzahl f\u00fcr diese Veranstaltung nicht erreicht, behalten wir uns die Absage der Veranstaltung vor. Weiterhin behalten wir uns eine Absage aus einem nicht von uns zu vertretenden wichtigen Grund vor. Die Teilnahmegeb\u00fchren werden in diesem Fall in voller H\u00f6he zur\u00fcckerstattet.<\/p>\n<p>8.6 Fotos, Videos und sonstige weitere Bildnisse f\u00fcr die Eigenwerbung des BVST e.V.<\/p>\n<p>W\u00e4hrend der Lehrg\u00e4nge, TiS-Bausteine, Seminare und sonstigen Veranstaltungen des BVST e.V. k\u00f6nnen Fotos, Videos und sonstige weitere Bildnisse nur f\u00fcr die Eigenwerbung des BVST e.V. gemacht werden.<\/p>\n<p>Wenn eine Teilnehmerin\/ein Teilnehmer dies nicht w\u00fcnscht, muss sie\/er bis sp\u00e4testens zu Beginn der Lehrg\u00e4nge, TiS-Bausteine, Seminare und sonstigen Veranstaltungen des BVST e.V. eine entsprechende schriftliche Erkl\u00e4rung beim Veranstalter einreichen.<\/p>\n<p>Das Widerrufsrecht des Verbrauchers bleibt von dieser Regelung unber\u00fchrt.<\/p>\n<p><span style=\"font-weight:bold;\">9. Schlussbestimmungen<\/span><\/p>\n<p>9.1 Es gilt das Recht der Bundesrepublik Deutschland unter Ausschluss des UN-Kaufrechts. Unber\u00fchrt bleiben zwingende Bestimmungen des Staates, in dem der Kunde seinen gew\u00f6hnlichen Aufenthalt hat.<\/p>\n<p>9.2 Erf\u00fcllungsort ist der Sitz des Verk\u00e4ufers, sofern der Kunde Kaufmann ist.<\/p>\n<p>9.3 Sofern der Kunde Kaufmann ist, eine juristische Person des \u00f6ffentlichen Rechts oder \u00f6ffentlich rechtliches Sonderverm\u00f6gen ist, oder keinen allgemeinen Gerichtsstand im Inland hat oder nach Vertragsschluss seinen Wohnsitz ins Ausland verlegt oder sein Wohnsitz zum Zeitpunkt der Klageerhebung nicht bekannt ist, ist der Gerichtsstand Sitz des Verk\u00e4ufers.<\/p>\n<p>9.4 Sollten einzelne Bestimmungen dieses Vertrages unwirksam sein oder den gesetzlichen Regelungen widersprechen, so wird hierdurch der Vertrag im \u00dcbrigen nicht ber\u00fchrt.<\/p>\n<p><span style=\"font-weight:bold;\">\u2013 Ende der Allgemeinen Gesch\u00e4ftsbedingungen \u2013<\/span><\/p>\n<div data-ce-tag=\"spacer\"><\/div>\n<div data-ce-tag=\"spacer\"><\/div>\n<\/div>","protected":false},"excerpt":{"rendered":"<p>Kundeninformationen Verk\u00e4ufer \/ Unternehmer Der Vertrag kommt zustande mit: Bundesverband Seniorentanz e.V. Bundesvorsitzende: Erika Richter Hemmstra\u00dfe 202 28215 Bremen Tel.: 0421-441180 E-Mail: verband@erlebnis-tanz.de Handelsregisternummer: VR 6027 HB Registergericht: Amtsgericht Bremen &hellip;<\/p>\n","protected":false},"author":1,"featured_media":0,"parent":1309,"menu_order":0,"comment_status":"closed","ping_status":"closed","template":"fullwidth.php","meta":{"footnotes":""},"class_list":["post-1148","page","type-page","status-publish","hentry"],"_links":{"self":[{"href":"https:\/\/erlebnis-tanz.org\/bvst\/wp-json\/wp\/v2\/pages\/1148","targetHints":{"allow":["GET"]}}],"collection":[{"href":"https:\/\/erlebnis-tanz.org\/bvst\/wp-json\/wp\/v2\/pages"}],"about":[{"href":"https:\/\/erlebnis-tanz.org\/bvst\/wp-json\/wp\/v2\/types\/page"}],"author":[{"embeddable":true,"href":"https:\/\/erlebnis-tanz.org\/bvst\/wp-json\/wp\/v2\/users\/1"}],"replies":[{"embeddable":true,"href":"https:\/\/erlebnis-tanz.org\/bvst\/wp-json\/wp\/v2\/comments?post=1148"}],"version-history":[{"count":10,"href":"https:\/\/erlebnis-tanz.org\/bvst\/wp-json\/wp\/v2\/pages\/1148\/revisions"}],"predecessor-version":[{"id":18732,"href":"https:\/\/erlebnis-tanz.org\/bvst\/wp-json\/wp\/v2\/pages\/1148\/revisions\/18732"}],"up":[{"embeddable":true,"href":"https:\/\/erlebnis-tanz.org\/bvst\/wp-json\/wp\/v2\/pages\/1309"}],"wp:attachment":[{"href":"https:\/\/erlebnis-tanz.org\/bvst\/wp-json\/wp\/v2\/media?parent=1148"}],"curies":[{"name":"wp","href":"https:\/\/api.w.org\/{rel}","templated":true}]}}