{"id":1150,"date":"2021-06-12T08:46:37","date_gmt":"2021-06-12T06:46:37","guid":{"rendered":"https:\/\/erlebnis-tanz.org\/bvst\/?page_id=1150"},"modified":"2025-05-27T13:23:53","modified_gmt":"2025-05-27T11:23:53","slug":"widerrufsbelehrung","status":"publish","type":"page","link":"https:\/\/erlebnis-tanz.org\/bvst\/warenkorb\/widerrufsbelehrung\/","title":{"rendered":"Widerrufsbelehrung"},"content":{"rendered":"<div class=\"pbs-main-wrapper\"><h4> <span style=\"color:rgb(85,;\">Widerrufsrecht<\/span> <\/h4>\n<p>Sie haben das Recht, binnen vierzehn Tagen ohne Angabe von Gr\u00fcnden diesen Vertrag zu widerrufen.<\/p>\n<p>Die Widerrufsfrist betr\u00e4gt vierzehn Tage ab dem Tag, an dem Sie oder ein von Ihnen benannter Dritter, der nicht der Bef\u00f6rderer ist, die letzte Ware in Besitz genommen haben bzw. hat.<\/p>\n<p>Um Ihr Widerrufsrecht auszu\u00fcben, m\u00fcssen Sie uns (Bundesverband Seniorentanz e.V., Bundesvorsitzende: Erika Richter, Hemmstr. 202, 28215 Bremen, Tel.: 0421-441180, E-Mail: verband@erlebnis-tanz.de) mittels einer eindeutigen Erkl\u00e4rung (z.B. ein mit der Post versandter Brief, Telefax oder E-Mail) \u00fcber Ihren Entschluss, diesen Vertrag zu widerrufen, informieren. Sie k\u00f6nnen daf\u00fcr das beigef\u00fcgte Muster -Widerrufsformular verwenden, das jedoch nicht vorgeschrieben ist.<\/p>\n<p>Sie k\u00f6nnen das Muster-Widerrufsformular oder eine andere eindeutige Erkl\u00e4rung auch auf unserer Webseite www.erlebnis-tanz.de elektronisch ausf\u00fcllen und \u00fcbermitteln. Machen Sie von dieser M\u00f6glichkeit Gebrauch, so werden wir Ihnen unverz\u00fcglich (z.B. per E-Mail) eine Best\u00e4tigung \u00fcber den Eingang eines solchen Widerrufs \u00fcbermitteln.<\/p>\n<p>Zur Wahrung der Widerrufsfrist reicht es aus, dass Sie die Mitteilung \u00fcber die Aus\u00fcbung des Widerrufsrechts vor Ablauf der Widerrufsfrist absenden.<\/p>\n<h4 style=\"margin-top: 40px;\"> <span style=\"color:rgb(85,;\">Folgen des Widerrufs<\/span> <\/h4>\n<p>Wenn Sie diesen Vertrag widerrufen, haben wir Ihnen alle Zahlungen, die wir von Ihnen erhalten haben, einschlie\u00dflich der Lieferkosten (mit Ausnahme der zus\u00e4tzlichen Kosten, die sich daraus ergeben, dass Sie eine andere Art der Lieferung als die von uns angebotene, g\u00fcnstigste Standardlieferung gew\u00e4hlt haben), unverz\u00fcglich und sp\u00e4testens binnen vierzehn Tagen ab dem Tag zur\u00fcckzuzahlen, an dem die Mitteilung \u00fcber Ihren Widerruf dieses Vertrags bei uns eingegangen ist. F\u00fcr diese R\u00fcckzahlung verwenden wir dasselbe Zahlungsmittel, das Sie bei der urspr\u00fcnglichen Transaktion eingesetzt haben, es sei denn, mit Ihnen wurde ausdr\u00fccklich etwas anderes vereinbart; in keinem Fall werden Ihnen wegen dieser R\u00fcckzahlung Entgelte berechnet. Wir k\u00f6nnen die R\u00fcckzahlung verweigern, bis wir die Waren wieder zur\u00fcckerhalten haben oder bis Sie den Nachweis erbracht haben, dass Sie die Waren zur\u00fcckgesandt haben, je nachdem, welches der fr\u00fchere Zeitpunkt ist.<\/p>\n<p>Sie haben die Waren unverz\u00fcglich und in jedem Fall sp\u00e4testens binnen vierzehn Tagen ab dem Tag, an dem Sie uns \u00fcber den Widerruf dieses Vertrags unterrichten, an uns zur\u00fcckzusenden oder zu \u00fcbergeben. Die Frist ist gewahrt, wenn Sie die Waren vor Ablauf der Frist von vierzehn Tagen absenden. Sie tragen die unmittelbaren Kosten der R\u00fccksendung der Waren.<\/p>\n<p>Sie m\u00fcssen f\u00fcr einen etwaigen Wertverlust der Waren nur aufkommen, wenn dieser Wertverlust auf einen zur Pr\u00fcfung der Beschaffenheit, Eigenschaften und Funktionsweise der Waren nicht notwendigen Umgang mit ihnen zur\u00fcckzuf\u00fchren ist.<\/p>\n<p>-Ende der Widerrufsbelehrung-<\/p>\n<h4 style=\"margin-top: 41px;\"> <span style=\"color:rgb(85,;\">Muster-Widerrufsformular<\/span> <\/h4>\n<p>(Wenn Sie den Vertrag widerrufen wollen, dann f\u00fcllen Sie bitte dieses Formular aus und senden Sie es zur\u00fcck.)<\/p>\n<p>An Bundesverband Seniorentanz e.V., Bundesvorsitzende: Erika Richter, Hemmstr. 202, 28215 Bremen, E-Mail: verband@erlebnis-tanz.de:<br \/> Hiermit widerrufe(n) ich\/wir (*) den von mir\/uns (*) abgeschlossenen Vertrag \u00fcber den Kauf der folgenden<\/p>\n<p>Waren (*)\/die Erbringung der folgenden Dienstleistung (*)<\/p>\n<p>Bestellt am (*)\/erhalten am (*)<\/p>\n<p>Name des\/der Verbraucher(s)<\/p>\n<p>Unterschrift des\/der Verbraucher(s) (nur bei Mitteilung auf Papier)<\/p>\n<p>Datum<\/p>\n<p>_______________<br \/> (*) Unzutreffendes streichen.<\/p>\n<p>Das <span style=\"font-weight:bold;\">Widerrufsrecht besteht nicht<\/span> bei folgenden Vertr\u00e4gen:<\/p>\n<p>\u2022 Vertr\u00e4ge zur Lieferung von Ton- oder Videoaufnahmen oder Computersoftware in einer versiegelten Packung, wenn die Versiegelung nach der Lieferung entfernt wurde,<\/p>\n<p>Das Widerrufsrecht erlischt vorzeitig:<\/p>\n<p>\u2022 bei Vertr\u00e4gen \u00fcber die Lieferung von nicht auf einem k\u00f6rperlichen Datentr\u00e4ger befindlichen <span style=\"font-weight:bold;\">digitalen Inhalten<\/span>, wenn der Unternehmer mit der Ausf\u00fchrung des Vertrags begonnen hat, nachdem der Verbraucher ausdr\u00fccklich zugestimmt hat, dass der Unternehmer mit der Ausf\u00fchrung des Vertrags vor Ablauf der Widerrufsfrist beginnt und seine Kenntnis davon best\u00e4tigt hat, dass er durch seine Zustimmung mit Beginn der Ausf\u00fchrung des Vertrages sein Widerrufsrecht verliert.<\/p>\n<p>\u2022 bei Vertr\u00e4gen zur Erbringung von <span style=\"font-weight:bold;\">Dienstleistungen<\/span>, wenn der Unternehmer die Dienstleistung vollst\u00e4ndig erbracht hat und mit der Ausf\u00fchrung erst begonnen hat, nachdem der Verbraucher dazu seine ausdr\u00fcckliche Zustimmung gegeben hat und gleichzeitig seine Kenntnis davon best\u00e4tigt hat, dass er sein Widerrufsrecht bei vollst\u00e4ndiger Vertragserf\u00fcllung durch den Unternehmer verliert. Bei einem Vertrag \u00fcber die Erbringung von Finanzdienstleistungen erlischt das Widerrufsrecht abweichend von Satz 1, wenn der Vertrag von beiden Seiten auf ausdr\u00fccklichen Wunsch des Verbrauchers vollst\u00e4ndig erf\u00fcllt ist, bevor der Verbraucher sein Widerrufsrecht aus\u00fcbt.<\/p>\n<div data-ce-tag=\"spacer\"><\/div>\n<div data-ce-tag=\"spacer\"><\/div>\n<\/div>","protected":false},"excerpt":{"rendered":"<p>Widerrufsrecht Sie haben das Recht, binnen vierzehn Tagen ohne Angabe von Gr\u00fcnden diesen Vertrag zu widerrufen. Die Widerrufsfrist betr\u00e4gt vierzehn Tage ab dem Tag, an dem Sie oder ein von &hellip;<\/p>\n","protected":false},"author":1,"featured_media":0,"parent":1309,"menu_order":0,"comment_status":"closed","ping_status":"closed","template":"fullwidth.php","meta":{"footnotes":""},"class_list":["post-1150","page","type-page","status-publish","hentry"],"_links":{"self":[{"href":"https:\/\/erlebnis-tanz.org\/bvst\/wp-json\/wp\/v2\/pages\/1150","targetHints":{"allow":["GET"]}}],"collection":[{"href":"https:\/\/erlebnis-tanz.org\/bvst\/wp-json\/wp\/v2\/pages"}],"about":[{"href":"https:\/\/erlebnis-tanz.org\/bvst\/wp-json\/wp\/v2\/types\/page"}],"author":[{"embeddable":true,"href":"https:\/\/erlebnis-tanz.org\/bvst\/wp-json\/wp\/v2\/users\/1"}],"replies":[{"embeddable":true,"href":"https:\/\/erlebnis-tanz.org\/bvst\/wp-json\/wp\/v2\/comments?post=1150"}],"version-history":[{"count":5,"href":"https:\/\/erlebnis-tanz.org\/bvst\/wp-json\/wp\/v2\/pages\/1150\/revisions"}],"predecessor-version":[{"id":17009,"href":"https:\/\/erlebnis-tanz.org\/bvst\/wp-json\/wp\/v2\/pages\/1150\/revisions\/17009"}],"up":[{"embeddable":true,"href":"https:\/\/erlebnis-tanz.org\/bvst\/wp-json\/wp\/v2\/pages\/1309"}],"wp:attachment":[{"href":"https:\/\/erlebnis-tanz.org\/bvst\/wp-json\/wp\/v2\/media?parent=1150"}],"curies":[{"name":"wp","href":"https:\/\/api.w.org\/{rel}","templated":true}]}}