{"id":117,"date":"2021-04-26T12:56:58","date_gmt":"2021-04-26T10:56:58","guid":{"rendered":"https:\/\/erlebnis-tanz.org\/bvst\/?page_id=117"},"modified":"2023-06-20T15:36:13","modified_gmt":"2023-06-20T13:36:13","slug":"arbeitskreise","status":"publish","type":"page","link":"https:\/\/erlebnis-tanz.org\/bvst\/landesverbaende\/arbeitskreise\/","title":{"rendered":"Arbeitskreise in den Landesverb\u00e4nden"},"content":{"rendered":"<div class=\"pbs-main-wrapper\"><h4 style=\"margin-top: 0px;\"> <span style=\"color:rgb(35,;\">Unsere Arbeitskreise<\/span> <\/h4>\n<p>Klicken Sie in den Karten auf eine Nadel und dann auf den Namen, um weitere Informationen zum Arbeitskreis zu erhalten.<\/p>\n<script type=\"text\/javascript\">\/\/ <![CDATA[\njQuery(document).ready(function(){\n\tsetInterval( function() { AutoiFrameAdjustiFrameHeight( 'karte', 50); }, 1000 );\n});\n\/\/ ]]><\/script>\n<iframe loading=\"lazy\" id=\"karte\" name=\"karte\" src=\"https:\/\/bvstodata.com\/karten.aspx\" width=\"100%\" height=\"700px\" frameborder=\"0\" scrolling=\"no\"onload=\"AutoiFrameAdjustiFrameHeight('karte',50);\"><\/iframe>\n<h4 style=\"margin-top: 40px;\"> <span style=\"color:rgb(35,;\">Suchen Sie einen Arbeitskreis?<\/span> <\/h4>\n<p>W\u00e4hlen Sie einen Landesverband aus und geben Sie zur Eingrenzung einen Ort oder eine Postleitzahl ein. Sie k\u00f6nnen auch nur die ersten Ziffern oder Buchstaben) eingeben. Gro\u00df- und Kleinschreibung muss nicht beachtet werden. Klicken Sie auf \u201cArbeitskreise suchen\u201d, um die Abfrage zu starten.<\/p>\n<script type=\"text\/javascript\">\/\/ <![CDATA[\njQuery(document).ready(function(){\n\tsetInterval( function() { AutoiFrameAdjustiFrameHeight( 'aksuche', 50); }, 1000 );\n});\n\/\/ ]]><\/script>\n<iframe loading=\"lazy\" id=\"aksuche\" name=\"aksuche\" src=\"https:\/\/bvstodata.com\/aksuche.html\" width=\"100%\" height=\"560px\" frameborder=\"0\" scrolling=\"no\"onload=\"AutoiFrameAdjustiFrameHeight('aksuche',50);\"><\/iframe>\n<div data-ce-tag=\"spacer\"><\/div>\n<\/div>","protected":false},"excerpt":{"rendered":"<p>Unsere Arbeitskreise Klicken Sie in den Karten auf eine Nadel und dann auf den Namen, um weitere Informationen zum Arbeitskreis zu erhalten. Suchen Sie einen Arbeitskreis? W\u00e4hlen Sie einen Landesverband &hellip;<\/p>\n","protected":false},"author":2,"featured_media":0,"parent":21,"menu_order":0,"comment_status":"closed","ping_status":"closed","template":"fullwidth.php","meta":{"footnotes":""},"class_list":["post-117","page","type-page","status-publish","hentry"],"_links":{"self":[{"href":"https:\/\/erlebnis-tanz.org\/bvst\/wp-json\/wp\/v2\/pages\/117","targetHints":{"allow":["GET"]}}],"collection":[{"href":"https:\/\/erlebnis-tanz.org\/bvst\/wp-json\/wp\/v2\/pages"}],"about":[{"href":"https:\/\/erlebnis-tanz.org\/bvst\/wp-json\/wp\/v2\/types\/page"}],"author":[{"embeddable":true,"href":"https:\/\/erlebnis-tanz.org\/bvst\/wp-json\/wp\/v2\/users\/2"}],"replies":[{"embeddable":true,"href":"https:\/\/erlebnis-tanz.org\/bvst\/wp-json\/wp\/v2\/comments?post=117"}],"version-history":[{"count":10,"href":"https:\/\/erlebnis-tanz.org\/bvst\/wp-json\/wp\/v2\/pages\/117\/revisions"}],"predecessor-version":[{"id":1273,"href":"https:\/\/erlebnis-tanz.org\/bvst\/wp-json\/wp\/v2\/pages\/117\/revisions\/1273"}],"up":[{"embeddable":true,"href":"https:\/\/erlebnis-tanz.org\/bvst\/wp-json\/wp\/v2\/pages\/21"}],"wp:attachment":[{"href":"https:\/\/erlebnis-tanz.org\/bvst\/wp-json\/wp\/v2\/media?parent=117"}],"curies":[{"name":"wp","href":"https:\/\/api.w.org\/{rel}","templated":true}]}}