{"id":121,"date":"2021-04-26T12:59:57","date_gmt":"2021-04-26T10:59:57","guid":{"rendered":"https:\/\/erlebnis-tanz.org\/bvst\/?page_id=121"},"modified":"2023-06-20T15:37:36","modified_gmt":"2023-06-20T13:37:36","slug":"tanzgruppen","status":"publish","type":"page","link":"https:\/\/erlebnis-tanz.org\/bvst\/landesverbaende\/tanzgruppen\/","title":{"rendered":"Tanzgruppen"},"content":{"rendered":"<div class=\"pbs-main-wrapper\"><div class=\"pbs-row\" style=\"min-height: 200px;\">\n<div class=\"pbs-col\" style=\"justify-content: center;\">\n<p><img decoding=\"async\" alt class=\"aligncenter size-full wp-image-903\" height=\"329\" loading=\"lazy\" src=\"https:\/\/erlebnis-tanz.org\/bvst\/wp-content\/uploads\/sites\/2\/2021\/05\/erlebnistanz-tanzgrupen.jpg\" width=\"1077\"><\/p>\n<\/div>\n<\/div>\n<h4> <span style=\"color:rgb(35,;\">Lust auf\u2019s Mitmachen?<\/span> <\/h4>\n<p><span style=\"font-weight:bold;color:#282425;\">W\u00e4hlen Sie einen Landesverband aus und geben Sie zur Eingrenzung einen Ort<\/span> <span style=\"font-weight:bold;color:#282425;text-decoration:underline;\">oder<\/span><span style=\"font-weight:bold;color:#282425;\"> eine Postleitzahl ein. Sie k\u00f6nnen auch nur die ersten Ziffern oder Buchstaben eingeben. Gro\u00df- und Kleinschreibung muss nicht beachtet werden. Wenn Sie<\/span> <span style=\"font-weight:bold;color:#282425;text-decoration:underline;\">keine Postleitzahl und keinen Ort<\/span><span style=\"font-weight:bold;color:#282425;\"> eingeben, werden alle Tanzgruppen des Landesverbandes abgerufen. Klicken Sie auf \u201cTanzgruppen anzeigen\u201d, um die Abfrage zu starten.<\/span><\/p>\n<p>Sie k\u00f6nnen die Tanzgruppen zu den angegebenen Terminen besuchen und sich unverbindlich informieren oder \u00fcber die ggf. angegebenen Kontaktdaten weitere Informationen erhalten. Sofern es in Ihrer N\u00e4he keine Tanzgruppe gibt, setzen Sie sich bitten mit den Arbeitskreisleitungen in Verbindung. Die Adressen finden Sie im Bereich \u201cArbeitskreise in den Landesverb\u00e4nden\u201d. Wir freuen uns auf Ihre Kontaktaufnahme und hoffen, Sie bald in unseren Tanzgruppen begr\u00fc\u00dfen zu d\u00fcrfen!<\/p>\n<p>Hinweis: Diese Listen befinden sich noch im Aufbau.<\/p>\n<script type=\"text\/javascript\">\/\/ <![CDATA[\njQuery(document).ready(function(){\n\tsetInterval( function() { AutoiFrameAdjustiFrameHeight( 'tgruppen', 50); }, 1000 );\n});\n\/\/ ]]><\/script>\n<iframe loading=\"lazy\" id=\"tgruppen\" name=\"tgruppen\" src=\"https:\/\/bvstodata.com\/tg.html\" width=\"100%\" height=\"800px\" frameborder=\"0\" scrolling=\"no\"onload=\"AutoiFrameAdjustiFrameHeight('tgruppen',50);\"><\/iframe>\n<div data-ce-tag=\"spacer\"><\/div>\n<\/div>","protected":false},"excerpt":{"rendered":"<p>Lust auf\u2019s Mitmachen? W\u00e4hlen Sie einen Landesverband aus und geben Sie zur Eingrenzung einen Ort oder eine Postleitzahl ein. Sie k\u00f6nnen auch nur die ersten Ziffern oder Buchstaben eingeben. Gro\u00df- &hellip;<\/p>\n","protected":false},"author":2,"featured_media":0,"parent":21,"menu_order":0,"comment_status":"closed","ping_status":"closed","template":"fullwidth.php","meta":{"footnotes":""},"class_list":["post-121","page","type-page","status-publish","hentry"],"_links":{"self":[{"href":"https:\/\/erlebnis-tanz.org\/bvst\/wp-json\/wp\/v2\/pages\/121","targetHints":{"allow":["GET"]}}],"collection":[{"href":"https:\/\/erlebnis-tanz.org\/bvst\/wp-json\/wp\/v2\/pages"}],"about":[{"href":"https:\/\/erlebnis-tanz.org\/bvst\/wp-json\/wp\/v2\/types\/page"}],"author":[{"embeddable":true,"href":"https:\/\/erlebnis-tanz.org\/bvst\/wp-json\/wp\/v2\/users\/2"}],"replies":[{"embeddable":true,"href":"https:\/\/erlebnis-tanz.org\/bvst\/wp-json\/wp\/v2\/comments?post=121"}],"version-history":[{"count":5,"href":"https:\/\/erlebnis-tanz.org\/bvst\/wp-json\/wp\/v2\/pages\/121\/revisions"}],"predecessor-version":[{"id":1275,"href":"https:\/\/erlebnis-tanz.org\/bvst\/wp-json\/wp\/v2\/pages\/121\/revisions\/1275"}],"up":[{"embeddable":true,"href":"https:\/\/erlebnis-tanz.org\/bvst\/wp-json\/wp\/v2\/pages\/21"}],"wp:attachment":[{"href":"https:\/\/erlebnis-tanz.org\/bvst\/wp-json\/wp\/v2\/media?parent=121"}],"curies":[{"name":"wp","href":"https:\/\/api.w.org\/{rel}","templated":true}]}}