{"id":126,"date":"2021-04-26T13:02:14","date_gmt":"2021-04-26T11:02:14","guid":{"rendered":"https:\/\/erlebnis-tanz.org\/bvst\/?page_id=126"},"modified":"2025-02-11T16:21:39","modified_gmt":"2025-02-11T15:21:39","slug":"lehrgangs-und-zertifikatsinformation","status":"publish","type":"page","link":"https:\/\/erlebnis-tanz.org\/bvst\/ausbildung\/lehrgangs-und-zertifikatsinformation\/","title":{"rendered":"Lehrgangs- und Zertifikatsinformation"},"content":{"rendered":"<div class=\"pbs-main-wrapper\"><h4>1. Ausbildung des BVST e.V. &#8222;Tanzleiter*in f\u00fcr Tanzen mit Senioren&#8220;<\/h4>\n<a href=\"https:\/\/erlebnis-tanz.org\/bvst\/wp-content\/uploads\/sites\/2\/2025\/02\/Ausbildung_BVST_AST-02.22.pdf\" class=\"pdfemb-viewer\" style=\"width: 960px; \" data-width=\"960\" data-height=\"max\" data-mobile-width=\"500\"  data-scrollbar=\"none\" data-download=\"on\" data-tracking=\"on\" data-newwindow=\"on\" data-pagetextbox=\"off\" data-scrolltotop=\"on\" data-startzoom=\"100\" data-startfpzoom=\"100\" data-toolbar=\"bottom\" data-toolbar-fixed=\"on\">Ausbildung_BVST_AST-02.22<br\/><\/a>\n<div class=\"pbs-row\" style=\"min-height: 200px;margin-top: 40px\">\n<div class=\"pbs-col\" style=\"flex-basis: 33.33%;justify-content: center;padding-bottom: 16px\">\n<p style=\"color: #000000;font-weight: bold;margin-top: -8px\">Grundlehrgang<\/p>\n<p style=\"margin-top: -6px\">Voraussetzungen:<\/p>\n<ul style=\"margin-top: -9px\">\n<li>Vollendung des 18. Lebensjahres<\/li>\n<li>Einzelmitgliedschaft im BVST e.V.<\/li>\n<li><span style=\"color: #282425\">Nat\u00fcrliches Gef\u00fchl f\u00fcr Rhythmus und Freude an t\u00e4nzerischer Bewegung<\/span><\/li>\n<li><span style=\"color: #282425\">Bereitschaft, sich f\u00fcr \u00e4ltere Menschen in unserer Gesellschaft einzusetzen<\/span><\/li>\n<li><span style=\"color: #282425\">Vorkenntnisse im Seniorentanz sind erw\u00fcnscht, aber nicht unbedingt erforderlich<\/span><\/li>\n<\/ul>\n<p>Inhalte:<br \/>\nExemplarische T\u00e4nze und T\u00e4nze im Sitzen, Didaktik und Methodik, musikalische<br \/>\nGrundlagen, physiologische und psychosoziale Aspekte des Alterns.<\/p>\n<p>Praxis nach Grundlehrgang: mindestens 9 LE Mittanzen in einer Seniorentanzgruppe und 2 Tanzansagen mit Nachbesprechung im Arbeitskreis oder bei einem\/einer Ausbildungsreferent\/in des BVST.<\/p>\n<p>Das Online-Modul ist Bestandteil des Grundlehrgangs.<\/p>\n<\/div>\n<div class=\"pbs-col\" style=\"flex-basis: 33.33%;justify-content: center;padding-bottom: 16px\">\n<p style=\"color: #000000;font-weight: bold;margin-top: -30px\">Aufbaulehrgang I<\/p>\n<p style=\"margin-top: -6px\">Voraussetzungen:<\/p>\n<ul style=\"margin-top: -9px\">\n<li><span style=\"color: #282425\">Teilnahme an einem Grundlehrgang des BVST e.V.<\/span><\/li>\n<li><span style=\"color: #282425\">Einzelmitgliedschaft im Bundesverband Seniorentanz e.V.<\/span><\/li>\n<li><span style=\"color: #282425\">Nachweis \u00fcber die geforderte Praxis<\/span><\/li>\n<\/ul>\n<p>Inhalte:<br \/>\nWeitere exemplarische T\u00e4nze und T\u00e4nze im Sitzen, Vertiefung der Didaktik und<br \/>\nMethodik, Tanzansagen der TN mit Nachbesprechung, Planung von Stundenbildern, Vorbereitung auf den Erwerb des Zertifikats.<\/p>\n<p>Praxis nach Aufbaulehrgang I: mindestens 9 LE Mittanzen in einer Seniorentanzgruppe und 4 Tanzansagen mit Nachbesprechung im Arbeitskreis oder bei einem\/einer Ausbildungsreferent\/in des BVST.<\/p>\n<p>Das Online-Modul ist Bestandteil des Aufbaulehrgangs I.<\/p>\n<\/div>\n<div class=\"pbs-col\" style=\"flex-basis: 33.33%;justify-content: center;padding-bottom: 16px;padding-top: 8px\">\n<p style=\"color: #000000;font-weight: bold;margin-top: -56px\">Aufbaulehrgang II inkl. Pr\u00fcfung zum Erwerb des Zertifikats<\/p>\n<p style=\"margin-top: -6px\">Voraussetzungen:<\/p>\n<ul style=\"margin-top: -9px\">\n<li><span style=\"color: #282425\">Teilnahme an Grundlehrgang und Aufbaulehrgang I des BVST e.V.<\/span><\/li>\n<li><span style=\"color: #282425\">Einzelmitgliedschaft im Bundesverband Seniorentanz e.V.<\/span><\/li>\n<li><span style=\"color: #282425\">Nachweis \u00fcber die geforderte Praxis<\/span><\/li>\n<li>G\u00fcltiger 1. Hilfe-Schein (9-st\u00fcndig)<\/li>\n<\/ul>\n<p>Inhalte:<br \/>\nWeitere exemplarische T\u00e4nze und T\u00e4nze im Sitzen, Vertiefung der Didaktik und<br \/>\nMethodik, Tanzansagen der TN mit Nachbesprechung, Vertiefung der Gestaltung von Stundenbildern, Nachweis der Qualifikation durch verschiedene Pr\u00fcfungsleistungen.<\/p>\n<p>Einzelheiten zum Erwerb des Zertifikats, zur G\u00fcltigkeit und zur Verl\u00e4ngerung entnehmen Sie der Pr\u00fcfungsordnung und der Zertifikatsordnung des BVST e.V.<\/p>\n<\/div>\n<\/div>\n<p style=\"margin-top: -9px;margin-bottom: 23px\"><a href=\"https:\/\/erlebnis-tanz.org\/bvst\/wp-content\/uploads\/sites\/2\/2022\/06\/Ausbildungsordnung_neu_2022.pdf\">Die aktuelle Ausbildungs-, Pr\u00fcfungs-, Zertifikats- und Lizenzordnung k\u00f6nnen Sie hier herunterladen (PDF).<\/a><\/p>\n<h4 style=\"margin-top: 40px\">2. Ausbildung des BVST e.V. &#8222;Tanzleiter*in f\u00fcr Tanzen im Sitzen&#8220;<\/h4>\n<a href=\"https:\/\/erlebnis-tanz.org\/bvst\/wp-content\/uploads\/sites\/2\/2025\/02\/Ausbildung_TiS_ATiS-02.22_NEU.pdf\" class=\"pdfemb-viewer\" style=\"width: 960px; \" data-width=\"960\" data-height=\"max\" data-mobile-width=\"500\"  data-scrollbar=\"none\" data-download=\"on\" data-tracking=\"on\" data-newwindow=\"on\" data-pagetextbox=\"off\" data-scrolltotop=\"on\" data-startzoom=\"100\" data-startfpzoom=\"100\" data-toolbar=\"bottom\" data-toolbar-fixed=\"on\">Ausbildung_TiS_ATiS-02.22_NEU<br\/><\/a>\n<div class=\"pbs-row\" style=\"min-height: 200px;margin-top: 40px\">\n<div class=\"pbs-col\" style=\"flex-basis: 33.33%;justify-content: center;padding-bottom: 16px\">\n<p style=\"color: #000000;font-weight: bold;margin-top: -169px\">Baustein 1<\/p>\n<p style=\"margin-top: -6px\">Voraussetzungen:<\/p>\n<ul style=\"margin-top: -9px\">\n<li><span style=\"color: #282425\">Bereitschaft, mit \u00e4lteren Menschen zu arbeiten<\/span><\/li>\n<li><span style=\"color: #282425\">Lernbereitschaft<\/span><\/li>\n<li><span style=\"color: #282425\">Freude und Interesse an Bewegung nach Musik<\/span><\/li>\n<\/ul>\n<p>Inhalte:<br \/>\nIn diesem Baustein geht es um die Vermittlung von T\u00e4nzen im Sitzen, um methodische Konzepte, Musik und Bewegung und vieles mehr.<\/p>\n<\/div>\n<div class=\"pbs-col\" style=\"flex-basis: 33.33%;justify-content: center;padding-bottom: 16px\">\n<p style=\"color: #000000;font-weight: bold;margin-top: -9px\">Baustein 2<\/p>\n<p style=\"margin-top: -6px\">Voraussetzungen:<\/p>\n<ul style=\"margin-top: -9px\">\n<li><span style=\"color: #282425\">Teilnahme an einem Baustein 1 f\u00fcr Tanzen im Sitzen des BVST e.V. oder an einem Grundlehrgang der Ausbildung zum\/zur Seniorentanzleiter\/in des BVST e.V.<\/span><\/li>\n<li><span style=\"color: #282425\">Erf\u00fcllen der Lernerfolgskontrollen des Bausteins 1 bzw. des Grundlehrgangs<\/span><\/li>\n<li><span style=\"color: #282425\">Nachweis \u00fcber geforderte Praxis und eine Tanzansage<\/span><\/li>\n<li><span style=\"color: #282425\">Einzelmitgliedschaft im Bundesverband Seniorentanz e.V.<\/span><\/li>\n<\/ul>\n<p>Inhalte:<br \/>\nIn diesem Baustein geht es um die weitere Vermittlung von T\u00e4nzen im Sitzen, um die Vertiefung der methodischen Konzepte, Prozesse des Alters sowie um die Erstellung von Stundenbildern.<\/p>\n<\/div>\n<div class=\"pbs-col\" style=\"flex-basis: 33.33%;justify-content: center;padding-bottom: 16px;padding-top: 8px\">\n<p style=\"color: #000000;font-weight: bold;margin-top: -114px\">Baustein 3<\/p>\n<p style=\"margin-top: -6px\">Voraussetzungen:<\/p>\n<ul style=\"margin-top: -9px\">\n<li><span style=\"color: #282425\">Teilnahme am Baustein 2 f\u00fcr Tanzen im Sitzen des BVST e.V.<\/span><\/li>\n<li><span style=\"color: #282425\">Erf\u00fcllen der Lernerfolgskontrollen des Bausteins 2<\/span><\/li>\n<li><span style=\"color: #282425\">Einzelmitgliedschaft im Bundesverband Seniorentanz e.V.<\/span><\/li>\n<\/ul>\n<p>Inhalte:<br \/>\nWeitere Vermittlung von T\u00e4nzen im Sitzen, Vertiefung der methodischen Konzepte, psychosoziale Ver\u00e4nderungen, Nachweis der Qualifikation durch verschiedene Pr\u00fcfungsleistungen.<\/p>\n<\/div>\n<\/div>\n<p><a target=\"true\" href=\"https:\/\/erlebnis-tanz.org\/bvst\/wp-content\/uploads\/sites\/2\/2021\/05\/TiS_Ausbildungsordnung_ST_2018.pdf\" rel=\"noopener\">Die aktuelle Ausbildungsordnung Tanzen im Sitzen k\u00f6nnen Sie hier herunterladen (PDF)<\/a><\/p>\n<h4 style=\"margin-top: 40px;margin-bottom: 12px\">3. Fortbildungsmodule des BVST e.V. f\u00fcr Tanzen mit Rollator<\/h4>\n<div class=\"pbs-row\" style=\"min-height: 200px;margin-top: 40px\">\n<div class=\"pbs-col\" style=\"flex-basis: 33.33%;justify-content: center;padding-bottom: 16px\">\n<p style=\"color: #000000;font-weight: bold;margin-top: -51px\">Tanzen mit Rollator \u2013 Einsteiger-Modul<br \/>\n(16 LE)<\/p>\n<p style=\"margin-top: -6px\">Voraussetzungen:<\/p>\n<ul style=\"margin-top: -9px\">\n<li><span style=\"color: #282425\">Nat\u00fcrliches Gef\u00fchl f\u00fcr Rhythmus und Freude an t\u00e4nzerischer Bewegung<\/span><\/li>\n<li><span style=\"color: #282425\">Bereitschaft, sich f\u00fcr \u00e4ltere Menschen einzusetzen, die f\u00fcr ihre Mobilit\u00e4t einen Rollator ben\u00f6tigen<\/span><\/li>\n<li><span style=\"color: #282425\">Vorkenntnisse sind nicht erforderlich<\/span><\/li>\n<\/ul>\n<p>Inhalte:<br \/>\nIn diesem Modul geht es um den Umgang mit dem Rollator, die Vermittlung von T\u00e4nzen am Rollator, um methodische Konzepte, Musik und Bewegung und vieles mehr.<\/p>\n<\/div>\n<div class=\"pbs-col\" style=\"flex-basis: 33.33%;justify-content: center;padding-bottom: 16px\">\n<p style=\"color: #000000;font-weight: bold;margin-top: -9px\">Tanzen mit Rollator \u2013 Tanzleiter-Modul<br \/>\n(16 LE)<\/p>\n<p style=\"margin-top: -6px\">Voraussetzungen:<\/p>\n<ul style=\"margin-top: -9px\">\n<li><span style=\"color: #282425\">Teilnahme an Lehrg\u00e4ngen des BVST (mindestens Aufbaulehrgang I f\u00fcr Tanzen mit Senioren, <\/span>Baustein 2 f\u00fcr Tanzen im Sitzen oder Tanzen mit Rollator \u2013 Einsteiger-Modul).<\/li>\n<li><span style=\"color: #282425\">Einzelmitgliedschaft im Bundesverband Seniorentanz e.V.<\/span><\/li>\n<\/ul>\n<p>Inhalte:<br \/>\nIn diesem Modul wird auf die Vorkenntnisse der Teilnehmer*innen aus den Lehrg\u00e4ngen des BVST e.V. aufgebaut. Es umfasst den Umgang mit dem Rollator, die Vermittlung von T\u00e4nzen mit Rollator mit unterschiedlichen Schwierigkeitsgraden und Kombit\u00e4nzen. Auch geht es um methodische Konzepte, Musik und Bewegung, Stundenbilder und vieles mehr.<\/p>\n<\/div>\n<div class=\"pbs-col\" style=\"flex-basis: 33.33%;justify-content: center;padding-bottom: 16px;padding-top: 8px\"><\/div>\n<\/div>\n<div data-ce-tag=\"spacer\"><\/div>\n<\/div>","protected":false},"excerpt":{"rendered":"<p>1. Ausbildung des BVST e.V. &#8222;Tanzleiter*in f\u00fcr Tanzen mit Senioren&#8220; Grundlehrgang Voraussetzungen: Vollendung des 18. Lebensjahres Einzelmitgliedschaft im BVST e.V. Nat\u00fcrliches Gef\u00fchl f\u00fcr Rhythmus und Freude an t\u00e4nzerischer Bewegung Bereitschaft, &hellip;<\/p>\n","protected":false},"author":2,"featured_media":0,"parent":23,"menu_order":0,"comment_status":"closed","ping_status":"closed","template":"fullwidth.php","meta":{"footnotes":""},"class_list":["post-126","page","type-page","status-publish","hentry"],"_links":{"self":[{"href":"https:\/\/erlebnis-tanz.org\/bvst\/wp-json\/wp\/v2\/pages\/126","targetHints":{"allow":["GET"]}}],"collection":[{"href":"https:\/\/erlebnis-tanz.org\/bvst\/wp-json\/wp\/v2\/pages"}],"about":[{"href":"https:\/\/erlebnis-tanz.org\/bvst\/wp-json\/wp\/v2\/types\/page"}],"author":[{"embeddable":true,"href":"https:\/\/erlebnis-tanz.org\/bvst\/wp-json\/wp\/v2\/users\/2"}],"replies":[{"embeddable":true,"href":"https:\/\/erlebnis-tanz.org\/bvst\/wp-json\/wp\/v2\/comments?post=126"}],"version-history":[{"count":40,"href":"https:\/\/erlebnis-tanz.org\/bvst\/wp-json\/wp\/v2\/pages\/126\/revisions"}],"predecessor-version":[{"id":15837,"href":"https:\/\/erlebnis-tanz.org\/bvst\/wp-json\/wp\/v2\/pages\/126\/revisions\/15837"}],"up":[{"embeddable":true,"href":"https:\/\/erlebnis-tanz.org\/bvst\/wp-json\/wp\/v2\/pages\/23"}],"wp:attachment":[{"href":"https:\/\/erlebnis-tanz.org\/bvst\/wp-json\/wp\/v2\/media?parent=126"}],"curies":[{"name":"wp","href":"https:\/\/api.w.org\/{rel}","templated":true}]}}