{"id":130,"date":"2021-04-26T13:03:13","date_gmt":"2021-04-26T11:03:13","guid":{"rendered":"https:\/\/erlebnis-tanz.org\/bvst\/?page_id=130"},"modified":"2024-07-23T14:47:16","modified_gmt":"2024-07-23T12:47:16","slug":"fortbildungsinformation","status":"publish","type":"page","link":"https:\/\/erlebnis-tanz.org\/bvst\/ausbildung\/fortbildungsinformation\/","title":{"rendered":"Fortbildungsinformation"},"content":{"rendered":"<div class=\"pbs-main-wrapper\"><h4 style=\"margin-top: 0px\"><span>Weiterbildung<\/span><\/h4>\n<p>Auf den j\u00e4hrlichen Weiterbildungsveranstaltungen werden die T\u00e4nze aktueller Neuerscheinungen (CDs und Brosch\u00fcren) vermittelt und unterschiedliche Themenschwerpunkte bearbeitet. Je nach L\u00e4nge der Veranstaltung werden Tanzansagen zur Zertifikatsverl\u00e4ngerung abgenommen.<\/p>\n<p>Teilnehmen k\u00f6nnen Einzelmitglieder des BVST e.V., die bereits einen Aufbaulehrgang I des BVST e.V. besucht haben.<\/p>\n<h4 style=\"margin-top: 40px\"><span>Weiterbildung Tanzen im Sitzen<\/span><\/h4>\n<p>Auf den j\u00e4hrlichen Weiterbildungen f\u00fcr Tanzen im Sitzen werden neue T\u00e4nze im Sitzen vermittelt, verschiedene Themenschwerpunkte bearbeitet und Tanzansagen zur Verl\u00e4ngerung des Zertifikats abgenommen.<\/p>\n<p>Teilnehmen k\u00f6nnen Einzelmitglieder des BVST e.V., die einen Baustein 2 der Ausbildung des BVST e.V. &#8222;Tanzleiter*in f\u00fcr Tanzen im Sitzen&#8220; oder einen Grundlehrgang der Ausbildung des BVST e.V. &#8222;Tanzleiter*in f\u00fcr Tanzen mit Senioren&#8220; besucht haben.<\/p>\n<h4 style=\"margin-top: 40px\"><span>Seminare<\/span><\/h4>\n<p style=\"margin-bottom: 16px\">Die Seminare werden von aktiven Ausbildungsreferent\/innen des BVST geleitet und dienen der Erweiterung des Tanzrepertoires, der Vertiefung methodischer Kenntnisse, dem Erfahrungsaustausch und der eigenen t\u00e4nzerischen Weiterentwicklung.<\/p>\n<p>Der inhaltliche Schwerpunkt, die Zielgruppe und die Anerkennung von Lerneinheiten richten sich je nach Ausschreibung.<\/p>\n<div data-ce-tag=\"spacer\"><\/div>\n<\/div>","protected":false},"excerpt":{"rendered":"<p>Weiterbildung Auf den j\u00e4hrlichen Weiterbildungsveranstaltungen werden die T\u00e4nze aktueller Neuerscheinungen (CDs und Brosch\u00fcren) vermittelt und unterschiedliche Themenschwerpunkte bearbeitet. Je nach L\u00e4nge der Veranstaltung werden Tanzansagen zur Zertifikatsverl\u00e4ngerung abgenommen. Teilnehmen k\u00f6nnen &hellip;<\/p>\n","protected":false},"author":2,"featured_media":0,"parent":23,"menu_order":0,"comment_status":"closed","ping_status":"closed","template":"fullwidth.php","meta":{"footnotes":""},"class_list":["post-130","page","type-page","status-publish","hentry"],"_links":{"self":[{"href":"https:\/\/erlebnis-tanz.org\/bvst\/wp-json\/wp\/v2\/pages\/130","targetHints":{"allow":["GET"]}}],"collection":[{"href":"https:\/\/erlebnis-tanz.org\/bvst\/wp-json\/wp\/v2\/pages"}],"about":[{"href":"https:\/\/erlebnis-tanz.org\/bvst\/wp-json\/wp\/v2\/types\/page"}],"author":[{"embeddable":true,"href":"https:\/\/erlebnis-tanz.org\/bvst\/wp-json\/wp\/v2\/users\/2"}],"replies":[{"embeddable":true,"href":"https:\/\/erlebnis-tanz.org\/bvst\/wp-json\/wp\/v2\/comments?post=130"}],"version-history":[{"count":4,"href":"https:\/\/erlebnis-tanz.org\/bvst\/wp-json\/wp\/v2\/pages\/130\/revisions"}],"predecessor-version":[{"id":14200,"href":"https:\/\/erlebnis-tanz.org\/bvst\/wp-json\/wp\/v2\/pages\/130\/revisions\/14200"}],"up":[{"embeddable":true,"href":"https:\/\/erlebnis-tanz.org\/bvst\/wp-json\/wp\/v2\/pages\/23"}],"wp:attachment":[{"href":"https:\/\/erlebnis-tanz.org\/bvst\/wp-json\/wp\/v2\/media?parent=130"}],"curies":[{"name":"wp","href":"https:\/\/api.w.org\/{rel}","templated":true}]}}