{"id":144,"date":"2021-04-26T13:07:55","date_gmt":"2021-04-26T11:07:55","guid":{"rendered":"https:\/\/erlebnis-tanz.org\/bvst\/?page_id=144"},"modified":"2026-04-23T09:58:53","modified_gmt":"2026-04-23T07:58:53","slug":"zeitschrift","status":"publish","type":"page","link":"https:\/\/erlebnis-tanz.org\/bvst\/service\/zeitschrift\/","title":{"rendered":"Zeitschrift"},"content":{"rendered":"<div class=\"pbs-main-wrapper\"><h4 style=\"margin-top: 0px;\"> Ausz\u00fcge aus der aktuellen Ausgabe <\/h4>\n<p style=\"margin-top: 10px;\">An dieser Stelle pr\u00e4sentieren wir Ihnen die aktuellen Ausgabe unseres Mitgliederzeitschrift \u201cErlebniSTanz \u2013 Das Magazin\u201d.<\/p>\n<p>Zum \u00d6ffnen der Dokumente wird der Adobe Reader ben\u00f6tigt. Diesen k\u00f6nnen Sie auf der Herstellerseite kostenlos herunterladen.<\/p>\n<div class=\"pbs-row\" style=\"min-height: 200px;\">\n<div class=\"pbs-col\" style=\"justify-content: left; padding: 0px !important;\">\n<p><img decoding=\"async\" alt class=\"alignnone wp-image-2540 size-full\" height=\"222\" loading=\"lazy\" src=\"https:\/\/erlebnis-tanz.org\/bvst\/wp-content\/uploads\/sites\/2\/2026\/04\/Titel_02_2026.jpg\" width=\"158\" \/><\/p>\n<\/div>\n<\/div>\n<p style=\"margin-top: -27px;\"><span style=\"font-weight:bold;\">Heft 1\/2026<\/span><\/p>\n<p>Ausz\u00fcge aus unserer aktuellen Ausgabe:<\/p>\n<a href=\"https:\/\/erlebnis-tanz.org\/bvst\/wp-content\/uploads\/sites\/2\/2026\/04\/Ausgabe-02-2026_Homepage.pdf\" class=\"pdfemb-viewer\" style=\"width: 960px; \" data-width=\"960\" data-height=\"max\" data-mobile-width=\"500\"  data-scrollbar=\"none\" data-download=\"on\" data-tracking=\"on\" data-newwindow=\"on\" data-pagetextbox=\"off\" data-scrolltotop=\"on\" data-startzoom=\"100\" data-startfpzoom=\"100\" data-toolbar=\"bottom\" data-toolbar-fixed=\"on\">Ausgabe-02-2026_Homepage<br\/><\/a>\n<div data-ce-tag=\"spacer\"><\/div>\n<\/div>","protected":false},"excerpt":{"rendered":"<p>Ausz\u00fcge aus der aktuellen Ausgabe An dieser Stelle pr\u00e4sentieren wir Ihnen die aktuellen Ausgabe unseres Mitgliederzeitschrift \u201cErlebniSTanz \u2013 Das Magazin\u201d. Zum \u00d6ffnen der Dokumente wird der Adobe Reader ben\u00f6tigt. Diesen &hellip;<\/p>\n","protected":false},"author":2,"featured_media":0,"parent":27,"menu_order":0,"comment_status":"closed","ping_status":"closed","template":"fullwidth.php","meta":{"footnotes":""},"class_list":["post-144","page","type-page","status-publish","hentry"],"_links":{"self":[{"href":"https:\/\/erlebnis-tanz.org\/bvst\/wp-json\/wp\/v2\/pages\/144","targetHints":{"allow":["GET"]}}],"collection":[{"href":"https:\/\/erlebnis-tanz.org\/bvst\/wp-json\/wp\/v2\/pages"}],"about":[{"href":"https:\/\/erlebnis-tanz.org\/bvst\/wp-json\/wp\/v2\/types\/page"}],"author":[{"embeddable":true,"href":"https:\/\/erlebnis-tanz.org\/bvst\/wp-json\/wp\/v2\/users\/2"}],"replies":[{"embeddable":true,"href":"https:\/\/erlebnis-tanz.org\/bvst\/wp-json\/wp\/v2\/comments?post=144"}],"version-history":[{"count":56,"href":"https:\/\/erlebnis-tanz.org\/bvst\/wp-json\/wp\/v2\/pages\/144\/revisions"}],"predecessor-version":[{"id":19201,"href":"https:\/\/erlebnis-tanz.org\/bvst\/wp-json\/wp\/v2\/pages\/144\/revisions\/19201"}],"up":[{"embeddable":true,"href":"https:\/\/erlebnis-tanz.org\/bvst\/wp-json\/wp\/v2\/pages\/27"}],"wp:attachment":[{"href":"https:\/\/erlebnis-tanz.org\/bvst\/wp-json\/wp\/v2\/media?parent=144"}],"curies":[{"name":"wp","href":"https:\/\/api.w.org\/{rel}","templated":true}]}}