{"id":15,"date":"2021-04-26T09:14:08","date_gmt":"2021-04-26T07:14:08","guid":{"rendered":"https:\/\/erlebnis-tanz.org\/bvst\/?page_id=15"},"modified":"2022-11-19T08:56:17","modified_gmt":"2022-11-19T07:56:17","slug":"wir-ueber-uns","status":"publish","type":"page","link":"https:\/\/erlebnis-tanz.org\/bvst\/wir-ueber-uns\/","title":{"rendered":"\u00dcber uns"},"content":{"rendered":"<div class=\"pbs-main-wrapper\"><div class=\"pbs-row\" style=\"min-height: 200px;\">\n<div class=\"pbs-col\" style=\"flex-basis: 50%; justify-content: center; padding-top: 0px;\">\n<p><img decoding=\"async\" alt class=\"aligncenter size-full wp-image-266\" height=\"329\" loading=\"lazy\" src=\"https:\/\/erlebnis-tanz.org\/bvst\/wp-content\/uploads\/sites\/2\/2022\/11\/erlebnistanz-wir-ueber-uns_neu.jpg\" width=\"1077\"><\/p>\n<\/div>\n<\/div>\n<h4> <span style=\"color:rgb(35,;\">Wir stellen uns vor<\/span> <\/h4>\n<p>Seit 40 Jahren wird ErlebniSTanz im Bundesverband Seniorentanz e.V. (BVST) als eine besondere Art des offenen Tanzens gepflegt. Unter der Leitung von qualifizierten Tanzleiterinnen und Tanzleitern werden vielf\u00e4ltige und abwechslungsreiche T\u00e4nze aus aller Welt vermittelt.<\/p>\n<p style=\"margin-top: -4px;\">Der BVST bildet Tanzleiterinnen \/ Tanzleiter im ErlebniSTanz aus und erm\u00f6glicht ihnen das Erlernte in verbandseignen Gruppen anzubieten. Der Verband erarbeitet T\u00e4nze, gibt Tanzbeschreibungen und CDs heraus und sorgt mit j\u00e4hrlichen Weiterbildungsangeboten f\u00fcr eine kontinuierliche Fortbildung seiner Mitglieder. Unsere Tanzleiterinnen \/ Tanzleiter bewegen in unz\u00e4hligen Gruppen w\u00f6chentlich in Deutschland \u00fcber 200 000 Menschen. ErlebniSTanz zieht immer weitere Kreise. L\u00e4ngst arbeiten wir generationen\u00fcbergreifend.<\/p>\n<p>Alle Vorstandsmitglieder, Mitglieder in Beir\u00e4ten, Arbeitskreisen und Aussch\u00fcssen arbeiten ehrenamtlich. Der BVST verfolgt ausschlie\u00dflich und unmittelbar gemeinn\u00fctzige Zwecke. Der Verband ist politisch, weltanschaulich und religi\u00f6s unabh\u00e4ngig. Er ist Mitglied im Parit\u00e4tischen Bildungswerk und in der Bundesarbeitsgemeinschaft der Seniorenorganisationen (BAGSO). Im Deutschen Tanzsportverband e.V. ist der BVST als Fachverband aufgenommen.<\/p>\n<div class=\"pbs-row\" style=\"min-height: 200px;\">\n<div class=\"pbs-col\" style=\"justify-content: center;\">\n<p><img decoding=\"async\" alt class=\"aligncenter size-full wp-image-267\" height=\"188\" loading=\"lazy\" src=\"https:\/\/erlebnis-tanz.org\/bvst\/wp-content\/uploads\/sites\/2\/2021\/04\/erlebnistanz-zahlen-daten-fakten40.png\" width=\"664\"><\/p>\n<\/div>\n<\/div>\n<div class=\"pbs-row\" style=\"min-height: 200px;\">\n<div class=\"pbs-col\" style=\"flex-basis: 50%; justify-content: flex-start;\">\n<h4> <span style=\"color:rgb(35,;\">Unsere Ziele<\/span> <\/h4>\n<p>Wir engagieren uns mit ErlebniSTanz f\u00fcr die rhythmische K\u00f6rperbewegung, um m\u00f6glichst vielen Menschen die Vorteile des Tanzens sp\u00fcrbar zu vermitteln. Die Vielfalt an Tanzformen, zu denen auch das Tanzen im Sitzen geh\u00f6rt, sowie erprobte Methoden der Tanzvermittlung durch eine qualifizierte Ausbildung im Bundesverband Seniorentanz e. V. erm\u00f6glichen das gesundheitsf\u00f6rdernde Tanzen f\u00fcr unterschiedliche Zielgruppen. Fort- und Weiterbildungsangebote erg\u00e4nzen die fachlich fundierte Arbeit in den verschiedenen Ausbildungen.<\/p>\n<p>\u00dcberall in Deutschland erm\u00f6glichen wir ErlebniSTanz, damit sich Gleichgesinnte treffen, neue soziale Kontakte kn\u00fcpfen, an fr\u00f6hlicher Gemeinschaft teilhaben \u2013 kurzum Lebensfreude und Lebensqualit\u00e4t erh\u00f6hen k\u00f6nnen.<\/p>\n<\/div>\n<div class=\"pbs-col\" style=\"flex-basis: 50%; justify-content: flex-start;\">\n<h4> <span style=\"color:rgb(35,;\">Unsere Verbandsstruktur<\/span> <\/h4>\n<p>Der Bundesverbandes Seniorentanz e.V. (BVST) gliedert sich in den Bundesvorstand und in 15 Landesverb\u00e4nde. Die Landesverb\u00e4nde sind \u00fcberwiegend deckungsgleich mit den Bundesl\u00e4ndern. Verschiedene Arbeitskreise auf regionaler Ebene dienen der Organisation, dem Austausch und der Weiterbildung der Mitglieder. Der Verband hat rund 6000 Mitglieder, von denen viele Tanzleiterinnen \/ Tanzleiter sind. Diese leiten Tanzgruppen in ErlebniSTanz-Kursen des BVST oder in Einrichtungen der Erwachsenenbildung, Kirchengemeinden, Sportvereinen, Volkshochschulen, Begegnungsst\u00e4tten, Seniorenzentren und Pflegeheimen u.a.m. Vielerorts gibt es auch Tanzgruppen, die die Bezeichnung Seniorentanz nutzen. Mitglieder zahlen einen Jahresbeitrag von 50 Euro. Sie erhalten die viertelj\u00e4hrlich erscheinende Verbandszeitschrift \u201eSenioren tanzen\u201c und Tanzangebote.<\/p>\n<p><span style=\"font-weight:bold;\"><a href=\"https:\/\/erlebnis-tanz.org\/bvst\/service\/kontaktformular\/\">Nehmen Sie Kontakt mit uns auf<\/a>,<\/span> wenn Sie weitere Informationen w\u00fcnschen.<\/p>\n<\/div>\n<\/div>\n<div data-ce-tag=\"spacer\"><\/div>\n<\/div>","protected":false},"excerpt":{"rendered":"<p>Wir stellen uns vor Seit 40 Jahren wird ErlebniSTanz im Bundesverband Seniorentanz e.V. (BVST) als eine besondere Art des offenen Tanzens gepflegt. Unter der Leitung von qualifizierten Tanzleiterinnen und Tanzleitern &hellip;<\/p>\n","protected":false},"author":1,"featured_media":0,"parent":0,"menu_order":0,"comment_status":"closed","ping_status":"closed","template":"fullwidth.php","meta":{"footnotes":""},"class_list":["post-15","page","type-page","status-publish","hentry"],"_links":{"self":[{"href":"https:\/\/erlebnis-tanz.org\/bvst\/wp-json\/wp\/v2\/pages\/15","targetHints":{"allow":["GET"]}}],"collection":[{"href":"https:\/\/erlebnis-tanz.org\/bvst\/wp-json\/wp\/v2\/pages"}],"about":[{"href":"https:\/\/erlebnis-tanz.org\/bvst\/wp-json\/wp\/v2\/types\/page"}],"author":[{"embeddable":true,"href":"https:\/\/erlebnis-tanz.org\/bvst\/wp-json\/wp\/v2\/users\/1"}],"replies":[{"embeddable":true,"href":"https:\/\/erlebnis-tanz.org\/bvst\/wp-json\/wp\/v2\/comments?post=15"}],"version-history":[{"count":8,"href":"https:\/\/erlebnis-tanz.org\/bvst\/wp-json\/wp\/v2\/pages\/15\/revisions"}],"predecessor-version":[{"id":7070,"href":"https:\/\/erlebnis-tanz.org\/bvst\/wp-json\/wp\/v2\/pages\/15\/revisions\/7070"}],"wp:attachment":[{"href":"https:\/\/erlebnis-tanz.org\/bvst\/wp-json\/wp\/v2\/media?parent=15"}],"curies":[{"name":"wp","href":"https:\/\/api.w.org\/{rel}","templated":true}]}}