{"id":17,"date":"2021-04-26T09:14:43","date_gmt":"2021-04-26T07:14:43","guid":{"rendered":"https:\/\/erlebnis-tanz.org\/bvst\/?page_id=17"},"modified":"2023-06-20T15:43:20","modified_gmt":"2023-06-20T13:43:20","slug":"erlebnistanz","status":"publish","type":"page","link":"https:\/\/erlebnis-tanz.org\/bvst\/wir-ueber-uns\/erlebnistanz\/","title":{"rendered":"ErlebniSTanz"},"content":{"rendered":"<div class=\"pbs-main-wrapper\"><div class=\"pbs-row\" style=\"min-height: 200px;\">\n<div class=\"pbs-col\" style=\"justify-content: center;\">\n<p><img decoding=\"async\" alt class=\"aligncenter size-full wp-image-352\" height=\"329\" loading=\"lazy\" src=\"https:\/\/erlebnis-tanz.org\/bvst\/wp-content\/uploads\/sites\/2\/2022\/11\/erlebnistanz-et_neu.jpg\" width=\"1077\"><\/p>\n<\/div>\n<\/div>\n<h4 style=\"margin-top: 40px;\"> <span style=\"color:rgb(35,;\">Musik und Rhythmus wecken unsere Lebensgeister<\/span> <\/h4>\n<p>Musik und Rhythmus wecken unsere Lebensgeister und animieren uns zum Tanzen \u2013 und das in jedem Lebensalter. Mit der Tanzart \u201eErlebniSTanz\u201c ein St\u00fcck wertvolle Lebensqualit\u00e4t in den Alltag \u00e4lterer Menschen zur\u00fcckzubringen oder zu erhalten, das ist mit der Unterst\u00fctzung von zertifizierten Tanzleiterinnen und Tanzleitern m\u00f6glich. Eine Vielfalt an Tanzformen wird als Gruppe in unterschiedlichsten Formationen nach internationaler Musik getanzt. Die Freude am Mitmachen steht dabei stets im Vordergrund. Vom Konzept und Aufbau her ist \u201eErlebniSTanz\u201c immer und \u00fcberall offen f\u00fcr Interessierte, sei es als Single oder Paar. Vorkenntnisse sind nicht erforderlich. Jeder ist eingeladen mitzumachen. ErlebniSTanz, eine Tanzart f\u00fcr die Fl\u00e4che oder im Sitzen, f\u00f6rdert Beweglichkeit, Kondition, Koordination, Reaktion und Konzentration. Es sind die kognitiven Leistungen, die durch das Tanzen beg\u00fcnstigt werden. Die gesundheitsf\u00f6rdernde Wirkung von ErlebniSTanz ist als ganzheitliche Aktivierung anerkannt. Wissenschaftliche Tanzstudien belegen die positiven Auswirkungen vom Tanzen. Zahlreiche Krankenkassen belohnen aktive T\u00e4nzerinnen \/ T\u00e4nzer im Rahmen ihrer Bonusprogramme.<\/p>\n<h4 style=\"margin-top: 40px;\"> <span style=\"color:rgb(35,;\">Einblicke<\/span> <\/h4>\n<p><a href=\"https:\/\/erlebnis-tanz.org\/bvst\/wir-ueber-uns\/erlebnistanz\/einblicke\/\">Fotos und Videos von unseren Veranstaltungen und aus unseren Gruppen \u2026<\/a><\/p>\n<div data-ce-tag=\"spacer\"><\/div>\n<\/div>","protected":false},"excerpt":{"rendered":"<p>Musik und Rhythmus wecken unsere Lebensgeister Musik und Rhythmus wecken unsere Lebensgeister und animieren uns zum Tanzen \u2013 und das in jedem Lebensalter. Mit der Tanzart \u201eErlebniSTanz\u201c ein St\u00fcck wertvolle &hellip;<\/p>\n","protected":false},"author":2,"featured_media":0,"parent":15,"menu_order":0,"comment_status":"closed","ping_status":"closed","template":"fullwidth.php","meta":{"footnotes":""},"class_list":["post-17","page","type-page","status-publish","hentry"],"_links":{"self":[{"href":"https:\/\/erlebnis-tanz.org\/bvst\/wp-json\/wp\/v2\/pages\/17","targetHints":{"allow":["GET"]}}],"collection":[{"href":"https:\/\/erlebnis-tanz.org\/bvst\/wp-json\/wp\/v2\/pages"}],"about":[{"href":"https:\/\/erlebnis-tanz.org\/bvst\/wp-json\/wp\/v2\/types\/page"}],"author":[{"embeddable":true,"href":"https:\/\/erlebnis-tanz.org\/bvst\/wp-json\/wp\/v2\/users\/2"}],"replies":[{"embeddable":true,"href":"https:\/\/erlebnis-tanz.org\/bvst\/wp-json\/wp\/v2\/comments?post=17"}],"version-history":[{"count":6,"href":"https:\/\/erlebnis-tanz.org\/bvst\/wp-json\/wp\/v2\/pages\/17\/revisions"}],"predecessor-version":[{"id":7072,"href":"https:\/\/erlebnis-tanz.org\/bvst\/wp-json\/wp\/v2\/pages\/17\/revisions\/7072"}],"up":[{"embeddable":true,"href":"https:\/\/erlebnis-tanz.org\/bvst\/wp-json\/wp\/v2\/pages\/15"}],"wp:attachment":[{"href":"https:\/\/erlebnis-tanz.org\/bvst\/wp-json\/wp\/v2\/media?parent=17"}],"curies":[{"name":"wp","href":"https:\/\/api.w.org\/{rel}","templated":true}]}}