{"id":23,"date":"2021-04-26T09:16:14","date_gmt":"2021-04-26T07:16:14","guid":{"rendered":"https:\/\/erlebnis-tanz.org\/bvst\/?page_id=23"},"modified":"2025-10-09T08:00:33","modified_gmt":"2025-10-09T06:00:33","slug":"ausbildung","status":"publish","type":"page","link":"https:\/\/erlebnis-tanz.org\/bvst\/ausbildung\/","title":{"rendered":"Ausbildung\/Tanzkalender"},"content":{"rendered":"<div class=\"pbs-main-wrapper\"><div class=\"pbs-row\" style=\"min-height: 200px\">\n<div class=\"pbs-col\" style=\"flex-basis: 33.33%;justify-content: center\">\n<div class=\"clearfix\" id=\"_1\" style=\"width: 100%\">\n<p id=\"text6\">Lehrg\u00e4nge und Zertifikate<br \/>\n<a href=\"https:\/\/erlebnis-tanz.org\/bvst\/ausbildung\/lehrgangs-und-zertifikatsinformation\/\">Information<\/a> | <a href=\"https:\/\/erlebnis-tanz.org\/bvst\/ausbildung\/lehrgangs-und-zertifikatstermine\/\">Termine<\/a> | <a href=\"https:\/\/erlebnis-tanz.org\/bvst\/ausbildung\/anmeldung\/\">Anmeldung<\/a><\/p>\n<\/div>\n<\/div>\n<div class=\"pbs-col\" style=\"flex-basis: 33.33%;justify-content: center\">\n<div class=\"clearfix\" id=\"_4\" style=\"width: 100%\">\n<p id=\"text9\">Lehrg\u00e4nge Tanzen im Sitzen\/mit Rollator<br \/>\n<a href=\"https:\/\/erlebnis-tanz.org\/bvst\/ausbildung\/lehrgangs-und-zertifikatsinformation\/#tis\">Information<\/a> | <a href=\"https:\/\/erlebnis-tanz.org\/bvst\/ausbildung\/lehrgangs-und-zertifikatstermine\/#tis\">Termine<\/a> | <a href=\"https:\/\/erlebnis-tanz.org\/bvst\/ausbildung\/anmeldung\/\">Anmeldung<\/a><\/p>\n<\/div>\n<\/div>\n<div class=\"pbs-col\" style=\"flex-basis: 33.33%;justify-content: center\">\n<div class=\"clearfix\" id=\"_3\" style=\"width: 100%\">\n<p id=\"text7\">Fortbildung<br \/>\n<a href=\"https:\/\/erlebnis-tanz.org\/bvst\/ausbildung\/fortbildungsinformation\/\">Information<\/a> | <a href=\"https:\/\/erlebnis-tanz.org\/bvst\/ausbildung\/fortbildungstermine\/\">Termine<\/a> | <a href=\"https:\/\/erlebnis-tanz.org\/bvst\/ausbildung\/anmeldung\/\">Anmeldung<\/a><\/p>\n<\/div>\n<\/div>\n<\/div>\n<h4>Ausbildungsg\u00e4nge<\/h4>\n<p>Die Freude an der Bewegung, die Begegnung mit Gleichgesinnten, wertvolle Lebensqualit\u00e4t im Alltag \u00e4lterer Menschen zu erm\u00f6glichen, dies alles ist uns wichtig. Um dies zu erreichen, bieten wir im Bereich der vermittelten Tanzarbeit mit \u201eErlebniSTanz\u201c zwei qualifizierte Ausbildungen an. Diese Ausbildungen werden von einer Zusatzqualifikation erg\u00e4nzt.<\/p>\n<p><span style=\"color: #282425;font-weight: bold\">1. Ausbildung des BVST e.V.<br \/>\nTanzleiter*in f\u00fcr Tanzen mit Senioren<\/span><\/p>\n<p>\u2013 3 Lehrg\u00e4nge <span style=\"color: #000000\">(<a style=\"color: #000000\" href=\"https:\/\/erlebnis-tanz.org\/bvst\/ausbildung\/lehrgangs-und-zertifikatsinformation\/\">Grundlehrgang mit 24 LE zzgl. 4 LE Online-Modul, Aufbaulehrgang I\u00a0 mit 40 LE zzgl. 2 LE Online-Modul und Aufbaulehrgang II inkl. Pr\u00fcfung zum Zertifikatserwerb mit 32 LE<\/a>)<\/span><\/p>\n<p>\u2013 Praxisphasen<\/p>\n<p>Diese Ausbildung bef\u00e4higt zur Leitung von ErlebniSTanz-Gruppen. Vorkenntnisse sind nicht erforderlich. Das Zertifikat berechtigt dazu, in Bonusheften vieler Krankenkassen die regelm\u00e4\u00dfige Teilnahme am ErlebniSTanz zu bescheinigen.<\/p>\n<p>Inhaber\/Inhaberinnen eines g\u00fcltigen Zertifikates k\u00f6nnen die Lizenz \u201eTrainer\/Trainerin C \u2013 Breitensport\u201c erhalten, wenn Sie nachweislich Mitglied in einem Verein sind, der dem Deutschen Tanzsportverein (DTV) angeh\u00f6rt.<\/p>\n<p><span style=\"color: #282425;font-weight: bold\">2. Ausbildung des BVST e.V.<br \/>\nTanzleiter*in f\u00fcr Tanzen im Sitzen<\/span><\/p>\n<p>\u2013 3 Lehrg\u00e4nge<span style=\"color: #000000\"> (<a style=\"color: #000000\" href=\"https:\/\/erlebnis-tanz.org\/bvst\/ausbildung\/lehrgangs-und-zertifikatsinformation\/#tis\">Bausteine 1, Baustein 2 und Baustein 3 mit M\u00f6glichkeit zur Erlangung des Zertifikats<\/a>)<\/span> mit jeweils 16 Lerneinheiten<\/p>\n<p>\u2013 Praxisphasen<\/p>\n<p>Die Ausbildung Tanzen im Sitzen bef\u00e4higt zur Leitung von ErlebniSTanz-Gruppen f\u00fcr Senioren, die in ihrer Beweglichkeit eingeschr\u00e4nkt sind. Sie richtet sich an (auch zuk\u00fcnftige) haupt- oder ehrenamtliche Mitarbeitende in der offenen oder station\u00e4ren Altenarbeit. Ausgebildete Tanzleiter*innen f\u00fcr Tanzen im Sitzen k\u00f6nnen ihre erlernten F\u00e4higkeiten in Gruppen mit Ged\u00e4chtnistraining sowie im physiotherapeutischen Bereich anwenden.<\/p>\n<p><strong><span style=\"color: #ff6600\"><u>Hinweis f\u00fcr Betreuungskr\u00e4fte:<\/u><\/span><\/strong><\/p>\n<p>Diese Veranstaltung f\u00fcr Tanzen im Sitzen entspricht den Fortbildungsangeboten f\u00fcr zus\u00e4tzliche Betreuungskr\u00e4fte in station\u00e4ren Pflegeeinrichtungen entsprechend den Betreuungskr\u00e4fte-Richtlinien des GKV-Spitzenverbands nach \u00a7 53b SGB XI.<\/p>\n<p><strong><span style=\"color: #ff6600\">Hinweis: Bisherige Absolventen des Grundlehrgangs der Ausbildung des BVST e.V. \u201eTanzleiter*in f\u00fcr Tanzen mit Senioren\u201c k\u00f6nnen die Ausbildung mit dem Baustein 2 fortsetzen.<\/span><\/strong><\/p>\n<p>\u201eZertifikate berechtigen nicht zur Durchf\u00fchrung von Aus- und Weiterbildungslehrg\u00e4ngen des BVST.\u201c<\/p>\n<p><span style=\"color: #282425;font-weight: bold\">3. Fortbildungsmodule des BVST e.V.<br \/>\nf\u00fcr Tanzen mit Rollator<\/span>\u00a0*)<\/p>\n<p>\u2013 2 Module (Einsteiger-Modul und Tanzleiter-Modul) mit jeweils 16 Lerneinheiten<\/p>\n<p>Die zwei verschiedenen Module bef\u00e4higen zur Leitung von ErlebniSTanz-Gruppen f\u00fcr Personen, die auf einen Rollator angewiesen sind und deren <u>Mobilit\u00e4t<\/u> damit aufrechterhalten werden kann.<\/p>\n<p>Die Inhalte der beiden Module unterscheiden sich, da sie f\u00fcr Teilnehmer*innen mit und ohne Vorerfahrungen konzipiert wurden. Zur Vertiefung\/Erweiterung wird den Teilnehmenden des Einsteiger-Moduls die Ausbildung des BVST e.v. \u201eTanzleiter*in f\u00fcr Tanzen im Sitzen\u201c empfohlen, um auch diese Tanzform in Stundenbilder einer Rollatortanz-Gruppe einflie\u00dfen lassen zu k\u00f6nnen.<\/p>\n<h4 style=\"margin-top: 40px\">Fortbildung<\/h4>\n<p>Der Bundesverband Seniorentanz e.V. bietet jedes Jahr verbandliche Weiterbildungen mit neuen T\u00e4nzen und wechselnden Themenschwerpunkten an. Die Weiterbildungen f\u00fcr den Bereich Seniorentanz richten sich an Seniorentanzleiter*innen, die ErlebniSTanz-Kurse sowie mobile Tanzgruppen leiten. Weiterbildungen f\u00fcr Tanzen im Sitzen sind ausgerichtet auf die Arbeit mit Gruppen, die im Sitzen tanzen. Die zus\u00e4tzlich angebotenen Seminare besch\u00e4ftigen sich mit unterschiedlichsten Themenbereichen und wenden sich je nach Ausschreibung an unterschiedliche Zielgruppen.<\/p>\n<div>\n<p><u>_____<\/u><br \/>\n*) <i><span style=\"font-size: small\">Tanzen mit Rollator ist konzipiert f\u00fcr Menschen,<br \/>\n\u2013 die mit Unterst\u00fctzung ihres Rollators selbstst\u00e4ndig gehen k\u00f6nnen<br \/>\n\u2013 die den Rollator innerhalb und\/oder au\u00dferhalb der Wohnung nutzen, z.B. zum Einkaufen<br \/>\n\u2013 die mit dem Rollator selbstst\u00e4ndig Veranstaltungen in ihrem unmittelbaren Umfeld besuchen k\u00f6nnen<br \/>\n\u2013 die in der Lage sind, t\u00e4nzerische Bewegungsvorgaben und -richtungen zu verstehen und auszuf\u00fchren<br \/>\n\u2013 die in ihrer Orientierung, Wahrnehmung und Koordination nicht oder kaum eingeschr\u00e4nkt sind.<\/span><\/i><\/p>\n<\/div>\n<\/div>","protected":false},"excerpt":{"rendered":"<p>Lehrg\u00e4nge und Zertifikate Information | Termine | Anmeldung Lehrg\u00e4nge Tanzen im Sitzen\/mit Rollator Information | Termine | Anmeldung Fortbildung Information | Termine | Anmeldung Ausbildungsg\u00e4nge Die Freude an der Bewegung, &hellip;<\/p>\n","protected":false},"author":2,"featured_media":0,"parent":0,"menu_order":0,"comment_status":"closed","ping_status":"closed","template":"fullwidth.php","meta":{"footnotes":""},"class_list":["post-23","page","type-page","status-publish","hentry"],"_links":{"self":[{"href":"https:\/\/erlebnis-tanz.org\/bvst\/wp-json\/wp\/v2\/pages\/23","targetHints":{"allow":["GET"]}}],"collection":[{"href":"https:\/\/erlebnis-tanz.org\/bvst\/wp-json\/wp\/v2\/pages"}],"about":[{"href":"https:\/\/erlebnis-tanz.org\/bvst\/wp-json\/wp\/v2\/types\/page"}],"author":[{"embeddable":true,"href":"https:\/\/erlebnis-tanz.org\/bvst\/wp-json\/wp\/v2\/users\/2"}],"replies":[{"embeddable":true,"href":"https:\/\/erlebnis-tanz.org\/bvst\/wp-json\/wp\/v2\/comments?post=23"}],"version-history":[{"count":71,"href":"https:\/\/erlebnis-tanz.org\/bvst\/wp-json\/wp\/v2\/pages\/23\/revisions"}],"predecessor-version":[{"id":18035,"href":"https:\/\/erlebnis-tanz.org\/bvst\/wp-json\/wp\/v2\/pages\/23\/revisions\/18035"}],"wp:attachment":[{"href":"https:\/\/erlebnis-tanz.org\/bvst\/wp-json\/wp\/v2\/media?parent=23"}],"curies":[{"name":"wp","href":"https:\/\/api.w.org\/{rel}","templated":true}]}}