{"id":951,"date":"2021-06-10T15:30:42","date_gmt":"2021-06-10T13:30:42","guid":{"rendered":"https:\/\/erlebnis-tanz.org\/bvst\/?page_id=951"},"modified":"2025-11-17T08:01:46","modified_gmt":"2025-11-17T07:01:46","slug":"produkte","status":"publish","type":"page","link":"https:\/\/erlebnis-tanz.org\/bvst\/produkte\/","title":{"rendered":"Produkte"},"content":{"rendered":"<div class=\"pbs-main-wrapper\"><div>\n<p>Sie suchen einen bestimmten Artikel? Verwenden Sie hierzu unsere&nbsp;<a href=\"https:\/\/erlebnis-tanz.org\/bvst\/produkte\/artikelsuche\/\" style=\"font-family: dejavu_serifitalic;\" xlink=\"href\"><img decoding=\"async\" src=\"https:\/\/erlebnis-tanz.org\/bvst\/wp-content\/uploads\/sites\/2\/2021\/06\/search_icon.png\" style=\"margin-bottom: 0px; margin-right: 5px;\" title=\"Artikelsuche\" width=\"20px\">ARTIKELSUCHE<\/a><\/p>\n<\/div>\n<div class=\"pbs-row\" style=\"min-height: 200px;\">\n<div class=\"pbs-col\" style=\"flex-basis: 33%; justify-content: center;\">\n<div class=\"clearfix\" id=\"_1\" style=\"width: 100%;\">\n<p id=\"text6\">Weiterbildung \/ ISDC<br \/> <a href=\"https:\/\/erlebnis-tanz.org\/bvst\/produkte\/musik\/\" xlink=\"href\">Musik und Sets<\/a> | <a href=\"https:\/\/erlebnis-tanz.org\/bvst\/produkte\/broschueren\/\" xlink=\"href\">Brosch\u00fcren<\/a><\/p>\n<\/div>\n<\/div>\n<div class=\"pbs-col\" style=\"flex-basis: 33%; justify-content: center;\">\n<div class=\"clearfix\" id=\"_2\" style=\"width: 100%;\">\n<p id=\"text7\">Tanzt einfach mit<br \/> <a href=\"https:\/\/erlebnis-tanz.org\/bvst\/produkte\/musik\/#TANZTEINFACHMIT\" xlink=\"href\">Musik und Sets<\/a> | <a href=\"https:\/\/erlebnis-tanz.org\/bvst\/produkte\/broschueren\/#TANZTEINFACHMIT\" xlink=\"href\">Brosch\u00fcren<\/a><\/p>\n<\/div>\n<\/div>\n<div class=\"pbs-col\" style=\"flex-basis: 33%; justify-content: center;\">\n<div class=\"clearfix\" id=\"_3\" style=\"width: 100%;\">\n<p id=\"text8\">Tanzen im Sitzen<br \/> <a href=\"https:\/\/erlebnis-tanz.org\/bvst\/produkte\/musik-tanzen-im-sitzen\/\" xlink=\"href\">Musik und Sets<\/a> | <a href=\"https:\/\/erlebnis-tanz.org\/bvst\/produkte\/broschueren-tanzen-im-sitzen\/\" xlink=\"href\">Brosch\u00fcren<\/a><\/p>\n<\/div>\n<\/div>\n<\/div>\n<div class=\"pbs-row\" style=\"min-height: 200px;\">\n<div class=\"pbs-col\" style=\"flex-basis: 33%; justify-content: center;\">\n<div class=\"clearfix\" id=\"_4\" style=\"width: 100%;\">\n<p id=\"text9\">Kontrat\u00e4nze<br \/> <a href=\"https:\/\/erlebnis-tanz.org\/bvst\/produkte\/broschueren\/#KONTRATAENZE\" xlink=\"href\">Musik und Sets<\/a> | <a href=\"https:\/\/erlebnis-tanz.org\/bvst\/produkte\/broschueren\/#KONTRATAENZE\" xlink=\"href\">Brosch\u00fcren<\/a><\/p>\n<\/div>\n<\/div>\n<div class=\"pbs-col\" style=\"flex-basis: 33%; justify-content: center;\">\n<div class=\"clearfix\" id=\"_5\" style=\"width: 100%;\">\n<p id=\"text10\">Tanzt einfach mit im Sitzen<br \/> <a href=\"https:\/\/erlebnis-tanz.org\/bvst\/produkte\/musik-tanzen-im-sitzen\/#TANZTEINFACHMITIMSITZEN\" xlink=\"href\">Musik und Sets<\/a> | <a href=\"https:\/\/erlebnis-tanz.org\/bvst\/produkte\/broschueren-tanzen-im-sitzen\/#TANZTEINFACHMITIMSITZEN\" xlink=\"href\">Brosch\u00fcren<\/a><\/p>\n<\/div>\n<\/div>\n<div class=\"pbs-col\" style=\"flex-basis: 33%; justify-content: center;\">\n<div class=\"clearfix\" id=\"_6\" style=\"width: 100%;\">\n<p id=\"text11\" style=\"line-height: 1.1em !important;\">Sonstige Produkte<br \/> <a href=\"https:\/\/erlebnis-tanz.org\/bvst\/produkte\/verschiedenes\/#WEITERES\" xlink=\"href\">Weitere Produkte<\/a> | <a href=\"https:\/\/erlebnis-tanz.org\/bvst\/produkte\/verschiedenes\/#\" xlink=\"href\">Sei Dabei \/ Tanzen mit Rollator \/ Verschiedenes<\/a><\/p>\n<\/div>\n<\/div>\n<\/div>\n<h4 style=\"margin-top: 40px;\"> Willkommen in unserem Online-Bestellsystem! <\/h4>\n<div>\n<table border=\"0\" cellpadding=\"0\" cellspacing=\"0\">\n<tbody>\n<tr>\n<td style=\"padding-left: 0px;\">\n<p>In unserem Online-Bestellsystem finden Sie alle Produkte, die Sie \u00fcber diese Webseite direkt bei uns bestellen k\u00f6nnen. Zu unseren Tontr\u00e4gern sind die dazugeh\u00f6rigen Tanzbeschreibungen als Brosch\u00fcren separat zu bestellen. Besonderheiten zu unseren Produkten sind unter den Inhaltsangaben vermerkt!<br \/> Als pers\u00f6nliches Mitglied im BVST e.V. erhalten Sie 20% Rabatt auf alle Produkte. Bitte beachten Sie, dass wir hier nur die Nichtmitgliederpreise ausgewiesen haben. Die Gesch\u00e4ftsstelle liefert Ihre Bestellung automatisch zu den reduzierten Preisen aus! Hierzu ist es notwendig, dass Sie Ihre Mitgliedsnummer bei der Bestellung angeben.<\/p>\n<\/td>\n<td style=\"width: 120px; padding-left: 15px;\">\n<p><a href=\"https:\/\/www.shopsave.de\/ueber-uns\/pruefsiegel\/\" rel=\"noopener\" target=\"_blank\" xlink=\"href\"><img decoding=\"async\" border=\"0\" src=\"https:\/\/erlebnis-tanz.org\/bvst\/wp-content\/uploads\/sites\/2\/2021\/06\/shopsave_siegel_90x90.png\" title=\"Informationen zu Shopsave\"><\/a><\/p>\n<\/td>\n<\/tr>\n<\/tbody>\n<\/table>\n<\/div>\n<h4> Hinweis zur Online-Streitbeilegung <\/h4>\n<div>\n<p style=\"margin-top: 14px;\">Die EU-Kommission hat eine Online-Plattform zur Online-Streitbeilegung (OS-Plattform) bereitgestellt, die hier erreichbar ist:<br \/> <a href=\"https:\/\/ec.europa.eu\/consumers\/odr\" rel=\"noopener\" target=\"_blank\" xlink=\"href\">https:\/\/ec.europa.eu\/consumers\/odr<\/a><\/p>\n<\/div>\n<h4 style=\"margin-top: 40px;\"> Hinweis nach \u00a7 36 Abs. 1 Nr. 1 VSBG <\/h4>\n<div>\n<p>Wir sind grunds\u00e4tzlich nicht bereit und verpflichtet, an einem Streitbeilegungsverfahren vor einer Verbraucherschlichtungsstelle teilzunehmen.<\/p>\n<\/div>\n<div data-ce-tag=\"spacer\"><\/div>\n<div data-ce-tag=\"spacer\"><\/div>\n<\/div>","protected":false},"excerpt":{"rendered":"<p>Sie suchen einen bestimmten Artikel? Verwenden Sie hierzu unsere&nbsp;ARTIKELSUCHE Weiterbildung \/ ISDC Musik und Sets | Brosch\u00fcren Tanzt einfach mit Musik und Sets | Brosch\u00fcren Tanzen im Sitzen Musik und &hellip;<\/p>\n","protected":false},"author":1,"featured_media":0,"parent":0,"menu_order":0,"comment_status":"closed","ping_status":"closed","template":"fullwidth.php","meta":{"footnotes":""},"class_list":["post-951","page","type-page","status-publish","hentry"],"_links":{"self":[{"href":"https:\/\/erlebnis-tanz.org\/bvst\/wp-json\/wp\/v2\/pages\/951","targetHints":{"allow":["GET"]}}],"collection":[{"href":"https:\/\/erlebnis-tanz.org\/bvst\/wp-json\/wp\/v2\/pages"}],"about":[{"href":"https:\/\/erlebnis-tanz.org\/bvst\/wp-json\/wp\/v2\/types\/page"}],"author":[{"embeddable":true,"href":"https:\/\/erlebnis-tanz.org\/bvst\/wp-json\/wp\/v2\/users\/1"}],"replies":[{"embeddable":true,"href":"https:\/\/erlebnis-tanz.org\/bvst\/wp-json\/wp\/v2\/comments?post=951"}],"version-history":[{"count":32,"href":"https:\/\/erlebnis-tanz.org\/bvst\/wp-json\/wp\/v2\/pages\/951\/revisions"}],"predecessor-version":[{"id":18400,"href":"https:\/\/erlebnis-tanz.org\/bvst\/wp-json\/wp\/v2\/pages\/951\/revisions\/18400"}],"wp:attachment":[{"href":"https:\/\/erlebnis-tanz.org\/bvst\/wp-json\/wp\/v2\/media?parent=951"}],"curies":[{"name":"wp","href":"https:\/\/api.w.org\/{rel}","templated":true}]}}