{"id":966,"date":"2021-06-10T15:33:51","date_gmt":"2021-06-10T13:33:51","guid":{"rendered":"https:\/\/erlebnis-tanz.org\/bvst\/?page_id=966"},"modified":"2021-11-15T17:30:37","modified_gmt":"2021-11-15T16:30:37","slug":"elektr-bestellzettel","status":"publish","type":"page","link":"https:\/\/erlebnis-tanz.org\/bvst\/warenkorb\/elektr-bestellzettel\/","title":{"rendered":"Warenkorb bestellen"},"content":{"rendered":"<div class=\"pbs-main-wrapper\"><div><script src=\"https:\/\/erlebnis-tanz.org\/bvst\/wp-content\/uploads\/cart\/language-ge.js\"><\/script><script src=\"https:\/\/erlebnis-tanz.org\/bvst\/wp-content\/uploads\/cart\/nopcart.js\"><\/script><\/div>\n<div>\n<h4 style=\"margin-top: 0px;\">Rechnungs- und Versandanschrift<\/h4>\n<\/div>\n<div><script type='text\/javascript'>function target_popup(form) { form.target = '_self'; }<\/script><\/div>\n<div>\n<form action=\"https:\/\/erlebnis-tanz.org\/bvst\/produkte\/checkout\/\" method=\"POST\"  onsubmit=\"ValidateCart(this); target_popup(this);\">\n<p>Der Versand erfolgt auf Rechnung. Mitglieder mit g\u00fcltiger Mitgliedsnummer erhalten automatisch 20% Rabatt auf unsere Produkte.<br \/>\nGeben Sie hierf\u00fcr <u><strong>unbedingt<\/strong><\/u> Ihre <strong>Mitgliedsnummer<\/strong> an!<\/p>\n<div>\n<table border=\"0\" cellspacing=\"0\" cellpadding=\"0\" style=\"max-width: 600px;\">\n<tbody>\n<tr>\n<td style=\"width: 160px;\">Rechnungsempf\u00e4nger \/ Vorname *)<\/td>\n<td><input name=\"b_vname\" size=\"45\" type=\"text\" \/><\/td>\n<\/tr>\n<tr>\n<td>Name *)<\/td>\n<td><input name=\"b_nname\" size=\"45\" type=\"text\" \/><\/td>\n<\/tr>\n<tr>\n<td>Anschrift *)<\/td>\n<td><textarea cols=\"44\" name=\"b_str\" rows=\"3\"><\/textarea><\/td>\n<\/tr>\n<tr>\n<td>PLZ *)<\/td>\n<td><input name=\"b_plz\" size=\"34\" type=\"text\" \/><\/td>\n<\/tr>\n<tr>\n<td>Ort *)<\/td>\n<td><input name=\"b_ort\" size=\"34\" type=\"text\" \/><\/td>\n<\/tr>\n<tr>\n<td valign=\"top\">abw. Versandanschrift \/<br \/>\nsonst. Mitteilungen<\/td>\n<td><textarea cols=\"44\" name=\"comment1\" rows=\"7\"><\/textarea><\/td>\n<\/tr>\n<tr>\n<td valign=\"top\">E-Mail *)<\/td>\n<td><input name=\"b_email\" size=\"45\" type=\"text\" \/><\/td>\n<\/tr>\n<tr>\n<td valign=\"top\">Telefon (f\u00fcr R\u00fcckfragen)<\/td>\n<td><input name=\"b_tel\" size=\"45\" type=\"text\" \/><\/td>\n<\/tr>\n<tr>\n<td>Mitgliedsnummer<\/td>\n<td><input maxlength=\"6\" name=\"b_addr\" size=\"10\" type=\"text\" \/><\/td>\n<\/tr>\n<\/tbody>\n<\/table>\n<\/div>\n<p>*) Pflichtfeld<\/p>\n<div>\n<h4 style=\"margin-top: 40px;\">Allgemeine Gesch\u00e4ftsbedingungen und weitere Informationen<\/h4>\n<div>\n<div>\n<table id=\"ordering_terms\">\n<tbody>\n<tr>\n<td colspan=\"2\"><a href=\"https:\/\/erlebnis-tanz.org\/bvst\/produkte\/kundeninformation-und-agb\/\" xlink=\"href\">AGB anzeigen<\/a> | <a href=\"https:\/\/erlebnis-tanz.org\/bvst\/produkte\/widerrufsbelehrung\/\" xlink=\"href\">Widerrufsbelehrung anzeigen<\/a> | <a href=\"https:\/\/erlebnis-tanz.org\/datenschutz\/\" xlink=\"href\">Datenschutz anzeigen<\/a><\/td>\n<\/tr>\n<tr>\n<td align=\"top\"><input id=\"agbs_akkzeptiert\" name=\"agbs_akkzeptiert\" type=\"checkbox\" value=\"Ja\" \/><\/td>\n<td>Der Kauf der Ware erfolgt auf der Grundlage der allgemeinen Gesch\u00e4ftsbedingungen (AGB) des Bundesverband Seniorentanz e. V.<br \/>\nDer K\u00e4ufer best\u00e4tigt, dass er die genannten AGB, insbesondere die Widerrufsbelehrung und die Datenschutzerkl\u00e4rung, gelesen und ausgedruckt hat und sich mit der Einbeziehung der AGB in den Kaufvertrag einverstanden erkl\u00e4rt.<\/td>\n<\/tr>\n<\/tbody>\n<\/table>\n<\/div>\n<div>\n<h4 style=\"margin-top: 40px;\">Ihr Warenkorb enth\u00e4lt folgende Produkte<\/h4>\n<\/div>\n<div><script type='text\/javascript'>ManageCart('1');<\/script><\/div>\n<p><!--\n<u>Technische Hinweise:<\/u>\nSofern Sie einen Popup-Blocker verwenden, m\u00fcssen Sie das \u00d6ffnen der Bestellbest\u00e4tigungsseite zulassen, damit Ihre Bestellung versendet werden kann. Ihr Browser weist Sie darauf hin! \u00dcberpr\u00fcfen Sie Ihren Spam-Ordner, wenn Sie keine automatische Bestellbest\u00e4tigung erhalten.\n--><br \/>\n<input type=\"SUBMIT\" value=\" Zahlungspflichtig bestellen \" \/><br \/>\n<\/form>\n<\/div>\n<\/div>\n<\/form>\n<\/div>\n<div data-ce-tag=\"spacer\"><\/div>\n<div data-ce-tag=\"spacer\"><\/div>\n<\/div>","protected":false},"excerpt":{"rendered":"<p>Rechnungs- und Versandanschrift Der Versand erfolgt auf Rechnung. Mitglieder mit g\u00fcltiger Mitgliedsnummer erhalten automatisch 20% Rabatt auf unsere Produkte. Geben Sie hierf\u00fcr unbedingt Ihre Mitgliedsnummer an! Rechnungsempf\u00e4nger \/ Vorname *) &hellip;<\/p>\n","protected":false},"author":1,"featured_media":0,"parent":1309,"menu_order":0,"comment_status":"closed","ping_status":"closed","template":"fullwidth.php","meta":{"footnotes":""},"class_list":["post-966","page","type-page","status-publish","hentry"],"_links":{"self":[{"href":"https:\/\/erlebnis-tanz.org\/bvst\/wp-json\/wp\/v2\/pages\/966","targetHints":{"allow":["GET"]}}],"collection":[{"href":"https:\/\/erlebnis-tanz.org\/bvst\/wp-json\/wp\/v2\/pages"}],"about":[{"href":"https:\/\/erlebnis-tanz.org\/bvst\/wp-json\/wp\/v2\/types\/page"}],"author":[{"embeddable":true,"href":"https:\/\/erlebnis-tanz.org\/bvst\/wp-json\/wp\/v2\/users\/1"}],"replies":[{"embeddable":true,"href":"https:\/\/erlebnis-tanz.org\/bvst\/wp-json\/wp\/v2\/comments?post=966"}],"version-history":[{"count":41,"href":"https:\/\/erlebnis-tanz.org\/bvst\/wp-json\/wp\/v2\/pages\/966\/revisions"}],"predecessor-version":[{"id":2243,"href":"https:\/\/erlebnis-tanz.org\/bvst\/wp-json\/wp\/v2\/pages\/966\/revisions\/2243"}],"up":[{"embeddable":true,"href":"https:\/\/erlebnis-tanz.org\/bvst\/wp-json\/wp\/v2\/pages\/1309"}],"wp:attachment":[{"href":"https:\/\/erlebnis-tanz.org\/bvst\/wp-json\/wp\/v2\/media?parent=966"}],"curies":[{"name":"wp","href":"https:\/\/api.w.org\/{rel}","templated":true}]}}