{"id":99,"date":"2021-04-26T12:16:42","date_gmt":"2021-04-26T10:16:42","guid":{"rendered":"https:\/\/erlebnis-tanz.org\/bvst\/?page_id=99"},"modified":"2023-11-08T17:00:10","modified_gmt":"2023-11-08T16:00:10","slug":"einblicke","status":"publish","type":"page","link":"https:\/\/erlebnis-tanz.org\/bvst\/wir-ueber-uns\/erlebnistanz\/einblicke\/","title":{"rendered":"Einblicke"},"content":{"rendered":"<div class=\"pbs-main-wrapper\"><h4><span>\u201eM\u00f6chten Sie auch tanzen bis zum allerletzten Lebenstanz?\u201c<\/span><\/h4>\n<div>\n<strong>Ausschnitt aus dem \u201eTravem\u00fcnde-Journal&#8220; vom Offenen Kanal L\u00fcbeck vom 7.11.23<\/strong><\/p>\n<p>\nAb Minute 23:30 h\u00f6ren Sie einen interessanten Beitrag \u00fcber Gisela Grietens, \u00fcber 45 Jahre Mitglied im Bundesverband Seniorentanz e.V. und aktive Tanzleiterin in Schleswig-Holstein bis zum Schluss (verstorben am 9.10.2023 im Alter von 94 1\/2 Jahren).<\/p>\n<p>Frau Grietens &#8211; eine aktive, offene, interessierte und tanzbegeisterte Person, mit dem Fahrrad in ihrer Heimat unterwegs, am Strand von Travem\u00fcnde zu Hause.<\/p>\n<p><img decoding=\"async\" src=\"https:\/\/erlebnis-tanz.org\/bvst\/wp-content\/uploads\/sites\/2\/2023\/11\/Ausschnitt-GG_2014-09-20.jpg\" alt=\"Fr. Grietens\" width=\"185px\" \/>&nbsp;<img decoding=\"async\" src=\"https:\/\/erlebnis-tanz.org\/bvst\/wp-content\/uploads\/sites\/2\/2023\/11\/GG-HL_2022-06_15.jpg\" alt=\"Fr. Grietens\" width=\"400px\"  \/><br \/><strong><br \/>\n<a href=\"https:\/\/drive.google.com\/file\/d\/1-8rVXtAtxIIitXaHcFAZJ8b0EQY94xZe\/view?usp=sharing\" target=\"_blank\" title=\"Audio-Beitrag(MP3) anh\u00f6ren\" rel=\"noopener\">Audio-Beitrag hier anh\u00f6ren &#8230;<\/a><\/strong><\/p>\n<p>&nbsp;<\/p>\n<\/div>\n<h4><span>AK Bottrop: Tanzfest im Rahmen des Stadtfestes Bottrop am 03.06.2023<\/span><\/h4>\n<div class=\"pbs-row\" style=\"min-height: 200px\">\n<div class=\"pbs-col\" style=\"justify-content: center\">\n<div data-ce-tag=\"html\" data-html=\"PGRpdj4gPGEgaHJlZj0iaHR0cHM6Ly9ldXIwMy5zYWZlbGlua3MucHJvdGVjdGlvbi5vdXRsb29rLmNvbS8\/dXJsPWh0dHBzJTNBJTJGJTJGYnVuZGVzdmVyYmFuZHNlbmlvcmVuLW15LnNoYXJlcG9pbnQuY29tJTJGJTNBdiUzQSUyRmclMkZwZXJzb25hbCUyRmFrLWJvdHRyb3AtbndfZXJsZWJuaXMtdGFuel9kZSUyRkVZcGl1TlF3a3c1RnVCNmhvUm1UZnFzQmhmV0dqWi1ValBuay1tTlk5Nl9zVVEmYW1wO2RhdGE9MDUlN0MwMSU3Q2JlZG5hcnppayU0MGJkcC1zb2Z0d2FyZS5kZSU3QzcxNDY5ZTI2MzIyYTQ4ZDVhYzYzMDhkYjczMTc5MjFiJTdDYjY4NmIxMTEzYjZjNGZkMWI4MjU4NmU4Mzg4MWRkODYlN0MxJTdDMCU3QzYzODIzMDMxNzMwOTUwMjA1MyU3Q1Vua25vd24lN0NUV0ZwYkdac2IzZDhleUpXSWpvaU1DNHdMakF3TURBaUxDSlFJam9pVjJsdU16SWlMQ0pCVGlJNklrMWhhV3dpTENKWFZDSTZNbjAlM0QlN0MzMDAwJTdDJTdDJTdDJmFtcDtzZGF0YT1ZciUyQko2amZTVFdEOVZuM3VoTTVHREFtQUhrYzNsdFpDViUyQk5xOUNqMU5YOCUzRCZhbXA7cmVzZXJ2ZWQ9MCIgdGFyZ2V0PSJfYmxhbmsiIHJlbD0ibm9vcGVuZXIiPiA8aW1nIHNyYz0iaHR0cHM6Ly9lcmxlYm5pcy10YW56Lm9yZy9idnN0L3dwLWNvbnRlbnQvdXBsb2Fkcy9zaXRlcy8yLzIwMjMvMDYvVGFuemZlc3RfQm90dHJvcC0zMDB4MTY4LmpwZyIgYWx0PSJUYW56ZmVzdCBCb3R0cm9wIiBoZWlnaHQ9IjUwMHB4Ij4gPC9hPgo8L2Rpdj4=\"><div> <a href=\"https:\/\/eur03.safelinks.protection.outlook.com\/?url=https%3A%2F%2Fbundesverbandsenioren-my.sharepoint.com%2F%3Av%3A%2Fg%2Fpersonal%2Fak-bottrop-nw_erlebnis-tanz_de%2FEYpiuNQwkw5FuB6hoRmTfqsBhfWGjZ-UjPnk-mNY96_sUQ&amp;data=05%7C01%7Cbednarzik%40bdp-software.de%7C71469e26322a48d5ac6308db7317921b%7Cb686b1113b6c4fd1b82586e83881dd86%7C1%7C0%7C638230317309502053%7CUnknown%7CTWFpbGZsb3d8eyJWIjoiMC4wLjAwMDAiLCJQIjoiV2luMzIiLCJBTiI6Ik1haWwiLCJXVCI6Mn0%3D%7C3000%7C%7C%7C&amp;sdata=Yr%2BJ6jfSTWD9Vn3uhM5GDAmAHkc3ltZCV%2BNq9Cj1NX8%3D&amp;reserved=0\" target=\"_blank\" rel=\"noopener\"> <img src=\"https:\/\/erlebnis-tanz.org\/bvst\/wp-content\/uploads\/sites\/2\/2023\/06\/Tanzfest_Bottrop-300x168.jpg\" alt=\"Tanzfest Bottrop\" height=\"500px\"> <\/a>\n<\/div><\/div>\n<\/div>\n<\/div>\n<div>\n<h4 style=\"margin-top: 40px\" data-pbs-tablet-margin-top=\"40px\"><span>Videos<\/span><\/h4>\n<p>Zum Abspielen bitte auf das jeweilige Video-Bild klicken! Das Video wird dann in einem neuen Browserfenster abgespielt.\n<\/p><\/div>\n<div class=\"pbs-row\" style=\"min-height: 200px;margin-top: 0px\">\n<div class=\"pbs-col\" style=\"flex-basis: 50%;justify-content: center\">\n<p>&nbsp;<\/p>\n<img decoding=\"async\" src=\"https:\/\/i.ytimg.com\/vi\/D_Ax_-Ok_EU\/hqdefault.jpg\" alt=\"BVST Video\"\/>\n<p><a target=\"_blank\" href=\"https:\/\/www.youtube.com\/embed\/D_Ax_-Ok_EU?rel=0&amp;autoplay=1&amp;showinfo=1&amp;hl=de\" rel=\"noopener\"><img decoding=\"async\" class=\"size-medium\" src=\"https:\/\/freepngimg.com\/thumb\/categories\/1398.png\" \/><\/a><\/p>\n<\/div>\n<div class=\"pbs-col\" style=\"flex-basis: 50%;justify-content: center\"><\/div>\n<\/div>\n<div class=\"pbs-row\" style=\"min-height: 200px;margin-top: -119px\">\n<div class=\"pbs-col\" style=\"flex-basis: 50%;justify-content: center\">\n<p>&nbsp;<\/p>\n<img decoding=\"async\" src=\"https:\/\/i.ytimg.com\/vi\/aoM66sSKFHY\/hqdefault.jpg\" alt=\"BVST Video\"\/>\n<p><a target=\"_blank\" href=\"https:\/\/www.youtube.com\/embed\/aoM66sSKFHY?rel=0&amp;autoplay=1&amp;showinfo=1&amp;hl=de\" rel=\"noopener\"><img decoding=\"async\" class=\"size-medium\" src=\"https:\/\/freepngimg.com\/thumb\/categories\/1398.png\" \/><\/a><\/p>\n<p style=\"margin-top: -90px\">\u00a9 Christa Duwe, Tanzfest des Bundesverband Seniorentanz in Frankfurt, 2015<\/p>\n<\/div>\n<div class=\"pbs-col\" style=\"flex-basis: 50%;justify-content: center\"><\/div>\n<\/div>\n<div data-ce-tag=\"spacer\"><\/div>\n<\/div>","protected":false},"excerpt":{"rendered":"<p>\u201eM\u00f6chten Sie auch tanzen bis zum allerletzten Lebenstanz?\u201c Ausschnitt aus dem \u201eTravem\u00fcnde-Journal&#8220; vom Offenen Kanal L\u00fcbeck vom 7.11.23 Ab Minute 23:30 h\u00f6ren Sie einen interessanten Beitrag \u00fcber Gisela Grietens, \u00fcber &hellip;<\/p>\n","protected":false},"author":2,"featured_media":0,"parent":17,"menu_order":0,"comment_status":"closed","ping_status":"closed","template":"fullwidth.php","meta":{"footnotes":""},"class_list":["post-99","page","type-page","status-publish","hentry"],"_links":{"self":[{"href":"https:\/\/erlebnis-tanz.org\/bvst\/wp-json\/wp\/v2\/pages\/99","targetHints":{"allow":["GET"]}}],"collection":[{"href":"https:\/\/erlebnis-tanz.org\/bvst\/wp-json\/wp\/v2\/pages"}],"about":[{"href":"https:\/\/erlebnis-tanz.org\/bvst\/wp-json\/wp\/v2\/types\/page"}],"author":[{"embeddable":true,"href":"https:\/\/erlebnis-tanz.org\/bvst\/wp-json\/wp\/v2\/users\/2"}],"replies":[{"embeddable":true,"href":"https:\/\/erlebnis-tanz.org\/bvst\/wp-json\/wp\/v2\/comments?post=99"}],"version-history":[{"count":76,"href":"https:\/\/erlebnis-tanz.org\/bvst\/wp-json\/wp\/v2\/pages\/99\/revisions"}],"predecessor-version":[{"id":11887,"href":"https:\/\/erlebnis-tanz.org\/bvst\/wp-json\/wp\/v2\/pages\/99\/revisions\/11887"}],"up":[{"embeddable":true,"href":"https:\/\/erlebnis-tanz.org\/bvst\/wp-json\/wp\/v2\/pages\/17"}],"wp:attachment":[{"href":"https:\/\/erlebnis-tanz.org\/bvst\/wp-json\/wp\/v2\/media?parent=99"}],"curies":[{"name":"wp","href":"https:\/\/api.w.org\/{rel}","templated":true}]}}