{"id":135,"date":"2021-03-24T10:04:40","date_gmt":"2021-03-24T09:04:40","guid":{"rendered":"https:\/\/erlebnis-tanz.org\/hessen\/?page_id=135"},"modified":"2025-04-21T18:05:12","modified_gmt":"2025-04-21T16:05:12","slug":"ueber-uns","status":"publish","type":"page","link":"https:\/\/erlebnis-tanz.org\/hessen\/ueber-uns\/","title":{"rendered":"\u00dcber uns"},"content":{"rendered":"<div class=\"pbs-main-wrapper\"><p>Der Landesverband Hessen wurde 1982 gegr\u00fcndet. Seitdem ist er kontinuierlich gewachsen und hat immer mehr Zuspruch erfahren \u2013 wahrlich eine Erfolgsgeschichte. Im Laufe der Zeit wurden in den gr\u00f6\u00dferen hessischen St\u00e4dten Arbeitskreise eingerichtet, wo Seniorentanzleiterinnen- und -Tanzleiter weitergebildet werden und alle Mitglieder des BVST zum Mittanzen eingeladen sind.<\/p>\n<p style=\"margin-bottom: 40px\">Aktuell gibt es acht Arbeitskreise Seniorentanz und seit 2008 zus\u00e4tzlich drei Arbeitskreise f\u00fcr das Tanzen im Sitzen. Unsere 200 Tanzkreisleiterinnen- und -Tanzleiter bieten in 340 Tanzkreisen Woche f\u00fcr Woche Seniorentanz an \u2013 und ca. 3500 T\u00e4nzerinnen und T\u00e4nzer nehmen das Angebot gern an. Sie wissen: Seniorentanz h\u00e4lt k\u00f6rperlich und geistig fit und bereitet allen Teilnehmenden sehr viel Vergn\u00fcgen. Die derzeitige Vorsitzende ist Anita Krey. Das neue Vorstandsteam wird sich mit Freude um die Belange der Mitglieder k\u00fcmmern. Auch bei Interesse an Aus- und Weiterbildungen informiert Sie der Vorstand sehr gern.<\/p>\n<h4>  Landesvorstand  <\/h4>\n<p><img loading=\"lazy\" decoding=\"async\" alt class=\"aligncenter size-medium wp-image-707\" height=\"522\" src=\"https:\/\/erlebnis-tanz.org\/hessen\/wp-content\/uploads\/sites\/9\/2025\/04\/Vorstand-2025-c-300x166.jpg\" style=\"height: auto;width: 944px\" width=\"944\" srcset=\"https:\/\/erlebnis-tanz.org\/hessen\/wp-content\/uploads\/sites\/9\/2025\/04\/Vorstand-2025-c-300x166.jpg 300w, https:\/\/erlebnis-tanz.org\/hessen\/wp-content\/uploads\/sites\/9\/2025\/04\/Vorstand-2025-c-1024x565.jpg 1024w, https:\/\/erlebnis-tanz.org\/hessen\/wp-content\/uploads\/sites\/9\/2025\/04\/Vorstand-2025-c-768x424.jpg 768w, https:\/\/erlebnis-tanz.org\/hessen\/wp-content\/uploads\/sites\/9\/2025\/04\/Vorstand-2025-c-1536x848.jpg 1536w, https:\/\/erlebnis-tanz.org\/hessen\/wp-content\/uploads\/sites\/9\/2025\/04\/Vorstand-2025-c-2048x1131.jpg 2048w\" sizes=\"auto, (max-width: 944px) 100vw, 944px\" \/><\/p>\n<div class=\"pbs-row\" style=\"min-height: 38px\">\n<div class=\"pbs-col\" style=\"justify-content: center\">\n<p>v.l.n.r.: Ehrwart Racky, Margot Roth, Anita Krey, Sylvia M\u00e4tzel (nicht abgelichtet: Gisela Flo\u00df und Brigitte Otabor<\/p>\n<\/div>\n<\/div>\n<p><strong>Kontakt:<\/strong><br \/>Anita Krey<br \/>Simmersh\u00e4user Str. 32<br \/>34246 Vellmar<br \/> Tel. 0561-982 37 75<\/p>\n<p><a href=\"mailto:vorsitz-hessen@erlebnis-tanz.de\" rel=\"noopener\" target=\"_blank\" title=\"vorsitz-hessen@erlebnis-tanz.de\"><img decoding=\"async\" alt src=\"https:\/\/erlebnis-tanz.org\/hessen\/wp-content\/uploads\/sites\/9\/2021\/03\/Email-icon.png\"><\/a><\/p>\n<div><\/div>\n<h3 data-font-family=\"Alfa slab one\">  <span style=\"color:#fd3d3f;font-style:italic\">Hessen hat einen neuen Landesvorstand<\/span>  <\/h3>\n<p><span style=\"font-size:calc(1rem + 0.31vw)\">Am 15.03.2025 fand in M\u00fccke die hessische Landesversammlung mit Wahlen statt, woran 22 Wahlbeauftragte teilgenommen haben. Anita Krey, unsere Landesvorsitzende, informierte \u00fcber viele wichtige und aktuelle Themen, wie u.a. das drei \u201afrischgebackene\u2018 hessische Referentinnen zu begr\u00fc\u00dfen sind: Sylvia M\u00e4tzel, Anja Lehmann und Margot Roth. Sie \u00fcberreichte Ihnen bunte Blumenstr\u00e4\u00fc\u00dfe und w\u00fcnschte allzeit gur gef\u00fcllte Lehrg\u00e4nge und Weiterbildungen.<\/span><\/p>\n<p><span style=\"font-size:calc(1rem + 0.31vw)\">Der neue Landesvorstand Hessen setzt sich nun wie folgt zusammen: Anita Krey (Landesvorsitz), Sylvia M\u00e4tzel (Stellvertretende Landesvorsitz), Brigitte Otabor (Schatzmeisterin), Margot Roth (Ausbildung\/Veranstaltungen) Gisela Flo\u00df (f\u00fcr besondere Aufgaben), Ehrwart Racky (Homepage)<\/span><\/p>\n<div class=\"pbs-row\" style=\"min-height: 121px;margin-bottom: 4px\">\n<div class=\"pbs-col\" style=\"justify-content: center;padding-left: 234px;padding-bottom: 67px\"><\/div>\n<\/div>\n<\/div>","protected":false},"excerpt":{"rendered":"<p>Der Landesverband Hessen wurde 1982 gegr\u00fcndet. Seitdem ist er kontinuierlich gewachsen und hat immer mehr Zuspruch erfahren \u2013 wahrlich eine Erfolgsgeschichte. Im Laufe der Zeit wurden in den gr\u00f6\u00dferen hessischen &hellip;<\/p>\n","protected":false},"author":1,"featured_media":0,"parent":0,"menu_order":0,"comment_status":"closed","ping_status":"closed","template":"fullwidth.php","meta":{"footnotes":""},"class_list":["post-135","page","type-page","status-publish","hentry"],"_links":{"self":[{"href":"https:\/\/erlebnis-tanz.org\/hessen\/wp-json\/wp\/v2\/pages\/135","targetHints":{"allow":["GET"]}}],"collection":[{"href":"https:\/\/erlebnis-tanz.org\/hessen\/wp-json\/wp\/v2\/pages"}],"about":[{"href":"https:\/\/erlebnis-tanz.org\/hessen\/wp-json\/wp\/v2\/types\/page"}],"author":[{"embeddable":true,"href":"https:\/\/erlebnis-tanz.org\/hessen\/wp-json\/wp\/v2\/users\/1"}],"replies":[{"embeddable":true,"href":"https:\/\/erlebnis-tanz.org\/hessen\/wp-json\/wp\/v2\/comments?post=135"}],"version-history":[{"count":16,"href":"https:\/\/erlebnis-tanz.org\/hessen\/wp-json\/wp\/v2\/pages\/135\/revisions"}],"predecessor-version":[{"id":710,"href":"https:\/\/erlebnis-tanz.org\/hessen\/wp-json\/wp\/v2\/pages\/135\/revisions\/710"}],"wp:attachment":[{"href":"https:\/\/erlebnis-tanz.org\/hessen\/wp-json\/wp\/v2\/media?parent=135"}],"curies":[{"name":"wp","href":"https:\/\/api.w.org\/{rel}","templated":true}]}}