{"id":153,"date":"2021-03-24T10:09:14","date_gmt":"2021-03-24T09:09:14","guid":{"rendered":"https:\/\/erlebnis-tanz.org\/hessen\/?page_id=153"},"modified":"2022-07-26T16:43:30","modified_gmt":"2022-07-26T14:43:30","slug":"ak-fulda","status":"publish","type":"page","link":"https:\/\/erlebnis-tanz.org\/hessen\/ak-fulda\/","title":{"rendered":"AK Fulda"},"content":{"rendered":"<div class=\"pbs-main-wrapper\"><p><img loading=\"lazy\" decoding=\"async\" alt class=\"aligncenter size-medium wp-image-480 pbs-shadow-simple-4-3\" height=\"436\" src=\"https:\/\/erlebnis-tanz.org\/hessen\/wp-content\/uploads\/sites\/9\/2022\/07\/Vorstand-Fulda-2022-b-300x169.jpeg\" style=\"height: auto;width: 774px;border-radius: 126px\" width=\"774\" srcset=\"https:\/\/erlebnis-tanz.org\/hessen\/wp-content\/uploads\/sites\/9\/2022\/07\/Vorstand-Fulda-2022-b-300x169.jpeg 300w, https:\/\/erlebnis-tanz.org\/hessen\/wp-content\/uploads\/sites\/9\/2022\/07\/Vorstand-Fulda-2022-b.jpeg 640w\" sizes=\"auto, (max-width: 774px) 100vw, 774px\" \/><\/p>\n<h3 style=\"margin-bottom: 20px;margin-top: 34px\">  <span>Arbeitskreis Fulda ErlebnisTanz w\u00e4hlt Vorstand<\/span>  <\/h3>\n<p><span style=\"font-size:calc(1rem + 0.31vw)\">Mit einem Jahr Versp\u00e4tung fanden am 12. 11. 2021 die Vorstandswahlen des Arbeitskreises Fulda im BVST statt. Die erste Vorsitzende Christina Voce (links) und die Kassenwartin Christa Henze (zweite von links) wurden in ihren \u00c4mtern best\u00e4tigt. Die zweite Vorsitzende Karin M\u00fcller (rechts) hat sich nach 16 Jahren Vorstandsarbeit verabschiedet, betreut jedoch nach wie vor ihre Gruppen in Neuenberg und Schlitz. Zu ihrer Nachfolgerin wurde Margot Weisgerber (zweite von rechts) gew\u00e4hlt, die schon jahrelange Erfahrung im Anleiten von Tanzgruppen mitbringt. Dabei hat sie auch mitbekommen, dass die Gedanken beim Tanzen f\u00fcr eine Weile in den Hintergrund treten.<\/span><\/p>\n<p><img loading=\"lazy\" decoding=\"async\" alt class=\"aligncenter size-medium wp-image-479 pbs-shadow-simple-5-3\" height=\"450\" src=\"https:\/\/erlebnis-tanz.org\/hessen\/wp-content\/uploads\/sites\/9\/2022\/07\/Vorstand-Fulda-2022-a-300x169.jpeg\" style=\"height: auto;width: 799px;border-radius: 137px\" width=\"799\" srcset=\"https:\/\/erlebnis-tanz.org\/hessen\/wp-content\/uploads\/sites\/9\/2022\/07\/Vorstand-Fulda-2022-a-300x169.jpeg 300w, https:\/\/erlebnis-tanz.org\/hessen\/wp-content\/uploads\/sites\/9\/2022\/07\/Vorstand-Fulda-2022-a.jpeg 640w\" sizes=\"auto, (max-width: 799px) 100vw, 799px\" \/><\/p>\n<h4 style=\"margin-top: 72px\">  Tanzfest, Fuldaer Stadt- und B\u00fcrgerfest am 29. Juni 2019  <\/h4>\n<p><img decoding=\"async\" alt class=\"ms-rteImage-4\" src=\"https:\/\/erlebnis-tanz.org\/hessen\/wp-content\/uploads\/sites\/9\/2021\/03\/Bild-Tanzfest-Stadtfest-Fulda-2019-2a.jpg\"><\/p>\n<p><span style=\"font-weight:bold\">\u00c4ltere Menschen wagen sich bei bei dieser Hitze nicht vor die Haust\u00fcr?<\/span><\/p>\n<p>Das galt nicht f\u00fcr die circa 50 T\u00e4nzerinnen und T\u00e4nzer aus Fulda und Umgebung, die dem Aufruf \u2018Erlebnistanz f\u00fcr Jung und Alt\u2019 Folge leisteten. Auch eine Gruppe aus Schmalkalden in Th\u00fcringen war zu Gast, die seit vielen Jahren einer Fuldaer Tanzleiterin verbunden ist. Gut beh\u00fctet wagten sich die Teilnehmenden auf den sonningen Bahnhofsvorplatz, bis nach der ersten Pause ein Baum etwas Schatten bot.<\/p>\n<p>Die Mitmacht\u00e4nze f\u00fcr alle wurden in regelm\u00e4\u00dfigen Abst\u00e4nden unterbrochen von sogenannten Vorf\u00fchrt\u00e4nzen, bei denen die Tanzleiterinnen und Tanzleiter zeigten, dass unser Programm durchaus anspruchsvoll sein kann. Unser Vorhaben, Zuschauer oder Passanten in die T\u00e4nze einzubeziehen, ist uns nicht so oft gelungen wie wir erhofft hatten.<\/p>\n<p>Als um 17 Uhr die Melodie des letzten Tanzes \u2018Abschied\u2019 verklungen, traten alle den Heimweg an mit dem Gef\u00fchl, einen fr\u00f6hlichen und anregenden Nachmittag erlebt zu haben. \u2013 Ein besonderer Dank gilt den Tanzleiterinen und dem Tanzleiter, die sich im Ansagen der T\u00e4nze abgewechselt haben.<\/p>\n<p>Auch dem Kulturamt der Stadt danke ich f\u00fcr die Bereitstellung der Musikanlage und der beiden Techniker, die uns gekonnt durch die Stunden begleiteten.<\/p>\n<p>Christina Voce<br \/> Vorsitztende des Arbeitskreises Fulda<\/p>\n<p><img decoding=\"async\" alt class=\"ms-rteImage-4\" src=\"https:\/\/erlebnis-tanz.org\/hessen\/wp-content\/uploads\/sites\/9\/2021\/03\/Bild-Tanzfest-Stadtfest-Fulda-2019-3a.jpg\"><\/p>\n<p><img decoding=\"async\" alt class=\"ms-rteImage-4\" src=\"https:\/\/erlebnis-tanz.org\/hessen\/wp-content\/uploads\/sites\/9\/2021\/03\/Bild-Tanzfest-Stadtfest-Fulda-2019-5a.jpg\"><\/p>\n<h4 style=\"margin-top: 40px\">  Aktuelle Termine  <\/h4>\n<script type=\"text\/javascript\">\/\/ <![CDATA[\njQuery(document).ready(function(){\n\tsetInterval( function() { AutoiFrameAdjustiFrameHeight( 'mis', 50); }, 1000 );\n});\n\/\/ ]]><\/script>\n<iframe loading=\"lazy\" id=\"mis\" name=\"mis\" src=\"https:\/\/bvstodata.com\/aktermine4.aspx?ak=Fulda&#038;amp;lv=Hessen&#038;amp;link=false&#038;amp;link=false\" width=\"100%\" height=\"1024px\" frameborder=\"0\" scrolling=\"no\"onload=\"AutoiFrameAdjustiFrameHeight('mis',50);\"><\/iframe>\n<\/div>","protected":false},"excerpt":{"rendered":"<p>Arbeitskreis Fulda ErlebnisTanz w\u00e4hlt Vorstand Mit einem Jahr Versp\u00e4tung fanden am 12. 11. 2021 die Vorstandswahlen des Arbeitskreises Fulda im BVST statt. Die erste Vorsitzende Christina Voce (links) und die &hellip;<\/p>\n","protected":false},"author":1,"featured_media":0,"parent":0,"menu_order":0,"comment_status":"closed","ping_status":"closed","template":"fullwidth.php","meta":{"footnotes":""},"class_list":["post-153","page","type-page","status-publish","hentry"],"_links":{"self":[{"href":"https:\/\/erlebnis-tanz.org\/hessen\/wp-json\/wp\/v2\/pages\/153","targetHints":{"allow":["GET"]}}],"collection":[{"href":"https:\/\/erlebnis-tanz.org\/hessen\/wp-json\/wp\/v2\/pages"}],"about":[{"href":"https:\/\/erlebnis-tanz.org\/hessen\/wp-json\/wp\/v2\/types\/page"}],"author":[{"embeddable":true,"href":"https:\/\/erlebnis-tanz.org\/hessen\/wp-json\/wp\/v2\/users\/1"}],"replies":[{"embeddable":true,"href":"https:\/\/erlebnis-tanz.org\/hessen\/wp-json\/wp\/v2\/comments?post=153"}],"version-history":[{"count":12,"href":"https:\/\/erlebnis-tanz.org\/hessen\/wp-json\/wp\/v2\/pages\/153\/revisions"}],"predecessor-version":[{"id":492,"href":"https:\/\/erlebnis-tanz.org\/hessen\/wp-json\/wp\/v2\/pages\/153\/revisions\/492"}],"wp:attachment":[{"href":"https:\/\/erlebnis-tanz.org\/hessen\/wp-json\/wp\/v2\/media?parent=153"}],"curies":[{"name":"wp","href":"https:\/\/api.w.org\/{rel}","templated":true}]}}