{"id":155,"date":"2021-03-24T10:09:30","date_gmt":"2021-03-24T09:09:30","guid":{"rendered":"https:\/\/erlebnis-tanz.org\/hessen\/?page_id=155"},"modified":"2022-08-25T17:13:34","modified_gmt":"2022-08-25T15:13:34","slug":"ak-giessen","status":"publish","type":"page","link":"https:\/\/erlebnis-tanz.org\/hessen\/ak-giessen\/","title":{"rendered":"AK Gie\u00dfen"},"content":{"rendered":"<div class=\"pbs-main-wrapper\"><p><img loading=\"lazy\" decoding=\"async\" alt class=\"size-medium wp-image-475 aligncenter\" height=\"629\" src=\"https:\/\/erlebnis-tanz.org\/hessen\/wp-content\/uploads\/sites\/9\/2022\/07\/Bild-Giessen-225x300.jpg\" style=\"height: auto;width: 472px\" width=\"472\" srcset=\"https:\/\/erlebnis-tanz.org\/hessen\/wp-content\/uploads\/sites\/9\/2022\/07\/Bild-Giessen-225x300.jpg 225w, https:\/\/erlebnis-tanz.org\/hessen\/wp-content\/uploads\/sites\/9\/2022\/07\/Bild-Giessen-768x1024.jpg 768w, https:\/\/erlebnis-tanz.org\/hessen\/wp-content\/uploads\/sites\/9\/2022\/07\/Bild-Giessen-1152x1536.jpg 1152w, https:\/\/erlebnis-tanz.org\/hessen\/wp-content\/uploads\/sites\/9\/2022\/07\/Bild-Giessen.jpg 1536w\" sizes=\"auto, (max-width: 472px) 100vw, 472px\" \/><\/p>\n<p style=\"margin-bottom: 40px;margin-top: -16px\"><strong>Der AK Vorstand Gie\u00dfen<\/strong><\/p>\n<p>v.l.n.r.:<br \/> Waltraut Rheul (Leitung)<br \/> Gerlinde Knau\u00df (Stellvertretung)<br \/> Elke Haupt (Kassenwart)<\/p>\n<h4 style=\"margin-top: 0px;margin-bottom: 74px\">  Aktuelle Termine  <\/h4>\n<h3>  <span style=\"color:#a812a9;font-weight:bold\">Infoveranstaltung<\/span>  <\/h3>\n<h5>  <span style=\"color:#f70363;font-weight:bold\">Der AK Gie\u00dfen wird die Info-Veranstaltung am Sonntag, dem 30.10.2022 im Nordstadtzentrum, Reichenberger Str. 9, 35396 Gie\u00dfen abhalten. Beginn ist f\u00fcr 14:00 Uhr geplant, Dauer der Veranstaltung ca. 2.5 Stunden<br \/><\/span>  <\/h5>\n<script type=\"text\/javascript\">\/\/ <![CDATA[\njQuery(document).ready(function(){\n\tsetInterval( function() { AutoiFrameAdjustiFrameHeight( 'mis', 50); }, 1000 );\n});\n\/\/ ]]><\/script>\n<iframe loading=\"lazy\" id=\"mis\" name=\"mis\" src=\"https:\/\/bvstodata.com\/aktermine4.aspx?ak=Gie&szlig;en&#038;amp;lv=Hessen&#038;amp;link=false&#038;amp;link=false\" width=\"100%\" height=\"1024px\" frameborder=\"0\" scrolling=\"no\"onload=\"AutoiFrameAdjustiFrameHeight('mis',50);\"><\/iframe>\n<p>D<\/p>\n<\/div>","protected":false},"excerpt":{"rendered":"<p>Der AK Vorstand Gie\u00dfen v.l.n.r.: Waltraut Rheul (Leitung) Gerlinde Knau\u00df (Stellvertretung) Elke Haupt (Kassenwart) Aktuelle Termine Infoveranstaltung Der AK Gie\u00dfen wird die Info-Veranstaltung am Sonntag, dem 30.10.2022 im Nordstadtzentrum, Reichenberger &hellip;<\/p>\n","protected":false},"author":1,"featured_media":0,"parent":0,"menu_order":0,"comment_status":"closed","ping_status":"closed","template":"fullwidth.php","meta":{"footnotes":""},"class_list":["post-155","page","type-page","status-publish","hentry"],"_links":{"self":[{"href":"https:\/\/erlebnis-tanz.org\/hessen\/wp-json\/wp\/v2\/pages\/155","targetHints":{"allow":["GET"]}}],"collection":[{"href":"https:\/\/erlebnis-tanz.org\/hessen\/wp-json\/wp\/v2\/pages"}],"about":[{"href":"https:\/\/erlebnis-tanz.org\/hessen\/wp-json\/wp\/v2\/types\/page"}],"author":[{"embeddable":true,"href":"https:\/\/erlebnis-tanz.org\/hessen\/wp-json\/wp\/v2\/users\/1"}],"replies":[{"embeddable":true,"href":"https:\/\/erlebnis-tanz.org\/hessen\/wp-json\/wp\/v2\/comments?post=155"}],"version-history":[{"count":8,"href":"https:\/\/erlebnis-tanz.org\/hessen\/wp-json\/wp\/v2\/pages\/155\/revisions"}],"predecessor-version":[{"id":499,"href":"https:\/\/erlebnis-tanz.org\/hessen\/wp-json\/wp\/v2\/pages\/155\/revisions\/499"}],"wp:attachment":[{"href":"https:\/\/erlebnis-tanz.org\/hessen\/wp-json\/wp\/v2\/media?parent=155"}],"curies":[{"name":"wp","href":"https:\/\/api.w.org\/{rel}","templated":true}]}}