{"id":163,"date":"2021-03-24T10:10:58","date_gmt":"2021-03-24T09:10:58","guid":{"rendered":"https:\/\/erlebnis-tanz.org\/hessen\/?page_id=163"},"modified":"2026-04-09T14:55:01","modified_gmt":"2026-04-09T12:55:01","slug":"ak-offenbach","status":"publish","type":"page","link":"https:\/\/erlebnis-tanz.org\/hessen\/ak-offenbach\/","title":{"rendered":"AK Offenbach"},"content":{"rendered":"<div class=\"pbs-main-wrapper\"><h4 style=\"margin-top: 0px\">  Welttag des Tanzes am 29.4.  <\/h4>\n<p><span style=\"font-weight:bold\">Mittwoch, den 29. April 2026, 10.00 \u2013 13.00 h<\/span><\/p>\n<p><span style=\"font-weight:bold;color:#009586\">Pfarrheim Heilig Geist Kirche in 63452 Hanau, Lamboystr. 24<\/span><\/p>\n<p><span style=\"font-weight:bold\">F\u00fcr alle (keine Vorkenntnisse n\u00f6tig), einfache T\u00e4nze aus verschiedenen L\u00e4ndern, anschlie\u00dfend geselliges Beisammensein. Vida Leo und Brigitte Otabor,<\/span><\/p>\n<p><span style=\"font-size:calc(1rem + 0.36vw)\">R\u00fcckfragen: 0176 84034482 &#8211; Anmeldung ist nicht erforderlich<\/span><\/p>\n<hr>\n<\/div>","protected":false},"excerpt":{"rendered":"<p>Welttag des Tanzes am 29.4. Mittwoch, den 29. April 2026, 10.00 \u2013 13.00 h Pfarrheim Heilig Geist Kirche in 63452 Hanau, Lamboystr. 24 F\u00fcr alle (keine Vorkenntnisse n\u00f6tig), einfache T\u00e4nze &hellip;<\/p>\n","protected":false},"author":1,"featured_media":0,"parent":0,"menu_order":0,"comment_status":"closed","ping_status":"closed","template":"fullwidth.php","meta":{"footnotes":""},"class_list":["post-163","page","type-page","status-publish","hentry"],"_links":{"self":[{"href":"https:\/\/erlebnis-tanz.org\/hessen\/wp-json\/wp\/v2\/pages\/163","targetHints":{"allow":["GET"]}}],"collection":[{"href":"https:\/\/erlebnis-tanz.org\/hessen\/wp-json\/wp\/v2\/pages"}],"about":[{"href":"https:\/\/erlebnis-tanz.org\/hessen\/wp-json\/wp\/v2\/types\/page"}],"author":[{"embeddable":true,"href":"https:\/\/erlebnis-tanz.org\/hessen\/wp-json\/wp\/v2\/users\/1"}],"replies":[{"embeddable":true,"href":"https:\/\/erlebnis-tanz.org\/hessen\/wp-json\/wp\/v2\/comments?post=163"}],"version-history":[{"count":7,"href":"https:\/\/erlebnis-tanz.org\/hessen\/wp-json\/wp\/v2\/pages\/163\/revisions"}],"predecessor-version":[{"id":756,"href":"https:\/\/erlebnis-tanz.org\/hessen\/wp-json\/wp\/v2\/pages\/163\/revisions\/756"}],"wp:attachment":[{"href":"https:\/\/erlebnis-tanz.org\/hessen\/wp-json\/wp\/v2\/media?parent=163"}],"curies":[{"name":"wp","href":"https:\/\/api.w.org\/{rel}","templated":true}]}}