{"id":177,"date":"2021-03-24T10:13:18","date_gmt":"2021-03-24T09:13:18","guid":{"rendered":"https:\/\/erlebnis-tanz.org\/hessen\/?page_id=177"},"modified":"2026-04-05T11:44:07","modified_gmt":"2026-04-05T09:44:07","slug":"lehrgaenge","status":"publish","type":"page","link":"https:\/\/erlebnis-tanz.org\/hessen\/lehrgaenge\/","title":{"rendered":"Lehrg\u00e4nge"},"content":{"rendered":"<div class=\"pbs-main-wrapper\"><div><\/div>\n<h4 style=\"margin-top: 64px;margin-bottom: 38px\">  <span style=\"font-size:calc(1rem + 0.81vw);color:#0b2774;text-decoration:underline\">Tanzleiter*in f\u00fcr<\/span> <span style=\"font-size:calc(1rem + 0.81vw);color:#0b2774;text-decoration:underline\">Tanzen mit Senioren<\/span><span style=\"font-size:calc(1rem + 0.81vw);color:#0b2774;text-decoration:underline\">&nbsp;\u2013<\/span><span style=\"font-size:calc(1rem + 0.81vw);color:#009586;text-decoration:underline\">&nbsp;Aufbaulehrgang 1<\/span>  <\/h4>\n<p style=\"margin-bottom: 29px;margin-top: 24px\"><strong style=\"font-size:calc(1rem + 0.38vw);color:#2219d0\">Ausbildung zur Tanzleiterin \/ zum Tanzleiter Tanzen mit Senioren in Zusammenarbeit mit dem Landessportbund Hessen e.V.<\/strong><\/p>\n<p><span style=\"font-weight:bold;font-size:calc(1rem + 0.41vw)\">Frankfurt,<\/span> <span style=\"font-weight:bold;color:#4b4bae;font-size:calc(1rem + 0.41vw)\">17.-20. September 2026<\/span><span style=\"font-weight:bold;font-size:calc(1rem + 0.41vw)\"> (Do.-So.) \u2013 jeweils 09:00 bis 18:00 Uhr<\/span><\/p>\n<p><span style=\"font-weight:normal;font-size:calc(1rem + 0.36vw)\">Erlebnistanz ist eine vielf\u00e4ltige, rhythmische Bewegungsform zu geselliger Musik, f\u00f6rdert zudem eine vielf\u00e4ltige, rhythmische Bewegungsform zu geselliger Musik und f\u00f6rdert das psychosoziale und physische Wohlbefinden \u00e4lterer Menschen.<\/span><\/p>\n<p><span style=\"font-weight:bold;text-decoration:underline;font-size:calc(1rem + 0.36vw)\">Ausbildungsziel:<\/span><span style=\"font-size:calc(1rem + 0.36vw)\"> Mit der Ausbildung erwerben die Teilnehmer*innen die Qualifikation \u201aTanzleiter*in f\u00fcr Tanzen mit Senioren\u2018 des BVST.<\/span><\/p>\n<p><span style=\"font-weight:bold;text-decoration:underline;font-size:calc(1rem + 0.36vw)\">Ausbildungsinhalte:<\/span><\/p>\n<ul>\n<li>  <span style=\"font-size:calc(1rem + 0.3vw)\">\u2022 Seniorentanz in Theorie und Praxis (Exemplarische T\u00e4nze und T\u00e4nze im Sitzen, Didaktik und Methodik der Tanzvermittlung, t\u00e4nzerisch-musikalische Ausbildung<\/span>  <\/li>\n<li>  <span style=\"font-size:calc(1rem + 0.3vw)\">Person und Gruppe (Grundlegende Inhalte zum Umgang mit Gruppen Erwachsener und \u00c4lterer)<\/span>  <\/li>\n<li>  <span style=\"font-size:calc(1rem + 0.3vw)\">Bewegungs- und Sportpraxis (Sportartspezifische Inhalte zur Entwicklung der Fachkompetenz<\/span>  <\/li>\n<li>  <span style=\"font-size:calc(1rem + 0.3vw)\">Verein und Verband (Inhalte zu Aufgaben und Strukturen)<\/span>  <\/li>\n<\/ul>\n<p><span style=\"font-size:calc(1rem + 0.36vw);font-weight:bold;text-decoration:underline\">Zielgruppe:<\/span><span style=\"font-size:calc(1rem + 0.36vw)\"> Die Ausbildung richtet sich an haupt- und ehrenamtliche Mitarbeiter*innen in der Seniorenarbeit und an alle, die Interesse an der Leitung von Seniorentanzgruppen haben, sei es in Volkshochschulen, Kirchengemeinden, in Tanzsport- bzw. Sportvereinen oder sozialen Einrichtungen.<\/span><\/p>\n<p><span style=\"font-size:calc(1rem + 0.36vw);font-weight:bold;text-decoration:underline\">Inhaltliche Schwerpunkte:<\/span><span style=\"font-size:calc(1rem + 0.36vw)\"> weitere exemplarische T\u00e4nze und T\u00e4nze im Sitzen, Vertiefung der Didaktik und Methodik, Tanzansagen der TN mit Nachbesprechung, Planung von Stundenbildern, Vorbereitung auf den Erwerb des Zertifikats<\/span><\/p>\n<p><span style=\"font-size:calc(1rem + 0.36vw)\">Praxis nach Aufbaulehrgang I: mindestens 9 LE Mittanzen in einer Seniorentanzgruppe und 4 Tanzansagen mit Nachbesprechung im Arbeitskreis oder bei einem\/einer Ausbildungsreferent\/in des BVST.- Das Online-Modul ist Bestandteil des Aufbaulehrgangs I \u2013 Das Online-Modul findet am Freitag, 16. Oktober 2026, von 18:00 \u2013 19:30 Uhr statt. Die Einladung zum Online-Modul bzw. den Zoom-Link erhalten Sie per E-Mail direkt von der Gesch\u00e4ftsstelle des BVST.<\/span><\/p>\n<p><span style=\"font-weight:bold\">Voraussetzungen:<\/span><\/p>\n<ol>\n<li>  <span style=\"font-weight:normal;font-size:calc(1rem + 0.41vw)\">Teilnahme an einem Grundlehrgang des BVST e.V.<\/span>  <\/li>\n<li>  <span style=\"font-size:calc(1rem + 0.3vw)\">Einzelmitgliedschaft im Bundesverband Seniorentanz e.V.<\/span>  <\/li>\n<li>  <span style=\"font-size:calc(1rem + 0.3vw)\">Nachweis \u00fcber die geforderte Praxis<\/span>  <\/li>\n<\/ol>\n<p><span style=\"font-weight:bold\">Lehrgangsleitung:<\/span> Die Lehrgangsleitung erfolgt durch zwei Ausbildungsreferentinnen des BVST: Eva Adelhardt und Margot Roth<\/p>\n<p>Die Kosten des Lehrgangs betragen \u20ac 499,00 inkl. 4 Mittagessen und Mineralwasser, inkl. Leitfaden&nbsp;und Tanzschl\u00fcssel sowie Tanzbeschreibungen und Ausbildungs-CD<\/p>\n<p><span style=\"font-weight:bold\">Folgetermin<\/span>: Aufbaulehrgang II = 11.02.-14.02.27<\/p>\n<p><span style=\"font-weight:bold;text-decoration:none\">Info \/ Anmeldung zu diesem Seminar:<\/span><\/p>\n<p>Bildungsakademie des Landessportbundes Hessen<br \/>Otto-Fleck-Schneise 4<br \/>60528 Frankfurt<br \/>Tel.: +49 69 67893522&nbsp; \u2013&nbsp; E-Mail: vfallerdreuth@sport-erlebnisse.de<\/p>\n<hr>\n<\/div>","protected":false},"excerpt":{"rendered":"<p>Tanzleiter*in f\u00fcr Tanzen mit Senioren&nbsp;\u2013&nbsp;Aufbaulehrgang 1 Ausbildung zur Tanzleiterin \/ zum Tanzleiter Tanzen mit Senioren in Zusammenarbeit mit dem Landessportbund Hessen e.V. Frankfurt, 17.-20. September 2026 (Do.-So.) \u2013 jeweils 09:00 &hellip;<\/p>\n","protected":false},"author":1,"featured_media":0,"parent":0,"menu_order":0,"comment_status":"closed","ping_status":"closed","template":"fullwidth.php","meta":{"footnotes":""},"class_list":["post-177","page","type-page","status-publish","hentry"],"_links":{"self":[{"href":"https:\/\/erlebnis-tanz.org\/hessen\/wp-json\/wp\/v2\/pages\/177","targetHints":{"allow":["GET"]}}],"collection":[{"href":"https:\/\/erlebnis-tanz.org\/hessen\/wp-json\/wp\/v2\/pages"}],"about":[{"href":"https:\/\/erlebnis-tanz.org\/hessen\/wp-json\/wp\/v2\/types\/page"}],"author":[{"embeddable":true,"href":"https:\/\/erlebnis-tanz.org\/hessen\/wp-json\/wp\/v2\/users\/1"}],"replies":[{"embeddable":true,"href":"https:\/\/erlebnis-tanz.org\/hessen\/wp-json\/wp\/v2\/comments?post=177"}],"version-history":[{"count":42,"href":"https:\/\/erlebnis-tanz.org\/hessen\/wp-json\/wp\/v2\/pages\/177\/revisions"}],"predecessor-version":[{"id":753,"href":"https:\/\/erlebnis-tanz.org\/hessen\/wp-json\/wp\/v2\/pages\/177\/revisions\/753"}],"wp:attachment":[{"href":"https:\/\/erlebnis-tanz.org\/hessen\/wp-json\/wp\/v2\/media?parent=177"}],"curies":[{"name":"wp","href":"https:\/\/api.w.org\/{rel}","templated":true}]}}