{"id":24,"date":"2021-03-29T11:03:39","date_gmt":"2021-03-29T09:03:39","guid":{"rendered":"https:\/\/erlebnis-tanz.org\/ns\/?page_id=24"},"modified":"2025-09-15T16:10:23","modified_gmt":"2025-09-15T14:10:23","slug":"ueber-uns","status":"publish","type":"page","link":"https:\/\/erlebnis-tanz.org\/ns\/ueber-uns\/","title":{"rendered":"\u00dcber uns"},"content":{"rendered":"<div class=\"pbs-main-wrapper\"><p>Der Landesverband Niedersachsen wurde am 14.01.1984 unter Mitwirkung der damaligen Vorsitzenden des Bundesverbandes Seniorentanz e.V., Frau M.-L. Nolting, gegr\u00fcndet. Die erste Landesvorsitzende war Erika Plessen. Sie \u00fcbte das Amt von 1984 bis Februar 2006 aus. llona Rohrdanz war Vorsitzende von 2006 bis September 2008. Seit Februar 2009 leitet Sabine Blume den Landesverband.<\/p>\n<p>Fast 370 T\u00e4nzerinnen und T\u00e4nzer aus Niedersachsen sind Mitglied im Bundesverband Seniorentanz e.V. Der Landesverband Niedersachsen hat 5&nbsp;Arbeitskreise (in alphabetischer Reihenfolge): Braunschweig, Hannover, Niedersachsen Nordwest, Niedersachsen S\u00fcd und Osnabr\u00fcck. Seit April 2007 gibt es auch Arbeitskreise im Sitzen: Arbeitskreis Hannover&nbsp;\u201eTanzen im Sitzen\u201c in Celle, Arbeitskreis Niedersachsen Nordwest in Westerstede und in Northeim \u2013&nbsp;Arbeitskreis Niedersachsen S\u00fcd. In den Arbeitskreisen haben alle Tanzleiterinnen und Tanzleiter die M\u00f6glichkeit, sich in regelm\u00e4\u00dfigen Abst\u00e4nden weiterzubilden. Aber auch alle anderen Mitglieder k\u00f6nnen an den Arbeitskreistreffen teilnehmen.<\/p>\n<p>In ca. 400 Tanzgruppen wird der Seniorentanz angeboten. Der Landesverband Niedersachsen arbeitet u. a. mit Heimvolkshochschulen, dem Diakonischen Werk, der Katholischen Erwachsenenbildung, Landfrauenverb\u00e4nden, der Rheuma-Liga Niedersachsen und dem kommunalen Seniorenservice der Stadt Hannover zusammen.<\/p>\n<h4 style=\"margin-top: 40px\">  Der Landesvorstand Niedersachsen  <\/h4>\n<div class=\"pbs-row\" style=\"min-height: 200px;margin-bottom: 108px\">\n<div class=\"pbs-col\" style=\"justify-content: center;flex-basis: 35.1804%;padding-right: 0px;padding-bottom: 1px;padding-left: 0px\">\n<p><img loading=\"lazy\" decoding=\"async\" alt class=\"alignleft wp-image-89 size-full\" height=\"376\" src=\"https:\/\/erlebnis-tanz.org\/ns\/wp-content\/uploads\/sites\/11\/2021\/03\/Sabine-3.jpg\" style=\"height: auto;width: 314px\" width=\"314\"><\/p>\n<\/div>\n<div class=\"pbs-col\" style=\"justify-content: center;flex-basis: 27.2698%;padding-left: 0px\"><\/div>\n<\/div>\n<p style=\"margin-top: -99px\"><strong>Sabine Blume<\/strong><br \/> Vorsitzende<br \/> Ansprechpartnerin f\u00fcr die Arbeitskreise Niedersachsen im BVST<br \/> Tel. 0511-822082&nbsp;&nbsp; &nbsp;&nbsp; Fax&nbsp; 0511-821335<\/p>\n<p style=\"margin-top: -10px\">vorsitz-niedersachsen@erlebnis-tanz.de<\/p>\n<\/div>","protected":false},"excerpt":{"rendered":"<p>Der Landesverband Niedersachsen wurde am 14.01.1984 unter Mitwirkung der damaligen Vorsitzenden des Bundesverbandes Seniorentanz e.V., Frau M.-L. Nolting, gegr\u00fcndet. Die erste Landesvorsitzende war Erika Plessen. Sie \u00fcbte das Amt von &hellip;<\/p>\n","protected":false},"author":1,"featured_media":0,"parent":0,"menu_order":0,"comment_status":"closed","ping_status":"closed","template":"fullwidth.php","meta":{"footnotes":""},"class_list":["post-24","page","type-page","status-publish","hentry"],"_links":{"self":[{"href":"https:\/\/erlebnis-tanz.org\/ns\/wp-json\/wp\/v2\/pages\/24","targetHints":{"allow":["GET"]}}],"collection":[{"href":"https:\/\/erlebnis-tanz.org\/ns\/wp-json\/wp\/v2\/pages"}],"about":[{"href":"https:\/\/erlebnis-tanz.org\/ns\/wp-json\/wp\/v2\/types\/page"}],"author":[{"embeddable":true,"href":"https:\/\/erlebnis-tanz.org\/ns\/wp-json\/wp\/v2\/users\/1"}],"replies":[{"embeddable":true,"href":"https:\/\/erlebnis-tanz.org\/ns\/wp-json\/wp\/v2\/comments?post=24"}],"version-history":[{"count":27,"href":"https:\/\/erlebnis-tanz.org\/ns\/wp-json\/wp\/v2\/pages\/24\/revisions"}],"predecessor-version":[{"id":571,"href":"https:\/\/erlebnis-tanz.org\/ns\/wp-json\/wp\/v2\/pages\/24\/revisions\/571"}],"wp:attachment":[{"href":"https:\/\/erlebnis-tanz.org\/ns\/wp-json\/wp\/v2\/media?parent=24"}],"curies":[{"name":"wp","href":"https:\/\/api.w.org\/{rel}","templated":true}]}}