{"id":28,"date":"2021-03-31T10:30:10","date_gmt":"2021-03-31T08:30:10","guid":{"rendered":"https:\/\/erlebnis-tanz.org\/rp\/?page_id=28"},"modified":"2023-02-25T11:47:22","modified_gmt":"2023-02-25T10:47:22","slug":"ueber-uns","status":"publish","type":"page","link":"https:\/\/erlebnis-tanz.org\/rp\/ueber-uns\/","title":{"rendered":"\u00dcber uns"},"content":{"rendered":"<div class=\"pbs-main-wrapper\"><div class=\"pbs-row\" style=\"min-height: 200px\">\n<div class=\"pbs-col\" style=\"flex-basis: 50%;justify-content: center\">\n<p><strong><\/p>\n<p><img loading=\"lazy\" decoding=\"async\" alt class=\"aligncenter size-full wp-image-14\" height=\"350\" src=\"https:\/\/erlebnis-tanz.org\/rp\/wp-content\/uploads\/sites\/13\/2021\/03\/RHL-PF_Transp.png\" width=\"350\"><\/p>\n<p><\/strong>  <\/p>\n<\/div>\n<\/div>\n<p><strong>Der Landesverband Rheinland-Pfalz wurde im Jahr 1983 gegr\u00fcndet.<\/strong><\/p>\n<p><strong>156 Tanzbegeisterte des Landesverbandes Rheinland-Pfalz sind Mitglied im Bundesverband Seniorentanz e.V.<\/strong><\/p>\n<h4 style=\"margin-top: 40px\">  <strong>Landesvorstand<\/strong>  <\/h4>\n<h4 style=\"margin-top: 40px\">  <strong><\/p>\n<p><img decoding=\"async\" alt class=\"alignnone wp-image-185\" height=\"331\" loading=\"lazy\" src=\"https:\/\/erlebnis-tanz.org\/rp\/wp-content\/uploads\/sites\/13\/2022\/04\/Neuer-Vorstand-LV-Rhld.Pfalz_2022-03-27_14-08-45-225x300.jpg\" style=\"flex: 0 auto;min-height: 0px;margin-top: 0px;margin-bottom: 0px\" width=\"249\" srcset=\"https:\/\/erlebnis-tanz.org\/rp\/wp-content\/uploads\/sites\/13\/2022\/04\/Neuer-Vorstand-LV-Rhld.Pfalz_2022-03-27_14-08-45-225x300.jpg 225w, https:\/\/erlebnis-tanz.org\/rp\/wp-content\/uploads\/sites\/13\/2022\/04\/Neuer-Vorstand-LV-Rhld.Pfalz_2022-03-27_14-08-45-768x1024.jpg 768w, https:\/\/erlebnis-tanz.org\/rp\/wp-content\/uploads\/sites\/13\/2022\/04\/Neuer-Vorstand-LV-Rhld.Pfalz_2022-03-27_14-08-45.jpg 960w\" sizes=\"auto, (max-width: 249px) 100vw, 249px\" \/><\/p>\n<p><\/strong>  <\/h4>\n<p><strong>Auf der Sitzung des Landesverbandes Rheinland-Pfalz am 19.03.2022 in Schifferstadt wurde turnusgem\u00e4\u00df ein neuer Vorstand gew\u00e4hlt. Gew\u00e4hlt wurden jeweils einstimmig:<\/strong><\/p>\n<p><strong>Elvira Eppers (Bildmitte) vom AK Trier zur Vorsitzenden,<\/strong><\/p>\n<p><strong>Gertrud Hauth (rechts im Bild), ebenfalls AK Trier zur stellvertretenden Vorsitzenden,<\/strong><\/p>\n<p><strong>&nbsp;zum Schatzmeister und<\/strong><\/p>\n<p><strong>Renate Salekovic (links im Bild) vom AK Pfalz zur Beisitzerin.<\/strong><\/p>\n<p><strong>Wir gratulieren den neuen Vorstandsmitgliedern und w\u00fcnschen ihnen in ihrem neuen Amt viel Erfolg.<\/strong><\/p>\n<p><strong>Kontakt:<\/strong><\/p>\n<p><strong>Elvira Eppers, Vorsitzende<\/strong><\/p>\n<p><strong>Tel. 06571-9007755<\/strong><\/p>\n<p><strong>Belinger Stra\u00dfe 36<\/strong><\/p>\n<p><strong>54516 Wittlich<\/strong><\/p>\n<p><strong>Gertrud Hauth, stellvertretende Vorsitzende<\/strong><\/p>\n<p><strong>Manfred Jacob, Schatzmeister<\/strong><\/p>\n<p><strong>Renate Salekovic, Beisitzerin<\/strong><\/p>\n<p style=\"margin-top: -10px\">  <strong><\/p>\n<p><a href=\"mailto:vorsitz-rheinlandpfalz@erlebnis-tanz.de\"><img decoding=\"async\" alt src=\"https:\/\/erlebnis-tanz.org\/rp\/wp-content\/uploads\/sites\/13\/2021\/03\/Email-icon.png\"><\/a><\/p>\n<p><\/strong>  <\/p>\n<div data-ce-tag=\"spacer\"><\/div>\n<div data-ce-tag=\"spacer\"><\/div>\n<\/div>","protected":false},"excerpt":{"rendered":"<p>Der Landesverband Rheinland-Pfalz wurde im Jahr 1983 gegr\u00fcndet. 156 Tanzbegeisterte des Landesverbandes Rheinland-Pfalz sind Mitglied im Bundesverband Seniorentanz e.V. Landesvorstand Auf der Sitzung des Landesverbandes Rheinland-Pfalz am 19.03.2022 in Schifferstadt &hellip;<\/p>\n","protected":false},"author":1,"featured_media":0,"parent":0,"menu_order":0,"comment_status":"closed","ping_status":"closed","template":"fullwidth.php","meta":{"footnotes":""},"class_list":["post-28","page","type-page","status-publish","hentry"],"_links":{"self":[{"href":"https:\/\/erlebnis-tanz.org\/rp\/wp-json\/wp\/v2\/pages\/28","targetHints":{"allow":["GET"]}}],"collection":[{"href":"https:\/\/erlebnis-tanz.org\/rp\/wp-json\/wp\/v2\/pages"}],"about":[{"href":"https:\/\/erlebnis-tanz.org\/rp\/wp-json\/wp\/v2\/types\/page"}],"author":[{"embeddable":true,"href":"https:\/\/erlebnis-tanz.org\/rp\/wp-json\/wp\/v2\/users\/1"}],"replies":[{"embeddable":true,"href":"https:\/\/erlebnis-tanz.org\/rp\/wp-json\/wp\/v2\/comments?post=28"}],"version-history":[{"count":18,"href":"https:\/\/erlebnis-tanz.org\/rp\/wp-json\/wp\/v2\/pages\/28\/revisions"}],"predecessor-version":[{"id":216,"href":"https:\/\/erlebnis-tanz.org\/rp\/wp-json\/wp\/v2\/pages\/28\/revisions\/216"}],"wp:attachment":[{"href":"https:\/\/erlebnis-tanz.org\/rp\/wp-json\/wp\/v2\/media?parent=28"}],"curies":[{"name":"wp","href":"https:\/\/api.w.org\/{rel}","templated":true}]}}