{"id":200,"date":"2021-03-07T15:55:45","date_gmt":"2021-03-07T14:55:45","guid":{"rendered":"https:\/\/erlebnis-tanz.org\/saarlorlux\/?page_id=200"},"modified":"2025-04-18T16:27:30","modified_gmt":"2025-04-18T14:27:30","slug":"saarlorlux-tanzfestival","status":"publish","type":"page","link":"https:\/\/erlebnis-tanz.org\/saarlorlux\/saarlorlux-tanzfestival\/","title":{"rendered":"SaarLorLux-Tanzfestival"},"content":{"rendered":"<div class=\"pbs-main-wrapper\"><p><img decoding=\"async\" alt=\"DSC02969.JPG\" height=\"300\" loading=\"lazy\" src=\"https:\/\/erlebnis-tanz.org\/saarlorlux\/wp-content\/uploads\/sites\/3\/2021\/03\/DSC02969.JPG\" width=\"532\"><\/p>\n<h4 style=\"margin-top: 40px;\"> ZEHN JAHRE SAARLORLUX-TANZFEST <\/h4>\n<p><strong>Ein gro\u00dfer Erfolg!<\/strong><\/p>\n<p>Vor zehn Jahren war es f\u00fcr den Landesverband SaarLorLux sehr schwer, ein solches Event zu organisieren.&nbsp;<strong>Jutta Brauers<\/strong>, damals Landesvorsitzende vom LV-SSL und&nbsp;<strong>Monika&nbsp;M\u00f6ll&nbsp;<\/strong>f\u00fcr die \u201eFachschaft Erwachsene und \u00c4ltere im Saarl\u00e4ndischen Turnerbund\u201d beschlossen, es einmal zusammen zu versuchen.<\/p>\n<p>R\u00fcckschau: Die erste gemeinsame Veranstaltung war in Elversberg (Gau Blies). Eine mehr als volle Halle zeigt uns, dass wir auf dem richtigen Weg waren, den Seniorentanz einer breiteren \u00d6ffentlichkeit zu pr\u00e4sentieren. So beschlossen wir im Turnerbund und im Landesverband f\u00fcr das ganze Saarland (4 Gaue) jedes Jahr ein Tanzfest zu organisieren.<\/p>\n<p>Und sie waren immer ein voller Erfolg. Zwei gro\u00dfe Ereignisse waren vor allem die Tanzfeste zum Landesturnfest in St. Wendel (Saalbau) und in St. Ingbert (Ingobertushalle) Seitdem wird auch in den Turnvereinen des Saarlands wieder mehr getanzt.<\/p>\n<p>Vor drei Jahren hat sich unserer Zweier-Kooperation der&nbsp;<strong>\u201eSaarl\u00e4ndische Volkstanz \u2013 und Trachtenverband\u201d<\/strong>&nbsp;angeschlossen. Seit dem veranstalten wir das SaarLorLux-Tanzfest zusammen.&nbsp;Ich kann nur sagen:<strong style=\"color: var( --e-global-color-text );\">&nbsp;\u201eZusammen sind wir stark\u201d.<\/strong>&nbsp;Es macht einfach Spa\u00df zu sehen, wie viele tanzbegeisterte Menschen es gibt. Also machen wir zusammen weiter.<\/p>\n<p><img decoding=\"async\" alt=\"DSC02960.JPG\" height=\"300\" loading=\"lazy\" src=\"https:\/\/erlebnis-tanz.org\/saarlorlux\/wp-content\/uploads\/sites\/3\/2021\/03\/DSC02960.JPG\" width=\"532\"><\/p>\n<p style=\"margin-top: -34px;\">Beim Tanzen im Sitzen<\/p>\n<p>Seit 3 Jahren helfen auch die&nbsp;<strong>Luxemburger Tanzleiter&nbsp;<\/strong>bei den Tanzansagen und ihr neuer Verein<strong>&nbsp;\u201eDANZ 50+ L\u00ebtzebuerg\u201d&nbsp;<\/strong>wird in 2020 unser gemeinsames Baby auch in Luxemburg\/Junglinster aus der Taufe heben. Nat\u00fcrlich wieder in Kooperation, wir bleiben auf der sicheren Seite.<\/p>\n<p>Dieses Jahr waren 8 Tanzleiterinnen angetreten, um unser j\u00e4hrliches SaarLorLux-Tanzfest zu einem Erfolg werden zu lassen.<\/p>\n<p>Nun m\u00f6chten wir uns bei allen bisherigen Tanzleiterinnen die zu diesem Erfolg beigetragen haben aufs herzlichste bedanken, den ausgeschiedenen TL f\u00fcr ihre Zukunft alle Gute und den zuk\u00fcnftigen Tanzleiterinnen viel Gl\u00fcck bei den folgenden \u201eSaarLorLux-Tanzfesten\u201d w\u00fcnschen.<\/p>\n<p>DANKE f\u00fcr dieses Mal an alle flei\u00dfigen Tanz-Teilnehmer und&nbsp;an den \u201ePr\u00e4sidenten des Saarl\u00e4ndischen Turnerbundes\u201d:&nbsp;<strong style=\"color: var( --e-global-color-text );\">Herr J\u00fcrgen Leiner<\/strong><\/p>\n<p>Tanzleiter-Tanztrainer:&nbsp;<strong>Monika M\u00f6ll, Ute Ott-Guth. Andrea Fuchs, Claudia Klein, Brigitte Fickinger, Wilma Zimnoch, Josette Buschmann, Antoinette Beffort.<\/strong><\/p>\n<p>F\u00fcr die ganze \u201eDrumherum-Arbeit\u201d wie Tische stellen, Kuchen backen und verkaufen, den die&nbsp;<strong>Mitglieder vom TV Bous&nbsp;<\/strong>geleistet haben, an der Spitze&nbsp;<strong>Frau Trudel Steil&nbsp;<\/strong>sagen wir auch&nbsp;<strong style=\"color: var( --e-global-color-text );\">ein gro\u00dfes Dankesch\u00f6n.<\/strong><\/p>\n<p><img decoding=\"async\" alt=\"clipart-excellent-7.jpg\" height=\"200\" loading=\"lazy\" src=\"https:\/\/erlebnis-tanz.org\/saarlorlux\/wp-content\/uploads\/sites\/3\/2021\/03\/clipart-excellent-7.jpg\" width=\"209\"><\/p>\n<p>Text: Monika M\u00f6ll, Ute Ott-Guth, Fotos: Andrea Fuchs<\/p>\n<h4 style=\"margin-top: 40px;\"> SaarlorLux-Tanzfestival 2018 <\/h4>\n<p>5. August 2018<br \/> 37 T\u00e4nzerinnen\/T\u00e4nzer aus Luxemburg waren dabei<br \/> KEIN HITZEFREI<\/p>\n<p>Allj\u00e4hrlich kommt der Tag, an dem sich die Saarl\u00e4nder Seniorent\u00e4nzer auf den Weg machen. Jedes Mal mit einem anderen Ziel.&nbsp;Dieses Mal war es die S\u00fcdwesthalle in Bous (bei Saarbr\u00fccken).&nbsp;Viele T\u00e4nzerinnen und T\u00e4nzer kamen in einer Fahrgemeinschaft, die Luxemburger T\u00e4nzer brachte ein Bus nach Bous.&nbsp;Jetzt muss ich hier mal pers\u00f6nlich anmerken: So viele, wie schon seit vielen Jahren nicht mehr. Das war ein sch\u00f6ner Erfolg des neu gegr\u00fcndeten Vereins \u201eDANZ 50+ L\u00ebtzebuerg\u201c.&nbsp;Bei 35 Grad im Freien und nicht viel weniger in der Halle, trafen sich ca. 100 T\u00e4nzerinnen und 10 T\u00e4nzer.<\/p>\n<p><img decoding=\"async\" alt=\"DSC02014 2.jpg\" height=\"297\" loading=\"lazy\" src=\"https:\/\/erlebnis-tanz.org\/saarlorlux\/wp-content\/uploads\/sites\/3\/2021\/03\/DSC02014-2.jpg\" width=\"811\"><\/p>\n<p>Dass sie bei dieser Hitze \u00fcberhaupt aus dem Haus gegangen sind, das kann ich schon nicht verstehen.&nbsp;Aber dann standen sie die ganze Zeit auf den Beinen und tanzten, unglaublich!&nbsp;Es war einfach SUPER! Als ich mir um 17 Uhr ein neues Wasser kaufen wollte, waren alle kleinen Flaschen schon weg. Das zeigt, wie durstig wir waren und wie gut wir die Ratsschl\u00e4ge der \u00c4rzte befolgen. Viel trinken bei der Hitze.<\/p>\n<p>Ich habe einmal nachgez\u00e4hlt. Zwischen 14.15 Uhr und 18 Uhr haben wir \u2013 sage und schreibe \u2013 22 T\u00e4nze aufs Parket gelegt. Jetzt muss ich mal rechnen \u2013 das ist ja pro 10 Minuten ein Tanz! Wenn das mal nichts ist! Die Ausrufezeichen gehen mir nicht aus!&nbsp;<img decoding=\"async\" alt=\"?\" class draggable=\"false\" height=\"16\" loading=\"lazy\" role=\"img\" src=\"https:\/\/s.w.org\/images\/core\/emoji\/13.0.1\/svg\/1f609.svg\" width=\"16\"><strong><br \/> Veranstaltet wurde das Fest wie schon so oft von der Fachschaft Erwachsene und \u00c4ltere im STB in Kooperation mit dem BVST \u2013 \u201eLandesverband SaarLorLux\u201c. Angeschlossen hatten sich wieder der Saarl\u00e4ndische Volkstanz- und Trachtenverband und der neu gegr\u00fcndete Verein \u201eDANZ 50+ L\u00ebtzebuerg asbl\u201c.<br \/><\/strong> Die T\u00e4nze haben mit gro\u00dfem Engagement angesagt:&nbsp;Monika M\u00f6ll, Tanzleiterin beim Turnerbund St. Johann und Landesfachwirtin im Saarl\u00e4ndischen Turnerbund, Organisatorin vom Tanzfest&nbsp;Ute Ott-Guth, Tanzleiterin, stellvertretende Vorsitzende vom Landesverband SaarLorLux und Sekret\u00e4rin vom DANZ 50+ L\u00ebtzebuerg&nbsp;Andrea Fuchs, Pr\u00e4sidentin vom Volkstanz und Trachtenverband und Claudia Klein<\/p>\n<p><strong>Ein gro\u00dfes Dankesch\u00f6n<\/strong>&nbsp;an die tollen T\u00e4nzerinnen und die Tanzleiter, die alle T\u00e4nze SUPER angesagt, geleitet und getanzt haben. Ebenso ganz herzlich an die Mitglieder vom TV Bous f\u00fcr die tolle Bewirtung.<\/p>\n<p><img decoding=\"async\" alt=\"images.jpeg\" height=\"150\" loading=\"lazy\" src=\"https:\/\/erlebnis-tanz.org\/saarlorlux\/wp-content\/uploads\/sites\/3\/2021\/03\/images.jpeg\" width=\"307\"><\/p>\n<p><img decoding=\"async\" alt=\"DSC02014 1.jpg\" height=\"500\" loading=\"lazy\" src=\"https:\/\/erlebnis-tanz.org\/saarlorlux\/wp-content\/uploads\/sites\/3\/2021\/03\/DSC02014-1.jpg\" width=\"261\">&nbsp;&nbsp;<img decoding=\"async\" alt=\"DSC02011.JPG\" height=\"300\" loading=\"lazy\" src=\"https:\/\/erlebnis-tanz.org\/saarlorlux\/wp-content\/uploads\/sites\/3\/2021\/03\/DSC02011.JPG\" style=\"color: var( --e-global-color-text );\" width=\"452\"><\/p>\n<p style=\"margin-top: -34px;\">Text: Ute Ott-Guth,&nbsp;Fotos: Irmgard Stahl<\/p>\n<h4 style=\"margin-top: 40px;\"> SaarlorLux-Tanzfestival 2017 <\/h4>\n<p><img decoding=\"async\" alt=\"Tanzfest - 01.10.2017 Polonaise zugeschnitten.JPG\" height=\"286\" loading=\"lazy\" src=\"https:\/\/erlebnis-tanz.org\/saarlorlux\/wp-content\/uploads\/sites\/3\/2021\/03\/Tanzfest-01.10.2017-Polonaise-zugeschnitten.jpg\" width=\"641\"><\/p>\n<p style=\"margin-top: -25px;\"><b>1. Oktober 2017<br \/><\/b> <strong style=\"color: var( --e-global-color-text );\">Die Organisatorin Monika M\u00f6ll hat dieses Jahr das SaarLorLux-Tanzfest NEU erfunden!<\/strong><\/p>\n<p>Wie jedes Jahr veranstaltete die Fachschaft Erwachsene und \u00c4ltere im STB in Kooperation mit dem BVST \u2013 \u201eLandesverband SaarLorLux\u201c sein Tanzfest.<br \/> Das Projekt \u201eFit und Vital \u00e4lter werden\u201c des STB hat sich angeschlossen und ebenfalls \u2013 aber jetzt wird\u2019s spannend \u2013 ganz neu der Saarl\u00e4ndische Volkstanz- und Trachtenverband.&nbsp;Dieses neue Projekt fand dieses Mal am 01. Oktober 2017 in der Halle der TG Landsweiler-Reden statt. 180 Teilnehmer!&nbsp;Die&nbsp;<strong>Seniorent\u00e4nzer<\/strong>&nbsp;punkteten mit flotten und abwechslungsreichen Mitmacht\u00e4nzen.<\/p>\n<p><img decoding=\"async\" alt=\"Tanzfest 01.10.2017 Walzer klein.jpg\" height=\"301\" loading=\"lazy\" src=\"https:\/\/erlebnis-tanz.org\/saarlorlux\/wp-content\/uploads\/sites\/3\/2021\/03\/Tanzfest-01.10.2017-Walzer-klein.jpg\" width=\"414\"><\/p>\n<p>Die&nbsp;<strong style=\"color: var( --e-global-color-text );\">Folkloret\u00e4nzer<\/strong>&nbsp;zogen gleich mit genauso flotten und abwechslungsreichen Mitmach-folkloret\u00e4nzen! Wer h\u00e4tte das gedacht. Ich dachte immer, die Folkoret\u00e4nze sind schnell und man springt und h\u00fcpft. Tja, da war ich schlecht informiert. Ganz prima konnten wir alle mittanzen.<\/p>\n<p><img decoding=\"async\" alt=\"Tanzfest 01.10.2017 Spass machst jedem.JPG\" height=\"300\" loading=\"lazy\" src=\"https:\/\/erlebnis-tanz.org\/saarlorlux\/wp-content\/uploads\/sites\/3\/2021\/03\/Tanzfest-01.10.2017-Spass-machst-jedem.JPG\" width=\"490\"><\/p>\n<p><img decoding=\"async\" alt=\"Tanzfest 01.10.2017 Musikanten klein.jpg\" height=\"300\" loading=\"lazy\" src=\"https:\/\/erlebnis-tanz.org\/saarlorlux\/wp-content\/uploads\/sites\/3\/2021\/03\/Tanzfest-01.10.2017-Musikanten-klein.jpg\" width=\"413\"><strong><br \/> Und die totale \u00c4nderung:<\/strong>&nbsp;Wir sangen! Die ganze Halle sang mit. (Also ich meine die Menschen dort.)<\/p>\n<p>Ein gro\u00dfes Dankesch\u00f6n an die tollen Tanzleiterinnen, die alle T\u00e4nze SUPER angesagt und geleitet haben. Es waren die Damen: Jutta Brauers, Ute Ott, Birgit M\u00fcller und Monika M\u00f6ll.&nbsp;Und nicht zu vergessen unseren Dank an die Musikanten der Trachtengruppen, die uns beim Singen mit ihren Instrumenten und ihren Stimmen begleitet haben:&nbsp;Ich bin davon \u00fcberzeugt, wir k\u00f6nnen n\u00e4chstes Jahr auf diesem Erfolg aufbauen!<\/p>\n<p style=\"margin-bottom: 40px;\">Text: Ute Ott-Guth.&nbsp;Fotos: Manfred Schweitzer<\/p>\n<h4> Mitmacht\u00e4nze f\u00fcr \u00c4ltere und Jungebliebene <\/h4>\n<p><span style=\"font-weight: bold;\">21. Mai 2016<\/span><br \/> <span style=\"font-weight: bold;\">Stadthalle am Markt, St. Ingbert<\/span><\/p>\n<p>St. Ingbert feierte mit vielen sportlichen Attraktionen sein 20. Saarl\u00e4ndisches Turnfest vom 20. \u2013 22. Mai 2016. In Kooperation mit dem Bundesverband Seniorentanz e.V. und dem Saarl\u00e4ndischem Turnerbund wurde unter der Leitung von Frau Monika M\u00f6ll und Frau Jutta Brauers das SaarLorLux-Tanzfestival durchgef\u00fchrt.&nbsp;Die beiden versierten Tanzleiterinnen f\u00fchrten wie gewohnt mit Charme und K\u00f6nnen die ca. 80 T\u00e4nzer und T\u00e4nzerinnen durch den Vormittag. Aus dem reichhaltigen Repertoire des&nbsp;Seniorentanzes wurden Block- und Gassent\u00e4nze,&nbsp;Kolos (Kreist\u00e4nze) und Mixer nach ihrer Ansage getanzt.<\/p>\n<p>Artikel und Fotos: Manfred Schweitzer<\/p>\n<p><img decoding=\"async\" alt height=\"300\" src=\"https:\/\/erlebnis-tanz.org\/saarlorlux\/wp-content\/uploads\/sites\/3\/2021\/03\/k-tanzfest-St.-Ingbert-2.jpg\"><\/p>\n<\/div>","protected":false},"excerpt":{"rendered":"<p>ZEHN JAHRE SAARLORLUX-TANZFEST Ein gro\u00dfer Erfolg! Vor zehn Jahren war es f\u00fcr den Landesverband SaarLorLux sehr schwer, ein solches Event zu organisieren.&nbsp;Jutta Brauers, damals Landesvorsitzende vom LV-SSL und&nbsp;Monika&nbsp;M\u00f6ll&nbsp;f\u00fcr die \u201eFachschaft &hellip;<\/p>\n","protected":false},"author":1,"featured_media":0,"parent":0,"menu_order":0,"comment_status":"closed","ping_status":"closed","template":"fullwidth.php","meta":{"footnotes":""},"class_list":["post-200","page","type-page","status-publish","hentry"],"_links":{"self":[{"href":"https:\/\/erlebnis-tanz.org\/saarlorlux\/wp-json\/wp\/v2\/pages\/200","targetHints":{"allow":["GET"]}}],"collection":[{"href":"https:\/\/erlebnis-tanz.org\/saarlorlux\/wp-json\/wp\/v2\/pages"}],"about":[{"href":"https:\/\/erlebnis-tanz.org\/saarlorlux\/wp-json\/wp\/v2\/types\/page"}],"author":[{"embeddable":true,"href":"https:\/\/erlebnis-tanz.org\/saarlorlux\/wp-json\/wp\/v2\/users\/1"}],"replies":[{"embeddable":true,"href":"https:\/\/erlebnis-tanz.org\/saarlorlux\/wp-json\/wp\/v2\/comments?post=200"}],"version-history":[{"count":20,"href":"https:\/\/erlebnis-tanz.org\/saarlorlux\/wp-json\/wp\/v2\/pages\/200\/revisions"}],"predecessor-version":[{"id":644,"href":"https:\/\/erlebnis-tanz.org\/saarlorlux\/wp-json\/wp\/v2\/pages\/200\/revisions\/644"}],"wp:attachment":[{"href":"https:\/\/erlebnis-tanz.org\/saarlorlux\/wp-json\/wp\/v2\/media?parent=200"}],"curies":[{"name":"wp","href":"https:\/\/api.w.org\/{rel}","templated":true}]}}