{"id":38,"date":"2021-04-07T11:16:18","date_gmt":"2021-04-07T09:16:18","guid":{"rendered":"https:\/\/erlebnis-tanz.org\/sw\/?page_id=38"},"modified":"2025-06-19T13:18:51","modified_gmt":"2025-06-19T11:18:51","slug":"ueber-uns","status":"publish","type":"page","link":"https:\/\/erlebnis-tanz.org\/sw\/ueber-uns\/","title":{"rendered":"\u00dcber uns"},"content":{"rendered":"<div class=\"pbs-main-wrapper\"><p>Am 18. M\u00e4rz 1984 trafen sich 26 Mitglieder des BVST e.V. aus Schleswig-Holstein in Kiel und gr\u00fcndeten den Landesverband Schleswig-Holstein.<\/p>\n<p>Der Landesverband SH&nbsp; hat aktuell 173 Mitglieder. Seminare und die 2 Arbeitskreise bieten allen Mitgliedern eine gro\u00dfe Vielfalt an Ausbildungs- und Fortbildungsm\u00f6glichkeiten.<\/p>\n<p>Landesweite Mitgliedertanzfeste laden in regelm\u00e4\u00dfigen Abst\u00e4nden zum gemeinsamen Tanzen ein.<\/p>\n<h4 style=\"margin-top: 40px\">  Landesvorstand  <\/h4>\n<div class=\"pbs-row\" style=\"min-height: 200px\">\n<div class=\"pbs-col\" style=\"flex-basis: 33.33%;justify-content: center\">\nAm 22. M\u00e4rz 2025 wurde auf der Landesversammlung in Neum\u00fcnster der neue Vorstand f\u00fcr 3 Jahre gew\u00e4hlt.<\/p>\n<p><strong>Es wird Zeit, uns einmal vorzustellen:<\/strong><\/p>\n<p>Erste Vorsitzende:    Doris Warncke         &#8211;       Mail:<a href=\"mailto:vorsitz-sh@erlebnis-tanz.de\"> vorsitz-sh@erlebnis-tanz.de <\/a>   Tel: 04532 260 504<\/p>\n<p>Stell. Vorsitzender:  Hans Thomas Petersen  &#8211;       Mail: <a href=\"mailto:stellv-vorsitz-sh@erlebnis-tanz.de\">stellv-vorsitz-sh@erlebnis-tanz.de<\/a><\/p>\n<p>Schatzmeisterin:      Verena Soyka          &#8211;       Mail: <a href=\"mailto:finanzen-sh@erlebnis-tanz.de\">finanzen-sh@erlebnis-tanz.de<\/a>   Tel: 04536 9979317<\/p>\n<p>Beisitzerin\/Schriftf\u00fchrerin: Brigitte Greiner<\/p>\n<p>Referentin:           Monika Weber           &#8211;      Mail: <a href=\"mailto:weber-refbvst@erlebnis-tanz.de\">weber-refbvst@erlebnis-tanz.de<\/a>  Tel: 04532 500580<\/p>\n<p>Wir freuen uns darauf, den Landesverband Schleswig-Holstein f\u00fcr die n\u00e4chsten 3 Jahre zu vertreten und bedanken uns f\u00fcr das entgegengebrachte Vertrauen.<\/p>\n<p>Ein besonderer, gro\u00dfer Dank gilt dem bisherigen Vorstand Gabriele Gronemeyer und Verena Soyka.<br \/>\nBeide haben den Landesverband trotz Unterbesetzung vorbildlich und mit Freude gemanagt.<br \/>\nGabriele, als Leiterin des AK S\u00fcd, steht uns bei vielen Fragen weiterhin hilfreich zur Seite und<br \/>\nVerena, als Schatzmeisterin, wird auch im neuen Vorstand auf die Einnahmen und Ausgaben achten.<br \/>\nVielen, vielen Dank an Euch.<\/p>\n<\/div>","protected":false},"excerpt":{"rendered":"<p>Am 18. M\u00e4rz 1984 trafen sich 26 Mitglieder des BVST e.V. aus Schleswig-Holstein in Kiel und gr\u00fcndeten den Landesverband Schleswig-Holstein. Der Landesverband SH&nbsp; hat aktuell 173 Mitglieder. Seminare und die &hellip;<\/p>\n","protected":false},"author":1,"featured_media":248,"parent":0,"menu_order":0,"comment_status":"closed","ping_status":"closed","template":"fullwidth.php","meta":{"footnotes":""},"class_list":["post-38","page","type-page","status-publish","has-post-thumbnail","hentry"],"_links":{"self":[{"href":"https:\/\/erlebnis-tanz.org\/sw\/wp-json\/wp\/v2\/pages\/38","targetHints":{"allow":["GET"]}}],"collection":[{"href":"https:\/\/erlebnis-tanz.org\/sw\/wp-json\/wp\/v2\/pages"}],"about":[{"href":"https:\/\/erlebnis-tanz.org\/sw\/wp-json\/wp\/v2\/types\/page"}],"author":[{"embeddable":true,"href":"https:\/\/erlebnis-tanz.org\/sw\/wp-json\/wp\/v2\/users\/1"}],"replies":[{"embeddable":true,"href":"https:\/\/erlebnis-tanz.org\/sw\/wp-json\/wp\/v2\/comments?post=38"}],"version-history":[{"count":40,"href":"https:\/\/erlebnis-tanz.org\/sw\/wp-json\/wp\/v2\/pages\/38\/revisions"}],"predecessor-version":[{"id":766,"href":"https:\/\/erlebnis-tanz.org\/sw\/wp-json\/wp\/v2\/pages\/38\/revisions\/766"}],"wp:featuredmedia":[{"embeddable":true,"href":"https:\/\/erlebnis-tanz.org\/sw\/wp-json\/wp\/v2\/media\/248"}],"wp:attachment":[{"href":"https:\/\/erlebnis-tanz.org\/sw\/wp-json\/wp\/v2\/media?parent=38"}],"curies":[{"name":"wp","href":"https:\/\/api.w.org\/{rel}","templated":true}]}}