{"id":42,"date":"2021-04-07T11:16:59","date_gmt":"2021-04-07T09:16:59","guid":{"rendered":"https:\/\/erlebnis-tanz.org\/sw\/?page_id=42"},"modified":"2026-01-13T17:44:59","modified_gmt":"2026-01-13T16:44:59","slug":"veranstaltungen","status":"publish","type":"page","link":"https:\/\/erlebnis-tanz.org\/sw\/veranstaltungen\/","title":{"rendered":"Veranstaltungen"},"content":{"rendered":"<div class=\"pbs-main-wrapper\"><p><strong>Auch im Jahr 2026 bieten wir wieder 2 Seminare an.<\/strong><\/p>\n<p>F\u00fcr 2026 haben wir wieder ein interessantes Seminarangebot f\u00fcr Sie\/Euch zusammengestellt.<br \/>\nNeben dem Erlernen neuer T\u00e4nze sind Seminare nat\u00fcrlich immer auch eine wunderbare Gelegenheit T\u00e4nzerinnen und T\u00e4nzer<br \/>\naus anderen Gebieten Schleswig-Holsteins wiederzutreffen oder kennenzulernen, gemeinsam eine sch\u00f6ne<br \/>\nTanzzeit zu verbringen und dank der neuen Impulse die Tanzstunden zu Hause zu beleben.<\/p>\n<p>Auch in diesem Jahr k\u00f6nnen sowohl Mitglieder als auch Noch-nicht-Mitglieder im BVST teilnehmen.<br \/>\nWir bitten auf die unterschiedlichen Kosten zu achten.<br \/>\nFalls noch nicht geschehen: Vielleicht k\u00f6nnen Sie sich doch dazu entschlie\u00dfen den BVST durch<br \/>\nIhre Mitgliedschaft zu unterst\u00fctzen?<\/p>\n<p>Wir bitten um Beachtung der Anmelde- und Zahlungsmodalit\u00e4ten, und freuen uns auf Ihr\/Dein Kommen<br \/>\nund das gemeinsame Tanzen.<\/p>\n<p><strong>Seminar 1: 5er T\u00e4nze, 3 Paar-T\u00e4nze usw.<\/strong><\/p>\n<p>Im vielseitigen Programm des BVST finden sich auch viele T\u00e4nze f\u00fcr eine bestimmte festgelegte Anzahl<br \/>\nan T\u00e4nzer*innen oder festgelegte Anzahl von Paaren. Davon wollen wir einige wieder- oder neu entdecken.<br \/>\nDie T\u00e4nze sind aus den Weiterbildungsbrosch\u00fcren und aus den ISDC-Brosch\u00fcren der letztem 15 Jahre<\/p>\n<p><strong>5er- T\u00e4nze, 3 Paar- T\u00e4nze usw.<\/strong><br \/>\n<strong>Termin:<\/strong> Sa. 18. April 2026<br \/>\n10:30-15:30 Uhr<br \/>\n<strong>Ort:<\/strong> Tanzclub Hanseatic<br \/>\nFalkenstra\u00dfe 37a<br \/>\n23564 L\u00fcbeck<br \/>\n<strong>Meldeschluss:<\/strong> 15. M\u00e4rz 2026<br \/>\n<strong>Leitung:<\/strong> Petra Freund, Wentorf<br \/>\n<strong>Kosten:<\/strong> Mitglieder: 19,00 \u20ac<br \/>\nNichtmitglieder: 24,00 \u20ac<br \/>\n<strong>Verpflegung:<\/strong> bitte selbst mitbringen; Kaffee\/Tee k\u00f6nnen vor Ort erworben werden.<\/p>\n<p><strong>Seminar 2: Alle meine T\u00e4nze<\/strong><\/p>\n<p>T\u00e4nze von jemanden zu erlernen, der sie selbst \u201eerfunden\u201c hat, ist von Vorteil:<br \/>\nMan erf\u00e4hrt etwas \u00fcber Besonderheiten und Hintergr\u00fcnde des Tanzes sowie zur Methodik aus erster Hand.<br \/>\nZum Ende ihrer T\u00e4tigkeit als Referentin l\u00e4dt Gabriele Gronemeyer ein, von ihr choreografierte T\u00e4nze zu tanzen.<br \/>\nAuf dem Programm steht Altes und Neues: T\u00e4nze, die bereits beim BVST ver\u00f6ffentlicht sind, und eine Reihe noch<br \/>\nnicht erschienener T\u00e4nze \u2013 auf den F\u00fc\u00dfen, aber auch der ein oder andere Tanz im Sitzen.<\/p>\n<p><strong>Alle meine T\u00e4nze<\/strong><br \/>\n<strong>Termin:<\/strong> Sa. 19. September 2026<br \/>\n10:30-15:30 Uhr<br \/>\n<strong>Ort:<\/strong> Betriebssportverband (BSV) Kiel<br \/>\nEckernf\u00f6rder Str. 180<br \/>\n24118 Kiel<br \/>\n<strong>Meldeschluss:<\/strong> 15. August 2026<br \/>\n<strong>Leitung:<\/strong> Gabriele Gronemeyer, L\u00fcbeck<br \/>\n<strong>Kosten:<\/strong> Mitglieder: 15,00 \u20ac<br \/>\nNichtmitglieder: 20,00 \u20ac<br \/>\n<strong>Verpflegung:<\/strong> bitte selbst mitbringen; Kaffee\/Tee k\u00f6nnen vor Ort erworben werden.<\/p>\n<p><strong><br \/>\nTeilnahmebedingungen<\/strong><br \/>\n<strong>Anmeldung<\/strong> bitte an:<br \/>\nLV Schleswig-Holstein<br \/>\nc\/o Monika Weber,<br \/>\nAm Knick 4, 22941 Bargteheide,<br \/>\nTel: 04532\/500580 oder per E-Mail an: weber-refbvst@erlebnis-tanz.de<\/p>\n<p><strong>Zahlungen bitte auf folgendes Konto:<\/strong><br \/>\nBundesverb.Seniorentanz LV S-H<br \/>\nIBAN: DE03 2305 1030 0510 8868 15<br \/>\nBIC: NOLADE21SHO<br \/>\nVerwendungszweck: Seminar Nr. X<\/p>\n<p>Ihre Anmeldung wird <strong>erst wirksam<\/strong> mit der Zahlung des Teilnehmerbeitrages.<br \/>\nDie Anmeldeliste wird daher in der <strong>Reichenfolge des Zahlungseinganges<\/strong> erstellt.<br \/>\nSollten zu viele Anmeldungen eingehen, bekommen Sie eine Nachricht und der Betrag wird zur\u00fcck \u00fcberwiesen.<br \/>\nAnmeldebest\u00e4tigungen werden nicht versandt.<\/p>\n<p>Ein <strong>kostenfreier R\u00fccktritt<\/strong> ist bis zum Anmeldeschluss m\u00f6glich; danach kann die TN-Geb\u00fchr<br \/>\nnur erstattet werden, wenn der Platz an jemand anderen vergeben werden kann.<\/p>\n<p>&#8212;&#8212;&#8212;&#8212;&#8212;&#8212;&#8212;&#8212;&#8212;&#8212;&#8212;&#8212;&#8212;&#8212;&#8212;&#8212;&#8212;&#8212;&#8212;&#8212;&#8212;&#8212;&#8212;&#8212;&#8212;&#8212;&#8212;&#8212;&#8212;&#8212;&#8212;&#8212;&#8212;&#8212;&#8212;&#8212;&#8212;&#8212;&#8212;&#8212;&#8212;&#8212;&#8212;&#8212;&#8212;&#8212;&#8212;&#8212;&#8212;&#8212;&#8212;&#8212;&#8212;&#8212;&#8212;&#8212;&#8212;&#8212;&#8212;&#8212;&#8212;&#8212;&#8212;&#8212;-<br \/>\n<strong>Ausbildungslehrg\u00e4nge <\/strong>finden in SH zur Zeit nicht statt. \u00dcber die aktuellen Lehrgangsangebote k\u00f6nnen<br \/>\nsich Interessierte auf der Homepage des BVST informieren oder sich an Vorstandsmitglied und Ausbildungsreferentin<br \/>\nMonika Weber     unter <strong>weber-refbvst@erlebnis-tanz.de<\/strong> wenden.<br \/>\n&#8212;&#8212;&#8212;&#8212;&#8212;&#8212;&#8212;&#8212;&#8212;&#8212;&#8212;&#8212;&#8212;&#8212;&#8212;&#8212;&#8212;&#8212;&#8212;&#8212;&#8212;&#8212;&#8212;&#8212;&#8212;&#8212;&#8212;&#8212;&#8212;&#8212;&#8212;&#8212;&#8212;&#8212;&#8212;&#8212;&#8212;&#8212;&#8212;&#8212;&#8212;&#8212;&#8212;&#8212;&#8212;&#8212;&#8212;&#8212;&#8212;&#8212;&#8212;&#8212;&#8212;&#8212;&#8212;&#8212;&#8212;&#8212;&#8212;&#8212;&#8212;&#8212;&#8212;&#8212;-<\/p>\n<p><span style=\"font-weight:bold;color:#2247ae\">Bitte beachten Sie auch die Tanzangebote der Landesarbeitsgemeinschaft Tanz Schleswig-Holstein e.V. unter<\/span><\/p>\n<p><a href=\"https:\/\/erlebnis-tanz.org\/sw\/aktuelles-aus-dem-landesverband\/\">www.lag-tanz-sh.de<\/a><\/p>\n<\/div>\n<\/div>\n<\/div>","protected":false},"excerpt":{"rendered":"<p>Auch im Jahr 2026 bieten wir wieder 2 Seminare an. F\u00fcr 2026 haben wir wieder ein interessantes Seminarangebot f\u00fcr Sie\/Euch zusammengestellt. Neben dem Erlernen neuer T\u00e4nze sind Seminare nat\u00fcrlich immer &hellip;<\/p>\n","protected":false},"author":1,"featured_media":0,"parent":0,"menu_order":0,"comment_status":"closed","ping_status":"closed","template":"fullwidth.php","meta":{"footnotes":""},"class_list":["post-42","page","type-page","status-publish","hentry"],"_links":{"self":[{"href":"https:\/\/erlebnis-tanz.org\/sw\/wp-json\/wp\/v2\/pages\/42","targetHints":{"allow":["GET"]}}],"collection":[{"href":"https:\/\/erlebnis-tanz.org\/sw\/wp-json\/wp\/v2\/pages"}],"about":[{"href":"https:\/\/erlebnis-tanz.org\/sw\/wp-json\/wp\/v2\/types\/page"}],"author":[{"embeddable":true,"href":"https:\/\/erlebnis-tanz.org\/sw\/wp-json\/wp\/v2\/users\/1"}],"replies":[{"embeddable":true,"href":"https:\/\/erlebnis-tanz.org\/sw\/wp-json\/wp\/v2\/comments?post=42"}],"version-history":[{"count":76,"href":"https:\/\/erlebnis-tanz.org\/sw\/wp-json\/wp\/v2\/pages\/42\/revisions"}],"predecessor-version":[{"id":841,"href":"https:\/\/erlebnis-tanz.org\/sw\/wp-json\/wp\/v2\/pages\/42\/revisions\/841"}],"wp:attachment":[{"href":"https:\/\/erlebnis-tanz.org\/sw\/wp-json\/wp\/v2\/media?parent=42"}],"curies":[{"name":"wp","href":"https:\/\/api.w.org\/{rel}","templated":true}]}}