{"id":62,"date":"2021-04-07T11:21:59","date_gmt":"2021-04-07T09:21:59","guid":{"rendered":"https:\/\/erlebnis-tanz.org\/sw\/?page_id=62"},"modified":"2025-01-30T19:06:25","modified_gmt":"2025-01-30T18:06:25","slug":"fortbildungen","status":"publish","type":"page","link":"https:\/\/erlebnis-tanz.org\/sw\/fortbildungen\/","title":{"rendered":"Fortbildungen"},"content":{"rendered":"<div class=\"pbs-main-wrapper\"><p><strong>Fortbildungslehrg\u00e4nge <\/strong>finden in SH zur Zeit nicht statt. \u00dcber die aktuellen Lehrgangsangebote k\u00f6nnen<br \/>\nsich Interessierte auf der Homepage des BVST informieren oder sich an Vorstandsmitglied und Ausbildungsreferentin<br \/>\nMonika Weber     unter <strong>weber-refbvst@erlebnis-tanz.de<\/strong> wenden.<\/p>\n<div data-ce-tag=\"spacer\"><\/div>\n<div data-ce-tag=\"spacer\"><\/div>\n<div data-ce-tag=\"spacer\"><\/div>\n<div data-ce-tag=\"spacer\"><\/div>\n<div data-ce-tag=\"spacer\"><\/div>\n<div data-ce-tag=\"spacer\"><\/div>\n<\/div>","protected":false},"excerpt":{"rendered":"<p>Fortbildungslehrg\u00e4nge finden in SH zur Zeit nicht statt. \u00dcber die aktuellen Lehrgangsangebote k\u00f6nnen sich Interessierte auf der Homepage des BVST informieren oder sich an Vorstandsmitglied und Ausbildungsreferentin Monika Weber unter &hellip;<\/p>\n","protected":false},"author":1,"featured_media":0,"parent":0,"menu_order":0,"comment_status":"closed","ping_status":"closed","template":"fullwidth.php","meta":{"footnotes":""},"class_list":["post-62","page","type-page","status-publish","hentry"],"_links":{"self":[{"href":"https:\/\/erlebnis-tanz.org\/sw\/wp-json\/wp\/v2\/pages\/62","targetHints":{"allow":["GET"]}}],"collection":[{"href":"https:\/\/erlebnis-tanz.org\/sw\/wp-json\/wp\/v2\/pages"}],"about":[{"href":"https:\/\/erlebnis-tanz.org\/sw\/wp-json\/wp\/v2\/types\/page"}],"author":[{"embeddable":true,"href":"https:\/\/erlebnis-tanz.org\/sw\/wp-json\/wp\/v2\/users\/1"}],"replies":[{"embeddable":true,"href":"https:\/\/erlebnis-tanz.org\/sw\/wp-json\/wp\/v2\/comments?post=62"}],"version-history":[{"count":6,"href":"https:\/\/erlebnis-tanz.org\/sw\/wp-json\/wp\/v2\/pages\/62\/revisions"}],"predecessor-version":[{"id":700,"href":"https:\/\/erlebnis-tanz.org\/sw\/wp-json\/wp\/v2\/pages\/62\/revisions\/700"}],"wp:attachment":[{"href":"https:\/\/erlebnis-tanz.org\/sw\/wp-json\/wp\/v2\/media?parent=62"}],"curies":[{"name":"wp","href":"https:\/\/api.w.org\/{rel}","templated":true}]}}