{"id":94,"date":"2021-04-08T10:26:15","date_gmt":"2021-04-08T08:26:15","guid":{"rendered":"https:\/\/erlebnis-tanz.org\/th\/?page_id=94"},"modified":"2021-04-08T13:23:48","modified_gmt":"2021-04-08T11:23:48","slug":"veranstaltungsnachlese","status":"publish","type":"page","link":"https:\/\/erlebnis-tanz.org\/th\/veranstaltungsnachlese\/","title":{"rendered":"Veranstaltungsnachlese"},"content":{"rendered":"<div class=\"pbs-main-wrapper\"><h4 style=\"margin-top: 0px;\"> Th\u00fcringen Ausstellung 24.2. \u2013 4.3.18 Messe Erfurt <\/h4>\n<p>Am 26.2.2018 fand im Rahmen der Th\u00fcringenausstellung in der Messehalle Erfurt der Seniorentag statt. Dort stellte sich erstmalig der Seniorentanz vor.<\/p>\n<p><img decoding=\"async\" alt src=\"https:\/\/erlebnis-tanz.org\/th\/wp-content\/uploads\/sites\/17\/2021\/03\/02_P1130070.jpg\" style=\"height: 300px;\"><\/p>\n<p style=\"margin-top: -21px;\">Der Standort war gut gew\u00e4hlt, so dass viele Messeg\u00e4ste aufmerksam gemacht wurden. An unserem Stand wurden etliche Informationen \u00fcber den Bundesverband Seniorentanz durch fachkundige Tanzleiter weitergegeben. So konnten Besucher z.B. erfragen, wo sie im eigenen Wohnort oder Kreis eine Gruppe finden k\u00f6nnen und wie bzw. wann eine Ausbildung zum Seniorentanzleiter stattfindet. Viele Nachfragen zeigten uns, dass ein gro\u00dfes Interesse an unserem Erlebnistanz besteht.<\/p>\n<p><img decoding=\"async\" alt src=\"https:\/\/erlebnis-tanz.org\/th\/wp-content\/uploads\/sites\/17\/2021\/03\/02_P1130088.jpg\" style=\"height: 300px;\"><\/p>\n<p><img decoding=\"async\" alt src=\"https:\/\/erlebnis-tanz.org\/th\/wp-content\/uploads\/sites\/17\/2021\/03\/03_P1130094.jpg\" style=\"height: 300px;\"><\/p>\n<p style=\"margin-top: -24px;\">Wer gerade nicht am Stand im Gespr\u00e4ch war, konnte zuschauen und mittanzen. Es wurden Kreis-, Paar- und auch Blockt\u00e4nze gezeigt und selbst das Tanzen im Sitzen konnte bestaunt werden.<\/p>\n<p><img decoding=\"async\" alt src=\"https:\/\/erlebnis-tanz.org\/th\/wp-content\/uploads\/sites\/17\/2021\/03\/01_DSC_0138.jpg\" style=\"height: 300px;\"><\/p>\n<p><img decoding=\"async\" alt src=\"https:\/\/erlebnis-tanz.org\/th\/wp-content\/uploads\/sites\/17\/2021\/03\/03_DSC_0145.jpg\" style=\"height: 300px;\"><\/p>\n<p style=\"margin-top: -23px;\">Vielen wurde klar, dass gerade diesem Sport eine herausragende Bedeutung zugemessen werden muss, da er sowohl dem K\u00f6rper als auch dem Geist und nicht zu vergessen der Seele zutr\u00e4glich ist.<\/p>\n<p><img decoding=\"async\" alt src=\"https:\/\/erlebnis-tanz.org\/th\/wp-content\/uploads\/sites\/17\/2021\/03\/04_P1130078.jpg\" style=\"height: 300px;\"><\/p>\n<p style=\"margin-top: -24px;\">Das gesellige miteinander Tanzen, bei dem es \u00fcberhaupt nicht erforderlich ist einen Partner mitzubringen, die vielen unterschiedlichen Tanzarten und den Spa\u00df beim Erlernen neuer T\u00e4nze m\u00f6chten unsere T\u00e4nzer\/ innen nicht mehr missen.<\/p>\n<p><img decoding=\"async\" alt src=\"https:\/\/erlebnis-tanz.org\/th\/wp-content\/uploads\/sites\/17\/2021\/03\/04_P1130098.jpg\" style=\"height: 300px;\"><\/p>\n<p style=\"margin-top: -19px;\">Im Ganzen war es ein gelungener Tag und wir freuen uns auf neue Mitt\u00e4nzer!<\/p>\n<p> Gudrun Naumann<\/p>\n<h4 style=\"margin-top: 40px;\"> Eisenach <\/h4>\n<p>Dieses Jahr ist voller Jubil\u00e4en. Sieht man mal von dem spektakul\u00e4rsten \u2013 dem 500. Jahrestag der Reformation ab, so feierten wir in Eisenach z.B. den 117. Deutschen Wandertag und auch der Seniorentanz in Deutschland begeht seinen 40-sten Geburtstag.<\/p>\n<p>In unserer Stadt hat der Seniorentanz auch schon eine drei\u00dfigj\u00e4hrige Tradition.<\/p>\n<p>Am 08.08.2017 feierten die T\u00e4nzerinnen aus Eisenach gemeinsam mit ihren G\u00e4sten, der Seniorentanzgruppe aus Ruhla.<\/p>\n<p>An einer reichgedeckten Kaffeetafel lauschten alle einem Bericht \u00fcber die geschichtliche Entwicklung des Seniorentanzes.<\/p>\n<p>Gut gest\u00e4rkt und trotz gro\u00dfer Hitze tanzten wir 90 Minuten im Foyer der Werner-A\u00dfmann-Halle unter der Leitung von Gudrun Naumann und Ingeborg Br\u00fcckner. Alle fanden, dass es ein gelungener Nachmittag war. Das Foto danach zeigt es wohl deutlich.<\/p>\n<p>Gudrun Naumann<\/p>\n<p><img decoding=\"async\" alt src=\"https:\/\/erlebnis-tanz.org\/th\/wp-content\/uploads\/sites\/17\/2021\/04\/Foto-Eisenach.png\" style=\"height: 300px;\"><\/p>\n<h4 style=\"margin-top: 40px;\"> Landesgartenschau Apolda 2017 <\/h4>\n<p>Auch beim zweiten Tanztag im Juli auf der Landesgartenschau in Apolda regnete es. Aber alle, die bei sch\u00f6nem Wetter zugesagt hatten und auch aus S\u00fcdth\u00fcringen Angereiste, waren gut ausger\u00fcstet erschienen und zeigten eindrucksvoll, dass man nicht nur bei sch\u00f6nem Wetter tanzen kann.<\/p>\n<p><img decoding=\"async\" alt src=\"https:\/\/erlebnis-tanz.org\/th\/wp-content\/uploads\/sites\/17\/2021\/03\/Apolda-2a.jpg\" style=\"height: 300px;\"><\/p>\n<p><img decoding=\"async\" alt src=\"https:\/\/erlebnis-tanz.org\/th\/wp-content\/uploads\/sites\/17\/2021\/03\/Apolda-1a.jpg\" style=\"height: 300px;\"><\/p>\n<p style=\"margin-top: -20px;\">Bei sch\u00f6nem Wetter ging\u2019s nat\u00fcrlich auch:<\/p>\n<p><img decoding=\"async\" alt src=\"https:\/\/erlebnis-tanz.org\/th\/wp-content\/uploads\/sites\/17\/2021\/03\/LGS-9-17-2-klein.jpg\" style=\"height: 300px;\"><\/p>\n<p><img decoding=\"async\" alt src=\"https:\/\/erlebnis-tanz.org\/th\/wp-content\/uploads\/sites\/17\/2021\/03\/LGS-9-17-3-klein.jpg\" style=\"height: 300px;\"><\/p>\n<p><img decoding=\"async\" alt src=\"https:\/\/erlebnis-tanz.org\/th\/wp-content\/uploads\/sites\/17\/2021\/03\/LGS-9-17-klein.jpg\" style=\"height: 300px;\"><\/p>\n<p style=\"margin-top: -14px;\">Diese Skulptur wurde extra f\u00fcr uns angefertigt?<\/p>\n<p><img decoding=\"async\" alt src=\"https:\/\/erlebnis-tanz.org\/th\/wp-content\/uploads\/sites\/17\/2021\/03\/Apolda-Skulptur-klein.jpg\" style=\"height: 300px;\"><\/p>\n<h4 style=\"margin-top: 40px;\"> Tanzfest in einer Kirche?! Geht so etwas? Ja, so etwas ist m\u00f6glich! <\/h4>\n<p style=\"margin-top: 24px;\"><img decoding=\"async\" alt src=\"https:\/\/erlebnis-tanz.org\/th\/wp-content\/uploads\/sites\/17\/2021\/03\/TanzfestErika2016-10a.jpg\" style=\"height: 300px;\"><\/p>\n<p style=\"margin-top: -21px;\">Dieses Tanzfest wurde am 2.10.16 in der Lutherkirche zu Erfurt gefeiert. An einem Wochenende, wo in vielen St\u00e4dten und Gemeinden Erntedank gefeiert wurde. So sollte auch dieser Tag ein Dankesfest werden f\u00fcr Frau Erika Rittmeister.<\/p>\n<p><img decoding=\"async\" alt src=\"https:\/\/erlebnis-tanz.org\/th\/wp-content\/uploads\/sites\/17\/2021\/03\/TanzfestErika2016-11.JPG\" style=\"height: 300px;\"><\/p>\n<p style=\"margin-top: -22px;\">Seit 20 Jahren tanzt sie mit 2 Gruppen in der Martini-Luther-Gemeinde voll Begeisterung. Und man merkt es ihr an, dass das Tanzen ihr Leben bereichert in guten wie in schlechten Tagen.<\/p>\n<p><img decoding=\"async\" alt src=\"https:\/\/erlebnis-tanz.org\/th\/wp-content\/uploads\/sites\/17\/2021\/03\/K1600_DSC_8958A_852_57f155e5d475-klein.jpg\" style=\"height: 300px;\"><\/p>\n<p style=\"margin-top: -20px;\">(Foto: B. Zeller)<\/p>\n<p>Am Anfang des Festes stand ein Dankgottesdienst. Pfarrer Zeller von der Martini-Luther-Gemeinde sprach in seiner Predigt: \u201c \u2026es gab einmal eine Zeit, da war die Kirche eher nicht so gut auf das Tanzen zu sprechen. Tanzvergn\u00fcgen und Kartenspiel galten als lasterhaft und standen in dem Ruf, die Christenmenschen vom rechten Leben abzubringen und auf die schiefe Bahn hin\u00fcberzuziehen. Dieser Meinung ist die Kirche heute Gott sei Dank nicht mehr. Im Gegenteil: in verschiedenen Zusammenh\u00e4ngen wird entdeckt, dass im Tanz zusammen gehalten wird, was nur zu leicht auseinander f\u00e4llt: K\u00f6rper, Geist und Seele. Weshalb schon der Kirchenvater Augustin (um 400 n. Chr.) sich zu dem Ausruf hinrei\u00dfen lie\u00df: \u201eO Mensch lerne tanzen \u2013 sonst wissen die Engel im Himmel mit dir nichts anzufangen!\u201c<\/p>\n<p><img decoding=\"async\" alt src=\"https:\/\/erlebnis-tanz.org\/th\/wp-content\/uploads\/sites\/17\/2021\/03\/TanzfestErika2016-19.JPG\" style=\"height: 300px;\"><\/p>\n<p style=\"margin-top: -21px;\">So konnten wir getrost in froher Laune anschlie\u00dfend dieses \u201eDankefest\u201c feiern. Dazu wurde die Lutherkirche zur H\u00e4lfte von den B\u00e4nken ber\u00e4umt; und auch der Altarraum lud zum Tanzen ein.<\/p>\n<p><img decoding=\"async\" alt src=\"https:\/\/erlebnis-tanz.org\/th\/wp-content\/uploads\/sites\/17\/2021\/03\/TanzfestErika2016-21.JPG\" style=\"height: 300px;\"><\/p>\n<p style=\"margin-top: -23px;\">Zu bekannten Melodien bewegten sich anschlie\u00dfend \u00fcber 120 T\u00e4nzerinnen und T\u00e4nzer und auch Gemeindemitglieder zu den verschiedenen T\u00e4nzen. Linde Kipper, vom AK Erfurt, f\u00fchrte gekonnt mit ihrer Moderation durch das Programm. Tanzansagen kamen von einigen Tanzleiterinnen, so dass Erika Rittmeister ohne Sorge feiern konnte.<\/p>\n<p><img decoding=\"async\" alt src=\"https:\/\/erlebnis-tanz.org\/th\/wp-content\/uploads\/sites\/17\/2021\/03\/TanzfestErika2016-56.jpg\" style=\"height: 300px;\"><\/p>\n<p style=\"margin-top: -21px;\">Gratulationen gab es vom Landesverband, vertreten durch die stellvertretende Landesvorsitzende Susanne Schmidt. Die AK-Leiterin Martina Lippold, aus Erfurt, bedankte sich f\u00fcr die Unterst\u00fctzung von Erika Rittmeister im AK. Auch ihre Gruppen brachten ein Gru\u00dfwort und einen gro\u00dfen Strau\u00df mit 20 Rosen mit. Anni M\u00e4gdefessel fand die richtigen Worte dazu.<br \/> Am Schluss des Festes bedankte sie sich f\u00fcr das Fest, f\u00fcr die Vorbereitung, Anteilnahme und f\u00fcr das Mitfeiern. Jeder und jede f\u00fchlte sich bei ihren Worten angesprochen und angenommen.<\/p>\n<p><img decoding=\"async\" alt src=\"https:\/\/erlebnis-tanz.org\/th\/wp-content\/uploads\/sites\/17\/2021\/03\/TanzfestErika2016-57.jpg\" style=\"height: 300px;\"><\/p>\n<p style=\"margin-top: -21px;\">Leider wird Erika Rittmeister mit Ende des Jahres ihr Amt niederlegen. Aber sie hat \u201evorgesorgt\u201c: Linde Kipper wird ihre zwei Tanzgruppen \u00fcbernehmen und Erika \u201edarf\u201c&nbsp; mittanzen!<br \/> So ging ein wundersch\u00f6nes Tanzfest zu Ende. Danke f\u00fcr die 20 Jahre, danke f\u00fcr die Saat, die ausges\u00e4t wurde und weiterhin Fr\u00fcchte tragen darf.<\/p>\n<p>Martina Lippold<\/p>\n<p> (alle anderen Fotos von Rainer Franke-Polz)<\/p>\n<div data-ce-tag=\"spacer\"><\/div>\n<div data-ce-tag=\"spacer\"><\/div>\n<\/div>","protected":false},"excerpt":{"rendered":"<p>Th\u00fcringen Ausstellung 24.2. \u2013 4.3.18 Messe Erfurt Am 26.2.2018 fand im Rahmen der Th\u00fcringenausstellung in der Messehalle Erfurt der Seniorentag statt. Dort stellte sich erstmalig der Seniorentanz vor. Der Standort &hellip;<\/p>\n","protected":false},"author":1,"featured_media":0,"parent":0,"menu_order":0,"comment_status":"closed","ping_status":"closed","template":"fullwidth.php","meta":{"footnotes":""},"class_list":["post-94","page","type-page","status-publish","hentry"],"_links":{"self":[{"href":"https:\/\/erlebnis-tanz.org\/th\/wp-json\/wp\/v2\/pages\/94","targetHints":{"allow":["GET"]}}],"collection":[{"href":"https:\/\/erlebnis-tanz.org\/th\/wp-json\/wp\/v2\/pages"}],"about":[{"href":"https:\/\/erlebnis-tanz.org\/th\/wp-json\/wp\/v2\/types\/page"}],"author":[{"embeddable":true,"href":"https:\/\/erlebnis-tanz.org\/th\/wp-json\/wp\/v2\/users\/1"}],"replies":[{"embeddable":true,"href":"https:\/\/erlebnis-tanz.org\/th\/wp-json\/wp\/v2\/comments?post=94"}],"version-history":[{"count":3,"href":"https:\/\/erlebnis-tanz.org\/th\/wp-json\/wp\/v2\/pages\/94\/revisions"}],"predecessor-version":[{"id":155,"href":"https:\/\/erlebnis-tanz.org\/th\/wp-json\/wp\/v2\/pages\/94\/revisions\/155"}],"wp:attachment":[{"href":"https:\/\/erlebnis-tanz.org\/th\/wp-json\/wp\/v2\/media?parent=94"}],"curies":[{"name":"wp","href":"https:\/\/api.w.org\/{rel}","templated":true}]}}